{"id":148537,"date":"2023-01-10T23:58:13","date_gmt":"2023-01-10T22:58:13","guid":{"rendered":"https:\/\/motorworld.de\/grupo\/"},"modified":"2026-05-13T13:45:10","modified_gmt":"2026-05-13T11:45:10","slug":"grupo","status":"publish","type":"page","link":"https:\/\/motorworld.de\/es\/grupo\/","title":{"rendered":"Grupo"},"content":{"rendered":"\t\t<div data-elementor-type=\"wp-page\" data-elementor-id=\"148537\" class=\"elementor elementor-148537 elementor-83718\" data-elementor-post-type=\"page\">\n\t\t\t\t<div class=\"elementor-element elementor-element-cc85fc1 e-flex e-con-boxed e-con e-parent\" data-id=\"cc85fc1\" data-element_type=\"container\" data-e-type=\"container\" data-settings=\"{&quot;background_background&quot;:&quot;classic&quot;}\">\n\t\t\t\t\t<div class=\"e-con-inner\">\n\t\t\t\t<div class=\"elementor-element elementor-element-2a28f987 elementor-widget elementor-widget-wp-widget-bcn_widget\" data-id=\"2a28f987\" data-element_type=\"widget\" data-e-type=\"widget\" data-widget_type=\"wp-widget-bcn_widget.default\">\n\t\t\t\t<div class=\"elementor-widget-container\">\n\t\t\t\t\t<div class=\"breadcrumbs\" vocab=\"https:\/\/schema.org\/\" typeof=\"BreadcrumbList\"><span property=\"itemListElement\" typeof=\"ListItem\"><a property=\"item\" typeof=\"WebPage\" title=\"Go to Motorworld Eventlocations.\" href=\"https:\/\/motorworld.de\/\" class=\"home\" aria-current=\"page\"><span property=\"name\">Home<\/span><\/a><meta property=\"position\" content=\"1\"><\/span><\/div>\t\t\t\t<\/div>\n\t\t\t\t<\/div>\n\t\t\t\t\t<\/div>\n\t\t\t\t<\/div>\n\t\t<div class=\"elementor-element elementor-element-97f57ec e-flex e-con-boxed e-con e-parent\" data-id=\"97f57ec\" data-element_type=\"container\" data-e-type=\"container\" data-settings=\"{&quot;background_background&quot;:&quot;classic&quot;}\">\n\t\t\t\t\t<div class=\"e-con-inner\">\n\t\t\t\t<div class=\"elementor-element elementor-element-9d6f53c elementor-widget elementor-widget-video\" data-id=\"9d6f53c\" data-element_type=\"widget\" data-e-type=\"widget\" data-settings=\"{&quot;show_image_overlay&quot;:&quot;yes&quot;,&quot;image_overlay&quot;:{&quot;url&quot;:&quot;https:\\\/\\\/motorworld.de\\\/wp-content\\\/uploads\\\/2026\\\/05\\\/DSC05706-kombi-news.3-landingpage-es.jpg.jpeg&quot;,&quot;id&quot;:83842,&quot;size&quot;:&quot;&quot;,&quot;alt&quot;:&quot;&quot;,&quot;source&quot;:&quot;library&quot;},&quot;video_type&quot;:&quot;hosted&quot;,&quot;controls&quot;:&quot;yes&quot;}\" data-widget_type=\"video.default\">\n\t\t\t\t<div class=\"elementor-widget-container\">\n\t\t\t\t\t\t\t<div class=\"e-hosted-video elementor-wrapper elementor-open-inline\">\n\t\t\t\t\t<video class=\"elementor-video\" src=\"https:\/\/motorworld.de\/wp-content\/uploads\/2026\/05\/mw_group_spanish_movie.mp4\" controls=\"\" preload=\"metadata\" controlsList=\"nodownload\"><\/video>\n\t\t\t\t\t\t<div class=\"elementor-custom-embed-image-overlay\" style=\"background-image: url(https:\/\/motorworld.de\/wp-content\/uploads\/2026\/05\/DSC05706-kombi-news.3-landingpage-es.jpg.jpeg);\">\n\t\t\t\t\t\t\t\t\t\t\t\t\t\t<\/div>\n\t\t\t\t\t<\/div>\n\t\t\t\t\t\t<\/div>\n\t\t\t\t<\/div>\n\t\t\t\t\t<\/div>\n\t\t\t\t<\/div>\n\t\t<div class=\"elementor-element elementor-element-535433a2 e-flex e-con-boxed e-con e-parent\" data-id=\"535433a2\" data-element_type=\"container\" data-e-type=\"container\" data-settings=\"{&quot;background_background&quot;:&quot;classic&quot;}\">\n\t\t\t\t\t<div class=\"e-con-inner\">\n\t\t<div class=\"elementor-element elementor-element-4f6b884 e-con-full e-flex e-con e-child\" data-id=\"4f6b884\" data-element_type=\"container\" data-e-type=\"container\">\n\t\t<div class=\"elementor-element elementor-element-266601fe e-con-full e-flex e-con e-child\" data-id=\"266601fe\" data-element_type=\"container\" data-e-type=\"container\">\n\t\t<div class=\"elementor-element elementor-element-4d747b1a e-con-full e-flex e-con e-child\" data-id=\"4d747b1a\" data-element_type=\"container\" data-e-type=\"container\">\n\t\t\t\t<div class=\"elementor-element elementor-element-582a9c9a elementor-widget elementor-widget-heading\" data-id=\"582a9c9a\" data-element_type=\"widget\" data-e-type=\"widget\" data-widget_type=\"heading.default\">\n\t\t\t\t<div class=\"elementor-widget-container\">\n\t\t\t\t\t<h2 class=\"elementor-heading-title elementor-size-default\"><span style=\"font-weight:700\">Motorworld Group<\/span><br \/>Espacio para la pasi\u00f3n m\u00f3vil<\/h2>\t\t\t\t<\/div>\n\t\t\t\t<\/div>\n\t\t\t\t<div class=\"elementor-element elementor-element-69aee4c7 elementor-widget elementor-widget-text-editor\" data-id=\"69aee4c7\" data-element_type=\"widget\" data-e-type=\"widget\" data-widget_type=\"text-editor.default\">\n\t\t\t\t<div class=\"elementor-widget-container\">\n\t\t\t\t\t\t\t\t\t<p><strong>Pasi\u00f3n, red, conocimientos y experiencia<\/strong><\/p><p>Todo un mundo de pasi\u00f3n m\u00f3vil: esto es lo que representa la marca Motorworld y todos los lugares y proyectos que realizamos junto con nuestros socios comerciales: inversores inmobiliarios, concesionarios, hoteleros, restauradores, especialistas en ocio y organizadores de eventos y ferias.<\/p><p>Motorworld aporta mucho como base de cada una de estas actividades: pasi\u00f3n por los coches, una red ampliamente ramificada en la escena y profundos conocimientos especializados, por un lado, junto con a\u00f1os de experiencia y un alto nivel de pericia en el desarrollo de proyectos, por otro.<\/p><p><strong>C\u00f3mo empez\u00f3 todo<\/strong><\/p><p>La idea de Motorworld comenz\u00f3 hace varios a\u00f1os en el emplazamiento del antiguo aeropuerto estatal de Wurtemberg en B\u00f6blingen\/Sindelfingen. El centro de coches cl\u00e1sicos y movilidad abri\u00f3 sus puertas en 2009 y desde entonces el recinto se ha ampliado varias veces, desatando una pasi\u00f3n por la movilidad que va mucho m\u00e1s all\u00e1. <\/p><p><strong>Expansi\u00f3n din\u00e1mica<\/strong><\/p><p>La idea y el concepto ya han experimentado una expansi\u00f3n exitosa y muy din\u00e1mica. Basado en el mismo concepto que Motorworld Region Stuttgart, Motorworld K\u00f6ln-Rheinland abri\u00f3 sus puertas en 2018 y Motorworld M\u00fcnchen en 2021. Motorworld Zeche Ewald &#8211; Ruhr (Herten) y Motorworld Luxemburgo est\u00e1n actualmente en construcci\u00f3n. Motorworld Mallorca tambi\u00e9n abrir\u00e1 sus puertas en breve.   <br><span style=\"color: var( --e-global-color-text ); font-family: var( --e-global-typography-text-font-family ), Sans-serif; font-size: var( --e-global-typography-text-font-size ); font-style: var( --e-global-typography-text-font-style ); font-weight: var( --e-global-typography-text-font-weight ); letter-spacing: var( --e-global-typography-text-letter-spacing ); text-transform: var( --e-global-typography-text-text-transform ); text-align: var(--text-align); background-color: var( --e-global-color-1f147be );\">La idea de Motorworld tambi\u00e9n sale de gira con regularidad, por ejemplo con la IAA Heritage by Motorworld como parte de la IAA Mobility, en eventos esc\u00e9nicos como la Motorworld Oldtimertage F\u00fcrstenfeld (cerca de M\u00fanich) y en muchos otros formatos.<\/span><\/p><p><strong>Desarrollo y gesti\u00f3n de proyectos receta para el \u00e9xito<\/strong><\/p><p>Las sedes de Motorworld representan la fascinaci\u00f3n automovil\u00edstica en todas sus facetas. Son atractores de multitudes con un atractivo suprarregional. Esa es la parte visible de la receta del \u00e9xito. Sin embargo, la profesionalidad y la experiencia en el desarrollo y la gesti\u00f3n de estas propiedades especializadas no son menos importantes. Esta es la competencia central de MOTORWORLD Consulting GmbH &#038; Co KG.    <\/p><p><strong>Renovar, ampliar y mantener los lugares hist\u00f3ricos<\/strong><\/p><p>Ubicados en edificios hist\u00f3ricos, en su mayor\u00eda catalogados, se requiere una pericia especial para renovar estos emplazamientos, adaptar nuevos edificios atractivos en consonancia con el estilo y mantener cuidadosamente estos conjuntos de nueva creaci\u00f3n.<\/p><p><strong>La combinaci\u00f3n adecuada de espacio e inquilinos<\/strong><\/p><p>La combinaci\u00f3n adecuada de funcionalidades tambi\u00e9n es importante: espacios de exposici\u00f3n y venta al por menor, oficinas, salas de conferencias y eventos, talleres y cajas de cristal, hoteles y restaurantes. La rentabilidad a largo plazo de una propiedad especial empieza aqu\u00ed. <\/p><p><strong>Gesti\u00f3n competente del centro in situ<\/strong><\/p><p>La variedad de funcionalidades conlleva una variedad de requisitos en la gesti\u00f3n diaria de cada centro. Esto requiere un alto nivel de conocimientos in situ, pero tambi\u00e9n una red a trav\u00e9s de la cual los responsables de los centros puedan intercambiar informaci\u00f3n y aprovechar las sinergias. <\/p>\t\t\t\t\t\t\t\t<\/div>\n\t\t\t\t<\/div>\n\t\t\t\t<div class=\"elementor-element elementor-element-a19551b elementor-widget__width-inherit elementor-widget elementor-widget-toggle\" data-id=\"a19551b\" data-element_type=\"widget\" data-e-type=\"widget\" data-widget_type=\"toggle.default\">\n\t\t\t\t<div class=\"elementor-widget-container\">\n\t\t\t\t\t\t\t<div class=\"elementor-toggle\">\n\t\t\t\t\t\t\t<div class=\"elementor-toggle-item\">\n\t\t\t\t\t<div id=\"elementor-tab-title-1691\" class=\"elementor-tab-title\" data-tab=\"1\" role=\"button\" aria-controls=\"elementor-tab-content-1691\" aria-expanded=\"false\">\n\t\t\t\t\t\t\t\t\t\t\t\t<span class=\"elementor-toggle-icon elementor-toggle-icon-left\" aria-hidden=\"true\">\n\t\t\t\t\t\t\t\t\t\t\t\t\t\t\t<span class=\"elementor-toggle-icon-closed\"><svg class=\"e-font-icon-svg e-fas-caret-right\" viewBox=\"0 0 192 512\" xmlns=\"http:\/\/www.w3.org\/2000\/svg\"><path d=\"M0 384.662V127.338c0-17.818 21.543-26.741 34.142-14.142l128.662 128.662c7.81 7.81 7.81 20.474 0 28.284L34.142 398.804C21.543 411.404 0 402.48 0 384.662z\"><\/path><\/svg><\/span>\n\t\t\t\t\t\t\t\t<span class=\"elementor-toggle-icon-opened\"><svg class=\"elementor-toggle-icon-opened e-font-icon-svg e-fas-caret-up\" viewBox=\"0 0 320 512\" xmlns=\"http:\/\/www.w3.org\/2000\/svg\"><path d=\"M288.662 352H31.338c-17.818 0-26.741-21.543-14.142-34.142l128.662-128.662c7.81-7.81 20.474-7.81 28.284 0l128.662 128.662c12.6 12.599 3.676 34.142-14.142 34.142z\"><\/path><\/svg><\/span>\n\t\t\t\t\t\t\t\t\t\t\t\t\t<\/span>\n\t\t\t\t\t\t\t\t\t\t\t\t<a class=\"elementor-toggle-title\" tabindex=\"0\">Unidades estrat\u00e9gicas<\/a>\n\t\t\t\t\t<\/div>\n\n\t\t\t\t\t<div id=\"elementor-tab-content-1691\" class=\"elementor-tab-content elementor-clearfix\" data-tab=\"1\" role=\"region\" aria-labelledby=\"elementor-tab-title-1691\"><p>Una fuerte alianza: el Grupo Motorworld re\u00fane todos los proyectos y actividades que siguen el n\u00facleo, los valores y la visi\u00f3n de la marca Motorworld. Est\u00e1n dirigidos por dos unidades estrat\u00e9gicas y gestionados operativamente por empresas individuales de inversi\u00f3n\/proyectos. <\/p>\n<p><strong>Consultas sobre la marca Motorworld<\/strong><br \/>Hans Hofstetter<br \/>Tel\u00e9fono: <a href=\"tel:+41712278484\">+41 71 227 84 84<\/a><br \/>Correo electr\u00f3nico: <a href=\"mailto:hofstetter@motorworld.ch\">hofstetter@motorworld.ch<\/a><\/p>\n<p><strong>Consultas sobre el Bolet\u00edn Motorworld<\/strong><br \/>Sybille Bayer<br \/>Tel\u00e9fono: <a href=\"tel:+497356933215\">+49 7356 933 215<\/a><br \/>Correo electr\u00f3nico: <a href=\"mailto:bayer@motorworld.de\">bayer@motorworld.de<\/a><br \/><a href=\"https:\/\/www.motorworld-bulletin.de\" target=\"_blank\" rel=\"noopener\">www.motorworld-bulletin.de<\/a><\/p>\n<p><strong>MOTORWORLD Consulting GmbH &#038; Co. KG<\/strong><br \/>En esta empresa se exploran nuevas ubicaciones y proyectos, se comprueba su viabilidad y se les presta apoyo en calidad de asesores durante su realizaci\u00f3n. Otras tareas incluyen el aseguramiento de la calidad, la supervisi\u00f3n de la gesti\u00f3n congruente de la marca y todas las funciones interdivisionales como estrategia, marketing, relaciones p\u00fablicas y relaciones p\u00fablicas. <\/p>\n<p>MOTORWORLD Consulting GmbH &#038; Co. KG<br \/>Ferdinand-D\u00fcnkel-Stra\u00dfe 5<br \/>88433 Schemmerhofen<br \/>Tel\u00e9fono: <a href=\"tel:+497356933113\">+49 7356 933 113<\/a><br \/>Correo electr\u00f3nico: <a href=\"mailto:info@motorworld-consulting.de\">info@motorworld-consulting.de<\/a><\/p>\n<\/div>\n\t\t\t\t<\/div>\n\t\t\t\t\t\t\t<div class=\"elementor-toggle-item\">\n\t\t\t\t\t<div id=\"elementor-tab-title-1692\" class=\"elementor-tab-title\" data-tab=\"2\" role=\"button\" aria-controls=\"elementor-tab-content-1692\" aria-expanded=\"false\">\n\t\t\t\t\t\t\t\t\t\t\t\t<span class=\"elementor-toggle-icon elementor-toggle-icon-left\" aria-hidden=\"true\">\n\t\t\t\t\t\t\t\t\t\t\t\t\t\t\t<span class=\"elementor-toggle-icon-closed\"><svg class=\"e-font-icon-svg e-fas-caret-right\" viewBox=\"0 0 192 512\" xmlns=\"http:\/\/www.w3.org\/2000\/svg\"><path d=\"M0 384.662V127.338c0-17.818 21.543-26.741 34.142-14.142l128.662 128.662c7.81 7.81 7.81 20.474 0 28.284L34.142 398.804C21.543 411.404 0 402.48 0 384.662z\"><\/path><\/svg><\/span>\n\t\t\t\t\t\t\t\t<span class=\"elementor-toggle-icon-opened\"><svg class=\"elementor-toggle-icon-opened e-font-icon-svg e-fas-caret-up\" viewBox=\"0 0 320 512\" xmlns=\"http:\/\/www.w3.org\/2000\/svg\"><path d=\"M288.662 352H31.338c-17.818 0-26.741-21.543-14.142-34.142l128.662-128.662c7.81-7.81 20.474-7.81 28.284 0l128.662 128.662c12.6 12.599 3.676 34.142-14.142 34.142z\"><\/path><\/svg><\/span>\n\t\t\t\t\t\t\t\t\t\t\t\t\t<\/span>\n\t\t\t\t\t\t\t\t\t\t\t\t<a class=\"elementor-toggle-title\" tabindex=\"0\">Empresas de inversi\u00f3n\/proyectos<\/a>\n\t\t\t\t\t<\/div>\n\n\t\t\t\t\t<div id=\"elementor-tab-content-1692\" class=\"elementor-tab-content elementor-clearfix\" data-tab=\"2\" role=\"region\" aria-labelledby=\"elementor-tab-title-1692\"><p>La inversi\u00f3n y explotaci\u00f3n de cada uno de los establecimientos de Motorworld, as\u00ed como de proyectos de mayor envergadura, corre a cargo de entidades independientes sujetas al derecho de sociedades, en algunos casos con la participaci\u00f3n de terceros inversores. Todas estas empresas tienen garantizados contractualmente los derechos de uso de la marca Motorworld. En la actualidad son  <\/p>\n<p><strong>D\u00fcnkel Investment GbR, Schemmerhofen<\/strong><br \/>Ferdinand-D\u00fcnkel-Stra\u00dfe 5<br \/>88433 Schemmerhofen<\/p>\n<p><strong>Freimann Besitz GmbH &#038; Co. KG, M\u00fanich<\/strong><br \/>Lilienthalallee 35<br \/>80939 M\u00fanich<\/p>\n<p><strong>Butzweilerhof Nicolaus Otto Park GmbH &#038; Co. KG, Colonia<\/strong><br \/>Butzweilerstrasse 35-39<br \/>50829 Colonia<\/p>\n<p><strong>Zeche Ewald Entwicklungsgesellschaft mbH &#038; Co. KG, Herten<\/strong><br \/>Doncaster Platz 4<br \/>45699 Herten<\/p>\n<p><strong>Insel 1 GmbH &#038; Co. KG<\/strong><br \/>Ferdinand-D\u00fcnkel-Stra\u00dfe 5<br \/>88433 Schemmerhofen<\/p>\n<p><strong>MoWo Messe- und Veranstaltungs GmbH &#038; Co. KG<\/strong><br \/>Ferdinand-D\u00fcnkel-Stra\u00dfe 5<br \/>88433 Schemmerhofen<\/p>\n<\/div>\n\t\t\t\t<\/div>\n\t\t\t\t\t\t\t\t<\/div>\n\t\t\t\t\t\t<\/div>\n\t\t\t\t<\/div>\n\t\t\t\t<div class=\"elementor-element elementor-element-5c5398a elementor-widget__width-inherit elementor-widget-divider--view-line elementor-widget elementor-widget-divider\" data-id=\"5c5398a\" data-element_type=\"widget\" data-e-type=\"widget\" data-widget_type=\"divider.default\">\n\t\t\t\t<div class=\"elementor-widget-container\">\n\t\t\t\t\t\t\t<div class=\"elementor-divider\">\n\t\t\t<span class=\"elementor-divider-separator\">\n\t\t\t\t\t\t<\/span>\n\t\t<\/div>\n\t\t\t\t\t\t<\/div>\n\t\t\t\t<\/div>\n\t\t\t\t<div class=\"elementor-element elementor-element-7007279 elementor-widget elementor-widget-text-editor\" data-id=\"7007279\" data-element_type=\"widget\" data-e-type=\"widget\" data-widget_type=\"text-editor.default\">\n\t\t\t\t<div class=\"elementor-widget-container\">\n\t\t\t\t\t\t\t\t\t<p><strong>GREENENERGYWORLD<\/strong><\/p><p>El cambio clim\u00e1tico es el mayor desaf\u00edo al que se enfrenta la humanidad desde el final de la era glacial y es la tarea que define nuestro tiempo. Las fuentes de energ\u00eda regenerativas para el funcionamiento de los inmuebles son el futuro y una respuesta atractiva a las crecientes exigencias de protecci\u00f3n medioambiental y eficiencia. En MOTORWORLD, la planificaci\u00f3n y la construcci\u00f3n son siempre a largo plazo y orientadas al futuro. La conservaci\u00f3n de los edificios catalogados y de importancia hist\u00f3rica es una parte esencial del concepto de sostenibilidad. Considerando todas las sedes del Grupo, ya se ha superado el objetivo de neutralidad clim\u00e1tica. Obtenga m\u00e1s informaci\u00f3n aqu\u00ed:     <\/p>\t\t\t\t\t\t\t\t<\/div>\n\t\t\t\t<\/div>\n\t\t\t\t<div class=\"elementor-element elementor-element-2749dbf elementor-widget elementor-widget-image\" data-id=\"2749dbf\" data-element_type=\"widget\" data-e-type=\"widget\" data-widget_type=\"image.default\">\n\t\t\t\t<div class=\"elementor-widget-container\">\n\t\t\t\t\t\t\t\t\t\t\t\t\t\t\t\t<a href=\"https:\/\/greenenergyworld.eu\/\" target=\"_blank\" rel=\"noopener\">\n\t\t\t\t\t\t\t<img fetchpriority=\"high\" decoding=\"async\" width=\"700\" height=\"130\" src=\"https:\/\/motorworld.de\/wp-content\/uploads\/2023\/01\/logo-greenenergyworld-mix7.png\" class=\"attachment-large size-large wp-image-83859\" alt=\"El logotipo de Green Energy World con una hoja verde simboliza las soluciones energ\u00e9ticas sostenibles\" srcset=\"https:\/\/motorworld.de\/wp-content\/uploads\/2023\/01\/logo-greenenergyworld-mix7.png 700w, https:\/\/motorworld.de\/wp-content\/uploads\/2023\/01\/logo-greenenergyworld-mix7-300x56.png 300w\" sizes=\"(max-width: 700px) 100vw, 700px\" \/>\t\t\t\t\t\t\t\t<\/a>\n\t\t\t\t\t\t\t\t\t\t\t\t\t\t\t<\/div>\n\t\t\t\t<\/div>\n\t\t\t\t<\/div>\n\t\t<div class=\"elementor-element elementor-element-33268bfd e-con-full e-flex e-con e-child\" data-id=\"33268bfd\" data-element_type=\"container\" data-e-type=\"container\">\n\t\t\t\t<div class=\"elementor-element elementor-element-492fd727 elementor-widget elementor-widget-image\" data-id=\"492fd727\" data-element_type=\"widget\" data-e-type=\"widget\" data-widget_type=\"image.default\">\n\t\t\t\t<div class=\"elementor-widget-container\">\n\t\t\t\t\t\t\t\t\t\t\t\t\t\t\t\t<a href=\"https:\/\/motorworld.de\">\n\t\t\t\t\t\t\t<img decoding=\"async\" width=\"740\" height=\"127\" src=\"https:\/\/motorworld.de\/wp-content\/uploads\/2022\/04\/mw-logo-2022-standorte-allgemein.png\" class=\"attachment-large size-large wp-image-72256\" alt=\"Logotipo de Motorworld con motivo de bandera a cuadros, que representa el lugar del evento automovil\u00edstico y el deporte del motor\" srcset=\"https:\/\/motorworld.de\/wp-content\/uploads\/2022\/04\/mw-logo-2022-standorte-allgemein.png 740w, https:\/\/motorworld.de\/wp-content\/uploads\/2022\/04\/mw-logo-2022-standorte-allgemein-300x51.png 300w\" sizes=\"(max-width: 740px) 100vw, 740px\" \/>\t\t\t\t\t\t\t\t<\/a>\n\t\t\t\t\t\t\t\t\t\t\t\t\t\t\t<\/div>\n\t\t\t\t<\/div>\n\t\t\t\t<div class=\"elementor-element elementor-element-43187563 elementor-align-start elementor-icon-list--layout-traditional elementor-list-item-link-full_width elementor-widget elementor-widget-icon-list\" data-id=\"43187563\" data-element_type=\"widget\" data-e-type=\"widget\" data-widget_type=\"icon-list.default\">\n\t\t\t\t<div class=\"elementor-widget-container\">\n\t\t\t\t\t\t\t<ul class=\"elementor-icon-list-items\">\n\t\t\t\t\t\t\t<li class=\"elementor-icon-list-item\">\n\t\t\t\t\t\t\t\t\t\t<span class=\"elementor-icon-list-text\">MOTORWORLD GROUP<\/span>\n\t\t\t\t\t\t\t\t\t<\/li>\n\t\t\t\t\t\t\t\t<li class=\"elementor-icon-list-item\">\n\t\t\t\t\t\t\t\t\t\t\t<a href=\"tel:+4973569330\">\n\n\t\t\t\t\t\t\t\t\t\t\t<span class=\"elementor-icon-list-text\">Tel\u00e9fono +49 7356 933-0<\/span>\n\t\t\t\t\t\t\t\t\t\t\t<\/a>\n\t\t\t\t\t\t\t\t\t<\/li>\n\t\t\t\t\t\t\t\t<li class=\"elementor-icon-list-item\">\n\t\t\t\t\t\t\t\t\t\t\t<a href=\"mailto:info@motorworld.de\">\n\n\t\t\t\t\t\t\t\t\t\t\t<span class=\"elementor-icon-list-text\">info@motorworld.de<\/span>\n\t\t\t\t\t\t\t\t\t\t\t<\/a>\n\t\t\t\t\t\t\t\t\t<\/li>\n\t\t\t\t\t\t<\/ul>\n\t\t\t\t\t\t<\/div>\n\t\t\t\t<\/div>\n\t\t\t\t<\/div>\n\t\t\t\t<\/div>\n\t\t\t\t<\/div>\n\t\t\t\t\t<\/div>\n\t\t\t\t<\/div>\n\t\t<div class=\"elementor-element elementor-element-4c5dbde e-flex e-con-boxed e-con e-parent\" data-id=\"4c5dbde\" data-element_type=\"container\" data-e-type=\"container\">\n\t\t\t\t\t<div class=\"e-con-inner\">\n\t\t\t\t<div class=\"elementor-element elementor-element-1db48bd elementor-widget elementor-widget-image\" data-id=\"1db48bd\" data-element_type=\"widget\" data-e-type=\"widget\" data-widget_type=\"image.default\">\n\t\t\t\t<div class=\"elementor-widget-container\">\n\t\t\t\t\t\t\t\t\t\t\t\t\t\t\t\t<a href=\"https:\/\/motorworld.de\/wp-content\/uploads\/2022\/11\/Motorworld_Muenchen_indoor_2_2000x.jpg\" data-elementor-open-lightbox=\"yes\" data-e-action-hash=\"#elementor-action%3Aaction%3Dlightbox%26settings%3DeyJpZCI6NzU2NjUsInVybCI6Imh0dHBzOlwvXC9tb3RvcndvcmxkLmRlXC93cC1jb250ZW50XC91cGxvYWRzXC8yMDIyXC8xMVwvTW90b3J3b3JsZF9NdWVuY2hlbl9pbmRvb3JfMl8yMDAweC5qcGcifQ%3D%3D\">\n\t\t\t\t\t\t\t<img decoding=\"async\" src=\"https:\/\/motorworld.de\/wp-content\/uploads\/elementor\/thumbs\/Motorworld_Muenchen_indoor_2_2000x-r779pqvglypzrvb8q4llf7527zakyedp3ttj4cbpf4.jpg\" title=\"Motorworld_Muenchen_indoor_2_2000x\" alt=\"Mercedes Benz blanco de \u00e9poca delante de un moderno lugar para eventos con fachada reflectante y amplio interior\" loading=\"lazy\" \/>\t\t\t\t\t\t\t\t<\/a>\n\t\t\t\t\t\t\t\t\t\t\t\t\t\t\t<\/div>\n\t\t\t\t<\/div>\n\t\t\t\t<div class=\"elementor-element elementor-element-2fe31b23 elementor-widget elementor-widget-image\" data-id=\"2fe31b23\" data-element_type=\"widget\" data-e-type=\"widget\" data-widget_type=\"image.default\">\n\t\t\t\t<div class=\"elementor-widget-container\">\n\t\t\t\t\t\t\t\t\t\t\t\t\t\t\t\t<a href=\"https:\/\/motorworld.de\/wp-content\/uploads\/2022\/09\/motorworld-region-stuttgart-aussenansicht.jpg\" data-elementor-open-lightbox=\"yes\" data-e-action-hash=\"#elementor-action%3Aaction%3Dlightbox%26settings%3DeyJpZCI6NzI3NzgsInVybCI6Imh0dHBzOlwvXC9tb3RvcndvcmxkLmRlXC93cC1jb250ZW50XC91cGxvYWRzXC8yMDIyXC8wOVwvbW90b3J3b3JsZC1yZWdpb24tc3R1dHRnYXJ0LWF1c3NlbmFuc2ljaHQuanBnIn0%3D\">\n\t\t\t\t\t\t\t<img decoding=\"async\" src=\"https:\/\/motorworld.de\/wp-content\/uploads\/elementor\/thumbs\/motorworld-region-stuttgart-aussenansicht-r779ppxmf4opg9clvm6yupdlmlf7qp9yrp61n2d3lc.jpg\" title=\"motorworld-region-stuttgart-vista exterior\" alt=\"Recinto de Motorworld con fachada de cristal iluminada y estelas luminosas de veh\u00edculos por la noche\" loading=\"lazy\" \/>\t\t\t\t\t\t\t\t<\/a>\n\t\t\t\t\t\t\t\t\t\t\t\t\t\t\t<\/div>\n\t\t\t\t<\/div>\n\t\t\t\t\t<\/div>\n\t\t\t\t<\/div>\n\t\t\t\t<\/div>\n\t\t","protected":false},"excerpt":{"rendered":"<p>https:\/\/motorworld.de\/wp-content\/uploads\/2026\/05\/mw_group_spanish_movie.mp4 Motorworld GroupEspacio para la pasi\u00f3n m\u00f3vil Pasi\u00f3n, red, conocimientos y experiencia Todo un mundo de pasi\u00f3n m\u00f3vil: esto es lo que representa la marca Motorworld y todos los lugares [&hellip;]<\/p>\n","protected":false},"author":1,"featured_media":0,"parent":0,"menu_order":0,"comment_status":"closed","ping_status":"closed","template":"","meta":{"_acf_changed":false,"footnotes":""},"categories":[],"class_list":["post-148537","page","type-page","status-publish","hentry"],"acf":[],"_links":{"self":[{"href":"https:\/\/motorworld.de\/es\/wp-json\/wp\/v2\/pages\/148537","targetHints":{"allow":["GET"]}}],"collection":[{"href":"https:\/\/motorworld.de\/es\/wp-json\/wp\/v2\/pages"}],"about":[{"href":"https:\/\/motorworld.de\/es\/wp-json\/wp\/v2\/types\/page"}],"author":[{"embeddable":true,"href":"https:\/\/motorworld.de\/es\/wp-json\/wp\/v2\/users\/1"}],"replies":[{"embeddable":true,"href":"https:\/\/motorworld.de\/es\/wp-json\/wp\/v2\/comments?post=148537"}],"version-history":[{"count":10,"href":"https:\/\/motorworld.de\/es\/wp-json\/wp\/v2\/pages\/148537\/revisions"}],"predecessor-version":[{"id":148563,"href":"https:\/\/motorworld.de\/es\/wp-json\/wp\/v2\/pages\/148537\/revisions\/148563"}],"wp:attachment":[{"href":"https:\/\/motorworld.de\/es\/wp-json\/wp\/v2\/media?parent=148537"}],"wp:term":[{"taxonomy":"category","embeddable":true,"href":"https:\/\/motorworld.de\/es\/wp-json\/wp\/v2\/categories?post=148537"}],"curies":[{"name":"wp","href":"https:\/\/api.w.org\/{rel}","templated":true}]}}