{"id":137702,"date":"2025-10-11T20:32:57","date_gmt":"2025-10-11T18:32:57","guid":{"rendered":"https:\/\/motorworld.de\/mallorca\/locales-de-eventos-mallorca\/coca-cola\/"},"modified":"2025-10-12T16:32:01","modified_gmt":"2025-10-12T14:32:01","slug":"coca-cola","status":"publish","type":"page","link":"https:\/\/motorworld.de\/es\/mallorca\/locales-de-eventos-mallorca\/coca-cola\/","title":{"rendered":"Coca-Cola"},"content":{"rendered":"\t\t<div data-elementor-type=\"wp-page\" data-elementor-id=\"137702\" class=\"elementor elementor-137702 elementor-137293\" data-elementor-post-type=\"page\">\n\t\t\t\t<div class=\"elementor-element elementor-element-b3fea81 e-flex e-con-boxed e-con e-parent\" data-id=\"b3fea81\" data-element_type=\"container\" data-e-type=\"container\" data-settings=\"{&quot;background_background&quot;:&quot;classic&quot;}\">\n\t\t\t\t\t<div class=\"e-con-inner\">\n\t\t\t\t<div class=\"elementor-element elementor-element-46cc614 elementor-widget elementor-widget-wp-widget-bcn_widget\" data-id=\"46cc614\" data-element_type=\"widget\" data-e-type=\"widget\" data-widget_type=\"wp-widget-bcn_widget.default\">\n\t\t\t\t<div class=\"elementor-widget-container\">\n\t\t\t\t\t<div class=\"breadcrumbs\" vocab=\"https:\/\/schema.org\/\" typeof=\"BreadcrumbList\"><span property=\"itemListElement\" typeof=\"ListItem\"><a property=\"item\" typeof=\"WebPage\" title=\"Go to Motorworld Eventlocations.\" href=\"https:\/\/motorworld.de\/\" class=\"home\" aria-current=\"page\"><span property=\"name\">Home<\/span><\/a><meta property=\"position\" content=\"1\"><\/span><\/div>\t\t\t\t<\/div>\n\t\t\t\t<\/div>\n\t\t\t\t\t<\/div>\n\t\t\t\t<\/div>\n\t\t<div class=\"elementor-element elementor-element-00260d5 e-flex e-con-boxed e-con e-parent\" data-id=\"00260d5\" data-element_type=\"container\" data-e-type=\"container\" data-settings=\"{&quot;background_background&quot;:&quot;classic&quot;}\">\n\t\t\t\t\t<div class=\"e-con-inner\">\n\t\t<div class=\"elementor-element elementor-element-f2f31c3 e-con-full e-flex e-con e-child\" data-id=\"f2f31c3\" data-element_type=\"container\" data-e-type=\"container\">\n\t\t\t\t<div class=\"elementor-element elementor-element-fd52da1 elementor-widget elementor-widget-image\" data-id=\"fd52da1\" data-element_type=\"widget\" data-e-type=\"widget\" data-widget_type=\"image.default\">\n\t\t\t\t<div class=\"elementor-widget-container\">\n\t\t\t\t\t\t\t\t\t\t\t\t\t\t\t<img fetchpriority=\"high\" decoding=\"async\" width=\"2500\" height=\"1667\" src=\"https:\/\/motorworld.de\/wp-content\/uploads\/2025\/10\/Motorworld_Mallorca_Conference_Coca-Cola_1.jpg\" class=\"attachment-full size-full wp-image-137700\" alt=\"Moderna sala de conferencias con una mesa redonda en forma de tap\u00f3n de botella de Coca-Cola, rodeada de seis sillas negras con armaz\u00f3n met\u00e1lico, letras rojas de Coca-Cola en las paredes y una pantalla mural con una foto hist\u00f3rica de un dirigible.\" srcset=\"https:\/\/motorworld.de\/wp-content\/uploads\/2025\/10\/Motorworld_Mallorca_Conference_Coca-Cola_1.jpg 2500w, https:\/\/motorworld.de\/wp-content\/uploads\/2025\/10\/Motorworld_Mallorca_Conference_Coca-Cola_1-300x200.jpg 300w, https:\/\/motorworld.de\/wp-content\/uploads\/2025\/10\/Motorworld_Mallorca_Conference_Coca-Cola_1-1024x683.jpg 1024w, https:\/\/motorworld.de\/wp-content\/uploads\/2025\/10\/Motorworld_Mallorca_Conference_Coca-Cola_1-768x512.jpg 768w, https:\/\/motorworld.de\/wp-content\/uploads\/2025\/10\/Motorworld_Mallorca_Conference_Coca-Cola_1-1536x1024.jpg 1536w, https:\/\/motorworld.de\/wp-content\/uploads\/2025\/10\/Motorworld_Mallorca_Conference_Coca-Cola_1-2048x1366.jpg 2048w\" sizes=\"(max-width: 2500px) 100vw, 2500px\" \/>\t\t\t\t\t\t\t\t\t\t\t\t\t\t\t<\/div>\n\t\t\t\t<\/div>\n\t\t<div class=\"elementor-element elementor-element-5ecdf2a e-con-full e-flex e-con e-child\" data-id=\"5ecdf2a\" data-element_type=\"container\" data-e-type=\"container\">\n\t\t<div class=\"elementor-element elementor-element-26e59f0 e-con-full e-flex e-con e-child\" data-id=\"26e59f0\" data-element_type=\"container\" data-e-type=\"container\">\n\t\t\t\t<div class=\"elementor-element elementor-element-64535a3 elementor-widget elementor-widget-heading\" data-id=\"64535a3\" data-element_type=\"widget\" data-e-type=\"widget\" data-widget_type=\"heading.default\">\n\t\t\t\t<div class=\"elementor-widget-container\">\n\t\t\t\t\t<h2 class=\"elementor-heading-title elementor-size-default\"><span style=\"font-weight:700\">Coca-Cola<\/span> <br>MOTORWORLD Mallorca<\/h2>\t\t\t\t<\/div>\n\t\t\t\t<\/div>\n\t\t\t\t<div class=\"elementor-element elementor-element-249e3ec elementor-hidden-desktop elementor-hidden-laptop elementor-hidden-tablet_extra elementor-hidden-tablet elementor-hidden-mobile elementor-widget elementor-widget-text-editor\" data-id=\"249e3ec\" data-element_type=\"widget\" data-e-type=\"widget\" data-widget_type=\"text-editor.default\">\n\t\t\t\t<div class=\"elementor-widget-container\">\n\t\t\t\t\t\t\t\t\t<p>.<\/p>\t\t\t\t\t\t\t\t<\/div>\n\t\t\t\t<\/div>\n\t\t<div class=\"elementor-element elementor-element-1d6a34b e-flex e-con-boxed e-con e-child\" data-id=\"1d6a34b\" data-element_type=\"container\" data-e-type=\"container\">\n\t\t\t\t\t<div class=\"e-con-inner\">\n\t\t\t\t<div class=\"elementor-element elementor-element-3098181 elementor-align-left elementor-widget elementor-widget-button\" data-id=\"3098181\" data-element_type=\"widget\" data-e-type=\"widget\" data-widget_type=\"button.default\">\n\t\t\t\t<div class=\"elementor-widget-container\">\n\t\t\t\t\t\t\t\t\t<div class=\"elementor-button-wrapper\">\n\t\t\t\t\t<a class=\"elementor-button elementor-button-link elementor-size-sm\" href=\"https:\/\/kontakt.motorworld.de\/?location=mallorca\">\n\t\t\t\t\t\t<span class=\"elementor-button-content-wrapper\">\n\t\t\t\t\t\t\t\t\t<span class=\"elementor-button-text\">Su solicitud<\/span>\n\t\t\t\t\t<\/span>\n\t\t\t\t\t<\/a>\n\t\t\t\t<\/div>\n\t\t\t\t\t\t\t\t<\/div>\n\t\t\t\t<\/div>\n\t\t\t\t\t<\/div>\n\t\t\t\t<\/div>\n\t\t\t\t<\/div>\n\t\t<div class=\"elementor-element elementor-element-4b4ed0c e-con-full e-flex e-con e-child\" data-id=\"4b4ed0c\" data-element_type=\"container\" data-e-type=\"container\">\n\t\t\t\t<div class=\"elementor-element elementor-element-21b982b elementor-widget elementor-widget-image\" data-id=\"21b982b\" data-element_type=\"widget\" data-e-type=\"widget\" data-widget_type=\"image.default\">\n\t\t\t\t<div class=\"elementor-widget-container\">\n\t\t\t\t\t\t\t\t\t\t\t\t\t\t\t\t<a href=\"https:\/\/motorworld.de\/es\/mallorca\/\">\n\t\t\t\t\t\t\t<img decoding=\"async\" width=\"693\" height=\"125\" src=\"https:\/\/motorworld.de\/wp-content\/uploads\/2022\/08\/mw-logo-2022-standorte-mallorca-e1642523953433.png\" class=\"attachment-full size-full wp-image-72536\" alt=\"Lugar del evento motociclista Motorworld Mallorca con bandera de carreras como logotipo\" srcset=\"https:\/\/motorworld.de\/wp-content\/uploads\/2022\/08\/mw-logo-2022-standorte-mallorca-e1642523953433.png 693w, https:\/\/motorworld.de\/wp-content\/uploads\/2022\/08\/mw-logo-2022-standorte-mallorca-e1642523953433-300x54.png 300w\" sizes=\"(max-width: 693px) 100vw, 693px\" \/>\t\t\t\t\t\t\t\t<\/a>\n\t\t\t\t\t\t\t\t\t\t\t\t\t\t\t<\/div>\n\t\t\t\t<\/div>\n\t\t\t\t<div class=\"elementor-element elementor-element-0a5d08c elementor-align-start elementor-icon-list--layout-traditional elementor-list-item-link-full_width elementor-widget elementor-widget-icon-list\" data-id=\"0a5d08c\" data-element_type=\"widget\" data-e-type=\"widget\" data-widget_type=\"icon-list.default\">\n\t\t\t\t<div class=\"elementor-widget-container\">\n\t\t\t\t\t\t\t<ul class=\"elementor-icon-list-items\">\n\t\t\t\t\t\t\t<li class=\"elementor-icon-list-item\">\n\t\t\t\t\t\t\t\t\t\t\t<a href=\"tel:+34677344508\">\n\n\t\t\t\t\t\t\t\t\t\t\t<span class=\"elementor-icon-list-text\">Tel\u00e9fono +34 677 344508<\/span>\n\t\t\t\t\t\t\t\t\t\t\t<\/a>\n\t\t\t\t\t\t\t\t\t<\/li>\n\t\t\t\t\t\t\t\t<li class=\"elementor-icon-list-item\">\n\t\t\t\t\t\t\t\t\t\t\t<a href=\"mailto:events-mallorca@motorworld.de\">\n\n\t\t\t\t\t\t\t\t\t\t\t<span class=\"elementor-icon-list-text\">events-mallorca@motorworld.de<\/span>\n\t\t\t\t\t\t\t\t\t\t\t<\/a>\n\t\t\t\t\t\t\t\t\t<\/li>\n\t\t\t\t\t\t\t\t<li class=\"elementor-icon-list-item\">\n\t\t\t\t\t\t\t\t\t\t\t<a href=\"https:\/\/maps.app.goo.gl\/SK5ZDkJvski5avVK7\" target=\"_blank\" rel=\"noopener\">\n\n\t\t\t\t\t\t\t\t\t\t\t<span class=\"elementor-icon-list-text\">Localizaci\u00f3n Google Maps \u203a<\/span>\n\t\t\t\t\t\t\t\t\t\t\t<\/a>\n\t\t\t\t\t\t\t\t\t<\/li>\n\t\t\t\t\t\t<\/ul>\n\t\t\t\t\t\t<\/div>\n\t\t\t\t<\/div>\n\t\t\t\t<\/div>\n\t\t\t\t<\/div>\n\t\t\t\t<\/div>\n\t\t\t\t\t<\/div>\n\t\t\t\t<\/div>\n\t\t<div class=\"elementor-element elementor-element-6f8bb30 e-flex e-con-boxed e-con e-parent\" data-id=\"6f8bb30\" data-element_type=\"container\" data-e-type=\"container\">\n\t\t\t\t\t<div class=\"e-con-inner\">\n\t\t<div class=\"elementor-element elementor-element-d567bab e-con-full e-flex e-con e-child\" data-id=\"d567bab\" data-element_type=\"container\" data-e-type=\"container\">\n\t\t\t\t<div class=\"elementor-element elementor-element-650be95 elementor-widget elementor-widget-shortcode\" data-id=\"650be95\" data-element_type=\"widget\" data-e-type=\"widget\" data-widget_type=\"shortcode.default\">\n\t\t\t\t<div class=\"elementor-widget-container\">\n\t\t\t\t\t\t\t<div class=\"elementor-shortcode\">\n<table id=\"tablepress-101\" class=\"tablepress tablepress-id-101\">\n<thead>\n<tr class=\"row-1\">\n\t<th class=\"column-1\"><strong>Locations<\/strong><\/th><th class=\"column-2\"><strong>Gr\u00f6\u00dfe<\/strong><\/th><th class=\"column-3\"><strong>Pers. max<\/strong><\/th><th class=\"column-4\"><strong>Theater<\/strong><\/th><th class=\"column-5\"><strong>Parlament<\/strong><\/th><th class=\"column-6\"><strong>U-Form<\/strong><\/th><th class=\"column-7\"><strong>Block<\/strong><\/th><th class=\"column-8\"><strong>Bankett<\/strong><\/th><th class=\"column-9\"><strong>Bankett<\/strong><\/th>\n<\/tr>\n<\/thead>\n<tbody class=\"row-striping row-hover\">\n<tr class=\"row-2\">\n\t<td class=\"column-1\"><\/td><td class=\"column-2\"><\/td><td class=\"column-3\"><\/td><td class=\"column-4\"><img decoding=\"async\" style=\"height:50px;  padding:10px 0\" src=\"\/wp-content\/uploads\/2022\/09\/Reihe.svg\"\/><\/td><td class=\"column-5\"><img decoding=\"async\" style=\"height:54px;  padding:10px 0\" src=\"\/wp-content\/uploads\/2022\/09\/Parlament.svg\"\/><\/td><td class=\"column-6\"><img decoding=\"async\" style=\"height:54px;  padding:10px 0\" src=\"\/wp-content\/uploads\/2022\/12\/u-form.svg\"\/><\/td><td class=\"column-7\"><img decoding=\"async\" style=\"height:53px;  padding:10px 0\" src=\"\/wp-content\/uploads\/2022\/09\/Bankett-A.svg\"\/><\/td><td class=\"column-8\"><img decoding=\"async\" style=\"height:54px;  padding:10px 0\" src=\"\/wp-content\/uploads\/2022\/09\/Bankett-B.svg\"\/><\/td><td class=\"column-9\"><img decoding=\"async\" style=\"height:54px;  padding:10px 0\" src=\"\/wp-content\/uploads\/2024\/07\/Bankett-Mallorca-2.svg\"\/><\/td>\n<\/tr>\n<tr class=\"row-3\">\n\t<td class=\"column-1\"><strong><span style=\"white-space:nowrap\">Coca-Cola<\/span><\/strong><\/td><td class=\"column-2\">14 m\u00b2<\/td><td class=\"column-3\">6<\/td><td class=\"column-4\">\u2022<\/td><td class=\"column-5\">\u2022<\/td><td class=\"column-6\">\u2022<\/td><td class=\"column-7\">6<\/td><td class=\"column-8\">\u2022<\/td><td class=\"column-9\">\u2022<\/td>\n<\/tr>\n<\/tbody>\n<\/table>\n<!-- #tablepress-101 from cache --><\/div>\n\t\t\t\t\t\t<\/div>\n\t\t\t\t<\/div>\n\t\t\t\t<\/div>\n\t\t\t\t\t<\/div>\n\t\t\t\t<\/div>\n\t\t<div class=\"elementor-element elementor-element-689c058 e-flex e-con-boxed e-con e-parent\" data-id=\"689c058\" data-element_type=\"container\" data-e-type=\"container\">\n\t\t\t\t\t<div class=\"e-con-inner\">\n\t\t<div class=\"elementor-element elementor-element-5e59f5f e-flex e-con-boxed e-con e-child\" data-id=\"5e59f5f\" data-element_type=\"container\" data-e-type=\"container\">\n\t\t\t\t\t<div class=\"e-con-inner\">\n\t\t\t\t<div class=\"elementor-element elementor-element-b1b4cf0 elementor-widget elementor-widget-gallery\" data-id=\"b1b4cf0\" data-element_type=\"widget\" data-e-type=\"widget\" data-settings=\"{&quot;lazyload&quot;:&quot;yes&quot;,&quot;gallery_layout&quot;:&quot;grid&quot;,&quot;columns&quot;:4,&quot;columns_tablet&quot;:2,&quot;columns_mobile&quot;:1,&quot;gap&quot;:{&quot;unit&quot;:&quot;px&quot;,&quot;size&quot;:10,&quot;sizes&quot;:[]},&quot;gap_laptop&quot;:{&quot;unit&quot;:&quot;px&quot;,&quot;size&quot;:10,&quot;sizes&quot;:[]},&quot;gap_tablet_extra&quot;:{&quot;unit&quot;:&quot;px&quot;,&quot;size&quot;:10,&quot;sizes&quot;:[]},&quot;gap_tablet&quot;:{&quot;unit&quot;:&quot;px&quot;,&quot;size&quot;:10,&quot;sizes&quot;:[]},&quot;gap_mobile&quot;:{&quot;unit&quot;:&quot;px&quot;,&quot;size&quot;:10,&quot;sizes&quot;:[]},&quot;link_to&quot;:&quot;file&quot;,&quot;aspect_ratio&quot;:&quot;3:2&quot;,&quot;overlay_background&quot;:&quot;yes&quot;,&quot;content_hover_animation&quot;:&quot;fade-in&quot;}\" data-widget_type=\"gallery.default\">\n\t\t\t\t<div class=\"elementor-widget-container\">\n\t\t\t\t\t\t\t<div class=\"elementor-gallery__container\">\n\t\t\t\t\t\t\t<a class=\"e-gallery-item elementor-gallery-item elementor-animated-content\" href=\"https:\/\/motorworld.de\/wp-content\/uploads\/2025\/10\/Motorworld_Mallorca_Conference_Coca-Cola_1.jpg\" data-elementor-open-lightbox=\"yes\" data-elementor-lightbox-slideshow=\"b1b4cf0\" data-e-action-hash=\"#elementor-action%3Aaction%3Dlightbox%26settings%3DeyJpZCI6MTM3NzAwLCJ1cmwiOiJodHRwczpcL1wvbW90b3J3b3JsZC5kZVwvd3AtY29udGVudFwvdXBsb2Fkc1wvMjAyNVwvMTBcL01vdG9yd29ybGRfTWFsbG9yY2FfQ29uZmVyZW5jZV9Db2NhLUNvbGFfMS5qcGciLCJzbGlkZXNob3ciOiJiMWI0Y2YwIn0%3D\">\n\t\t\t\t\t<div class=\"e-gallery-image elementor-gallery-item__image\" data-thumbnail=\"https:\/\/motorworld.de\/wp-content\/uploads\/2025\/10\/Motorworld_Mallorca_Conference_Coca-Cola_1-768x512.jpg\" data-width=\"768\" data-height=\"512\" aria-label=\"Moderna sala de conferencias con una mesa redonda en forma de tap\u00f3n de botella de Coca-Cola, rodeada de seis sillas negras con armaz\u00f3n met\u00e1lico, letras rojas de Coca-Cola en las paredes y una pantalla mural con una foto hist\u00f3rica de un dirigible.\" role=\"img\" ><\/div>\n\t\t\t\t\t\t\t\t\t\t\t<div class=\"elementor-gallery-item__overlay\"><\/div>\n\t\t\t\t\t\t\t\t\t\t\t\t\t\t<\/a>\n\t\t\t\t\t\t\t<a class=\"e-gallery-item elementor-gallery-item elementor-animated-content\" href=\"https:\/\/motorworld.de\/wp-content\/uploads\/2025\/10\/Motorworld_Mallorca_Conference_Coca-Cola_2.jpg\" data-elementor-open-lightbox=\"yes\" data-elementor-lightbox-slideshow=\"b1b4cf0\" data-e-action-hash=\"#elementor-action%3Aaction%3Dlightbox%26settings%3DeyJpZCI6MTM3NzAxLCJ1cmwiOiJodHRwczpcL1wvbW90b3J3b3JsZC5kZVwvd3AtY29udGVudFwvdXBsb2Fkc1wvMjAyNVwvMTBcL01vdG9yd29ybGRfTWFsbG9yY2FfQ29uZmVyZW5jZV9Db2NhLUNvbGFfMi5qcGciLCJzbGlkZXNob3ciOiJiMWI0Y2YwIn0%3D\">\n\t\t\t\t\t<div class=\"e-gallery-image elementor-gallery-item__image\" data-thumbnail=\"https:\/\/motorworld.de\/wp-content\/uploads\/2025\/10\/Motorworld_Mallorca_Conference_Coca-Cola_2-768x1031.jpg\" data-width=\"768\" data-height=\"1031\" aria-label=\"Moderna sala de reuniones con una mesa redonda y sillones de cuero negro, rodeada de grandes decoraciones de latas rojas de Coca-Cola en las paredes y un objeto luminoso redondo y rojo de Coca-Cola en el techo, una pantalla en la pared muestra un paisaje urbano hist\u00f3rico en blanco y negro con subt\u00edtulos en espa\u00f1ol.\" role=\"img\" ><\/div>\n\t\t\t\t\t\t\t\t\t\t\t<div class=\"elementor-gallery-item__overlay\"><\/div>\n\t\t\t\t\t\t\t\t\t\t\t\t\t\t<\/a>\n\t\t\t\t\t<\/div>\n\t\t\t\t\t<\/div>\n\t\t\t\t<\/div>\n\t\t\t\t\t<\/div>\n\t\t\t\t<\/div>\n\t\t\t\t\t<\/div>\n\t\t\t\t<\/div>\n\t\t\t\t<\/div>\n\t\t","protected":false},"excerpt":{"rendered":"<p>Coca-Cola MOTORWORLD Mallorca . Su solicitud Tel\u00e9fono +34 677 344508 events-mallorca@motorworld.de Localizaci\u00f3n Google Maps \u203a<\/p>\n","protected":false},"author":1,"featured_media":0,"parent":73302,"menu_order":0,"comment_status":"closed","ping_status":"closed","template":"","meta":{"_acf_changed":false,"footnotes":""},"categories":[],"class_list":["post-137702","page","type-page","status-publish","hentry"],"acf":[],"_links":{"self":[{"href":"https:\/\/motorworld.de\/es\/wp-json\/wp\/v2\/pages\/137702","targetHints":{"allow":["GET"]}}],"collection":[{"href":"https:\/\/motorworld.de\/es\/wp-json\/wp\/v2\/pages"}],"about":[{"href":"https:\/\/motorworld.de\/es\/wp-json\/wp\/v2\/types\/page"}],"author":[{"embeddable":true,"href":"https:\/\/motorworld.de\/es\/wp-json\/wp\/v2\/users\/1"}],"replies":[{"embeddable":true,"href":"https:\/\/motorworld.de\/es\/wp-json\/wp\/v2\/comments?post=137702"}],"version-history":[{"count":0,"href":"https:\/\/motorworld.de\/es\/wp-json\/wp\/v2\/pages\/137702\/revisions"}],"up":[{"embeddable":true,"href":"https:\/\/motorworld.de\/es\/wp-json\/wp\/v2\/pages\/73302"}],"wp:attachment":[{"href":"https:\/\/motorworld.de\/es\/wp-json\/wp\/v2\/media?parent=137702"}],"wp:term":[{"taxonomy":"category","embeddable":true,"href":"https:\/\/motorworld.de\/es\/wp-json\/wp\/v2\/categories?post=137702"}],"curies":[{"name":"wp","href":"https:\/\/api.w.org\/{rel}","templated":true}]}}