{"id":137682,"date":"2025-10-11T20:32:23","date_gmt":"2025-10-11T18:32:23","guid":{"rendered":"https:\/\/motorworld.de\/mallorca\/locales-de-eventos-mallorca\/baleares\/"},"modified":"2025-10-12T16:19:22","modified_gmt":"2025-10-12T14:19:22","slug":"baleares","status":"publish","type":"page","link":"https:\/\/motorworld.de\/es\/mallorca\/locales-de-eventos-mallorca\/baleares\/","title":{"rendered":"Baleares"},"content":{"rendered":"\t\t<div data-elementor-type=\"wp-page\" data-elementor-id=\"137682\" class=\"elementor elementor-137682 elementor-137291\" data-elementor-post-type=\"page\">\n\t\t\t\t<div class=\"elementor-element elementor-element-6c30ff6 e-flex e-con-boxed e-con e-parent\" data-id=\"6c30ff6\" data-element_type=\"container\" data-e-type=\"container\" data-settings=\"{&quot;background_background&quot;:&quot;classic&quot;}\">\n\t\t\t\t\t<div class=\"e-con-inner\">\n\t\t\t\t<div class=\"elementor-element elementor-element-a1166aa elementor-widget elementor-widget-wp-widget-bcn_widget\" data-id=\"a1166aa\" data-element_type=\"widget\" data-e-type=\"widget\" data-widget_type=\"wp-widget-bcn_widget.default\">\n\t\t\t\t<div class=\"elementor-widget-container\">\n\t\t\t\t\t<div class=\"breadcrumbs\" vocab=\"https:\/\/schema.org\/\" typeof=\"BreadcrumbList\"><span property=\"itemListElement\" typeof=\"ListItem\"><a property=\"item\" typeof=\"WebPage\" title=\"Go to Motorworld Eventlocations.\" href=\"https:\/\/motorworld.de\/\" class=\"home\" aria-current=\"page\"><span property=\"name\">Home<\/span><\/a><meta property=\"position\" content=\"1\"><\/span><\/div>\t\t\t\t<\/div>\n\t\t\t\t<\/div>\n\t\t\t\t\t<\/div>\n\t\t\t\t<\/div>\n\t\t<div class=\"elementor-element elementor-element-e7f5caf e-flex e-con-boxed e-con e-parent\" data-id=\"e7f5caf\" data-element_type=\"container\" data-e-type=\"container\" data-settings=\"{&quot;background_background&quot;:&quot;classic&quot;}\">\n\t\t\t\t\t<div class=\"e-con-inner\">\n\t\t<div class=\"elementor-element elementor-element-45a9653 e-con-full e-flex e-con e-child\" data-id=\"45a9653\" data-element_type=\"container\" data-e-type=\"container\">\n\t\t\t\t<div class=\"elementor-element elementor-element-2e18c31 elementor-widget elementor-widget-image\" data-id=\"2e18c31\" data-element_type=\"widget\" data-e-type=\"widget\" data-widget_type=\"image.default\">\n\t\t\t\t<div class=\"elementor-widget-container\">\n\t\t\t\t\t\t\t\t\t\t\t\t\t\t\t<img fetchpriority=\"high\" decoding=\"async\" width=\"2500\" height=\"1667\" src=\"https:\/\/motorworld.de\/wp-content\/uploads\/2025\/10\/Motorworld_Mallorca_Conference_Balearic_.2.jpg\" class=\"attachment-full size-full wp-image-137674\" alt=\"Moderna sala de conferencias con ocho sillones de cuero marr\u00f3n alrededor de una mesa azul con un mapa en el centro, gran ventanal con vistas a los ascensores de veh\u00edculos y una pantalla en la pared con la inscripci\u00f3n Mallorca, Espa\u00f1a.\" srcset=\"https:\/\/motorworld.de\/wp-content\/uploads\/2025\/10\/Motorworld_Mallorca_Conference_Balearic_.2.jpg 2500w, https:\/\/motorworld.de\/wp-content\/uploads\/2025\/10\/Motorworld_Mallorca_Conference_Balearic_.2-300x200.jpg 300w, https:\/\/motorworld.de\/wp-content\/uploads\/2025\/10\/Motorworld_Mallorca_Conference_Balearic_.2-1024x683.jpg 1024w, https:\/\/motorworld.de\/wp-content\/uploads\/2025\/10\/Motorworld_Mallorca_Conference_Balearic_.2-768x512.jpg 768w, https:\/\/motorworld.de\/wp-content\/uploads\/2025\/10\/Motorworld_Mallorca_Conference_Balearic_.2-1536x1024.jpg 1536w, https:\/\/motorworld.de\/wp-content\/uploads\/2025\/10\/Motorworld_Mallorca_Conference_Balearic_.2-2048x1366.jpg 2048w\" sizes=\"(max-width: 2500px) 100vw, 2500px\" \/>\t\t\t\t\t\t\t\t\t\t\t\t\t\t\t<\/div>\n\t\t\t\t<\/div>\n\t\t<div class=\"elementor-element elementor-element-4d3fc24 e-con-full e-flex e-con e-child\" data-id=\"4d3fc24\" data-element_type=\"container\" data-e-type=\"container\">\n\t\t<div class=\"elementor-element elementor-element-adbe519 e-con-full e-flex e-con e-child\" data-id=\"adbe519\" data-element_type=\"container\" data-e-type=\"container\">\n\t\t\t\t<div class=\"elementor-element elementor-element-2947f79 elementor-widget elementor-widget-heading\" data-id=\"2947f79\" data-element_type=\"widget\" data-e-type=\"widget\" data-widget_type=\"heading.default\">\n\t\t\t\t<div class=\"elementor-widget-container\">\n\t\t\t\t\t<h2 class=\"elementor-heading-title elementor-size-default\"><span style=\"font-weight:700\">Baleares<\/span> <br>MOTORWORLD Mallorca<\/h2>\t\t\t\t<\/div>\n\t\t\t\t<\/div>\n\t\t\t\t<div class=\"elementor-element elementor-element-724c31e elementor-hidden-desktop elementor-hidden-laptop elementor-hidden-tablet_extra elementor-hidden-tablet elementor-hidden-mobile elementor-widget elementor-widget-text-editor\" data-id=\"724c31e\" data-element_type=\"widget\" data-e-type=\"widget\" data-widget_type=\"text-editor.default\">\n\t\t\t\t<div class=\"elementor-widget-container\">\n\t\t\t\t\t\t\t\t\t<p>.<\/p>\t\t\t\t\t\t\t\t<\/div>\n\t\t\t\t<\/div>\n\t\t<div class=\"elementor-element elementor-element-9897158 e-flex e-con-boxed e-con e-child\" data-id=\"9897158\" data-element_type=\"container\" data-e-type=\"container\">\n\t\t\t\t\t<div class=\"e-con-inner\">\n\t\t\t\t<div class=\"elementor-element elementor-element-e340101 elementor-align-left elementor-widget elementor-widget-button\" data-id=\"e340101\" data-element_type=\"widget\" data-e-type=\"widget\" data-widget_type=\"button.default\">\n\t\t\t\t<div class=\"elementor-widget-container\">\n\t\t\t\t\t\t\t\t\t<div class=\"elementor-button-wrapper\">\n\t\t\t\t\t<a class=\"elementor-button elementor-button-link elementor-size-sm\" href=\"https:\/\/kontakt.motorworld.de\/?location=mallorca\">\n\t\t\t\t\t\t<span class=\"elementor-button-content-wrapper\">\n\t\t\t\t\t\t\t\t\t<span class=\"elementor-button-text\">Su solicitud<\/span>\n\t\t\t\t\t<\/span>\n\t\t\t\t\t<\/a>\n\t\t\t\t<\/div>\n\t\t\t\t\t\t\t\t<\/div>\n\t\t\t\t<\/div>\n\t\t\t\t\t<\/div>\n\t\t\t\t<\/div>\n\t\t\t\t<\/div>\n\t\t<div class=\"elementor-element elementor-element-180654c e-con-full e-flex e-con e-child\" data-id=\"180654c\" data-element_type=\"container\" data-e-type=\"container\">\n\t\t\t\t<div class=\"elementor-element elementor-element-e7d2423 elementor-widget elementor-widget-image\" data-id=\"e7d2423\" data-element_type=\"widget\" data-e-type=\"widget\" data-widget_type=\"image.default\">\n\t\t\t\t<div class=\"elementor-widget-container\">\n\t\t\t\t\t\t\t\t\t\t\t\t\t\t\t\t<a href=\"https:\/\/motorworld.de\/es\/mallorca\/\">\n\t\t\t\t\t\t\t<img decoding=\"async\" width=\"693\" height=\"125\" src=\"https:\/\/motorworld.de\/wp-content\/uploads\/2022\/08\/mw-logo-2022-standorte-mallorca-e1642523953433.png\" class=\"attachment-full size-full wp-image-72536\" alt=\"Lugar del evento motociclista Motorworld Mallorca con bandera de carreras como logotipo\" srcset=\"https:\/\/motorworld.de\/wp-content\/uploads\/2022\/08\/mw-logo-2022-standorte-mallorca-e1642523953433.png 693w, https:\/\/motorworld.de\/wp-content\/uploads\/2022\/08\/mw-logo-2022-standorte-mallorca-e1642523953433-300x54.png 300w\" sizes=\"(max-width: 693px) 100vw, 693px\" \/>\t\t\t\t\t\t\t\t<\/a>\n\t\t\t\t\t\t\t\t\t\t\t\t\t\t\t<\/div>\n\t\t\t\t<\/div>\n\t\t\t\t<div class=\"elementor-element elementor-element-0786fdf elementor-align-start elementor-icon-list--layout-traditional elementor-list-item-link-full_width elementor-widget elementor-widget-icon-list\" data-id=\"0786fdf\" data-element_type=\"widget\" data-e-type=\"widget\" data-widget_type=\"icon-list.default\">\n\t\t\t\t<div class=\"elementor-widget-container\">\n\t\t\t\t\t\t\t<ul class=\"elementor-icon-list-items\">\n\t\t\t\t\t\t\t<li class=\"elementor-icon-list-item\">\n\t\t\t\t\t\t\t\t\t\t\t<a href=\"tel:+34677344508\">\n\n\t\t\t\t\t\t\t\t\t\t\t<span class=\"elementor-icon-list-text\">Tel\u00e9fono +34 677 344508<\/span>\n\t\t\t\t\t\t\t\t\t\t\t<\/a>\n\t\t\t\t\t\t\t\t\t<\/li>\n\t\t\t\t\t\t\t\t<li class=\"elementor-icon-list-item\">\n\t\t\t\t\t\t\t\t\t\t\t<a href=\"mailto:events-mallorca@motorworld.de\">\n\n\t\t\t\t\t\t\t\t\t\t\t<span class=\"elementor-icon-list-text\">events-mallorca@motorworld.de<\/span>\n\t\t\t\t\t\t\t\t\t\t\t<\/a>\n\t\t\t\t\t\t\t\t\t<\/li>\n\t\t\t\t\t\t\t\t<li class=\"elementor-icon-list-item\">\n\t\t\t\t\t\t\t\t\t\t\t<a href=\"https:\/\/maps.app.goo.gl\/SK5ZDkJvski5avVK7\" target=\"_blank\" rel=\"noopener\">\n\n\t\t\t\t\t\t\t\t\t\t\t<span class=\"elementor-icon-list-text\">Localizaci\u00f3n Google Maps \u203a<\/span>\n\t\t\t\t\t\t\t\t\t\t\t<\/a>\n\t\t\t\t\t\t\t\t\t<\/li>\n\t\t\t\t\t\t<\/ul>\n\t\t\t\t\t\t<\/div>\n\t\t\t\t<\/div>\n\t\t\t\t<\/div>\n\t\t\t\t<\/div>\n\t\t\t\t<\/div>\n\t\t\t\t\t<\/div>\n\t\t\t\t<\/div>\n\t\t<div class=\"elementor-element elementor-element-1849acb e-flex e-con-boxed e-con e-parent\" data-id=\"1849acb\" data-element_type=\"container\" data-e-type=\"container\">\n\t\t\t\t\t<div class=\"e-con-inner\">\n\t\t<div class=\"elementor-element elementor-element-9e9e498 e-con-full e-flex e-con e-child\" data-id=\"9e9e498\" data-element_type=\"container\" data-e-type=\"container\">\n\t\t\t\t<div class=\"elementor-element elementor-element-2a410b5 elementor-widget elementor-widget-shortcode\" data-id=\"2a410b5\" data-element_type=\"widget\" data-e-type=\"widget\" data-widget_type=\"shortcode.default\">\n\t\t\t\t<div class=\"elementor-widget-container\">\n\t\t\t\t\t\t\t<div class=\"elementor-shortcode\">\n<table id=\"tablepress-100\" class=\"tablepress tablepress-id-100\">\n<thead>\n<tr class=\"row-1\">\n\t<th class=\"column-1\"><strong>Locations<\/strong><\/th><th class=\"column-2\"><strong>Gr\u00f6\u00dfe<\/strong><\/th><th class=\"column-3\"><strong>Pers. max<\/strong><\/th><th class=\"column-4\"><strong>Theater<\/strong><\/th><th class=\"column-5\"><strong>Parlament<\/strong><\/th><th class=\"column-6\"><strong>U-Form<\/strong><\/th><th class=\"column-7\"><strong>Block<\/strong><\/th><th class=\"column-8\"><strong>Bankett<\/strong><\/th><th class=\"column-9\"><strong>Bankett<\/strong><\/th>\n<\/tr>\n<\/thead>\n<tbody class=\"row-striping row-hover\">\n<tr class=\"row-2\">\n\t<td class=\"column-1\"><\/td><td class=\"column-2\"><\/td><td class=\"column-3\"><\/td><td class=\"column-4\"><img decoding=\"async\" style=\"height:50px;  padding:10px 0\" src=\"\/wp-content\/uploads\/2022\/09\/Reihe.svg\"\/><\/td><td class=\"column-5\"><img decoding=\"async\" style=\"height:54px;  padding:10px 0\" src=\"\/wp-content\/uploads\/2022\/09\/Parlament.svg\"\/><\/td><td class=\"column-6\"><img decoding=\"async\" style=\"height:54px;  padding:10px 0\" src=\"\/wp-content\/uploads\/2022\/12\/u-form.svg\"\/><\/td><td class=\"column-7\"><img decoding=\"async\" style=\"height:53px;  padding:10px 0\" src=\"\/wp-content\/uploads\/2022\/09\/Bankett-A.svg\"\/><\/td><td class=\"column-8\"><img decoding=\"async\" style=\"height:54px;  padding:10px 0\" src=\"\/wp-content\/uploads\/2022\/09\/Bankett-B.svg\"\/><\/td><td class=\"column-9\"><img decoding=\"async\" style=\"height:54px;  padding:10px 0\" src=\"\/wp-content\/uploads\/2024\/07\/Bankett-Mallorca-2.svg\"\/><\/td>\n<\/tr>\n<tr class=\"row-3\">\n\t<td class=\"column-1\"><strong>Balearic<\/strong><\/td><td class=\"column-2\">28 m\u00b2<\/td><td class=\"column-3\">10<\/td><td class=\"column-4\">\u2022<\/td><td class=\"column-5\">\u2022<\/td><td class=\"column-6\">\u2022<\/td><td class=\"column-7\">10<\/td><td class=\"column-8\">\u2022<\/td><td class=\"column-9\">\u2022<\/td>\n<\/tr>\n<\/tbody>\n<\/table>\n<!-- #tablepress-100 from cache --><\/div>\n\t\t\t\t\t\t<\/div>\n\t\t\t\t<\/div>\n\t\t\t\t<\/div>\n\t\t\t\t\t<\/div>\n\t\t\t\t<\/div>\n\t\t<div class=\"elementor-element elementor-element-630d353 e-flex e-con-boxed e-con e-parent\" data-id=\"630d353\" data-element_type=\"container\" data-e-type=\"container\">\n\t\t\t\t\t<div class=\"e-con-inner\">\n\t\t<div class=\"elementor-element elementor-element-0d5c477 e-flex e-con-boxed e-con e-child\" data-id=\"0d5c477\" data-element_type=\"container\" data-e-type=\"container\">\n\t\t\t\t\t<div class=\"e-con-inner\">\n\t\t\t\t<div class=\"elementor-element elementor-element-2da844f elementor-widget elementor-widget-gallery\" data-id=\"2da844f\" data-element_type=\"widget\" data-e-type=\"widget\" data-settings=\"{&quot;lazyload&quot;:&quot;yes&quot;,&quot;gallery_layout&quot;:&quot;grid&quot;,&quot;columns&quot;:4,&quot;columns_tablet&quot;:2,&quot;columns_mobile&quot;:1,&quot;gap&quot;:{&quot;unit&quot;:&quot;px&quot;,&quot;size&quot;:10,&quot;sizes&quot;:[]},&quot;gap_laptop&quot;:{&quot;unit&quot;:&quot;px&quot;,&quot;size&quot;:10,&quot;sizes&quot;:[]},&quot;gap_tablet_extra&quot;:{&quot;unit&quot;:&quot;px&quot;,&quot;size&quot;:10,&quot;sizes&quot;:[]},&quot;gap_tablet&quot;:{&quot;unit&quot;:&quot;px&quot;,&quot;size&quot;:10,&quot;sizes&quot;:[]},&quot;gap_mobile&quot;:{&quot;unit&quot;:&quot;px&quot;,&quot;size&quot;:10,&quot;sizes&quot;:[]},&quot;link_to&quot;:&quot;file&quot;,&quot;aspect_ratio&quot;:&quot;3:2&quot;,&quot;overlay_background&quot;:&quot;yes&quot;,&quot;content_hover_animation&quot;:&quot;fade-in&quot;}\" data-widget_type=\"gallery.default\">\n\t\t\t\t<div class=\"elementor-widget-container\">\n\t\t\t\t\t\t\t<div class=\"elementor-gallery__container\">\n\t\t\t\t\t\t\t<a class=\"e-gallery-item elementor-gallery-item elementor-animated-content\" href=\"https:\/\/motorworld.de\/wp-content\/uploads\/2025\/10\/Motorworld_Mallorca_Conference_Balearic_.2.jpg\" data-elementor-open-lightbox=\"yes\" data-elementor-lightbox-slideshow=\"2da844f\" data-e-action-hash=\"#elementor-action%3Aaction%3Dlightbox%26settings%3DeyJpZCI6MTM3Njc0LCJ1cmwiOiJodHRwczpcL1wvbW90b3J3b3JsZC5kZVwvd3AtY29udGVudFwvdXBsb2Fkc1wvMjAyNVwvMTBcL01vdG9yd29ybGRfTWFsbG9yY2FfQ29uZmVyZW5jZV9CYWxlYXJpY18uMi5qcGciLCJzbGlkZXNob3ciOiIyZGE4NDRmIn0%3D\">\n\t\t\t\t\t<div class=\"e-gallery-image elementor-gallery-item__image\" data-thumbnail=\"https:\/\/motorworld.de\/wp-content\/uploads\/2025\/10\/Motorworld_Mallorca_Conference_Balearic_.2-768x512.jpg\" data-width=\"768\" data-height=\"512\" aria-label=\"Moderna sala de conferencias con ocho sillones de cuero marr\u00f3n alrededor de una mesa azul con un mapa en el centro, gran ventanal con vistas a los ascensores de veh\u00edculos y una pantalla en la pared con la inscripci\u00f3n Mallorca, Espa\u00f1a.\" role=\"img\" ><\/div>\n\t\t\t\t\t\t\t\t\t\t\t<div class=\"elementor-gallery-item__overlay\"><\/div>\n\t\t\t\t\t\t\t\t\t\t\t\t\t\t<\/a>\n\t\t\t\t\t\t\t<a class=\"e-gallery-item elementor-gallery-item elementor-animated-content\" href=\"https:\/\/motorworld.de\/wp-content\/uploads\/2025\/10\/Motorworld_Mallorca_Conference_Balearic_1.jpg\" data-elementor-open-lightbox=\"yes\" data-elementor-lightbox-slideshow=\"2da844f\" data-e-action-hash=\"#elementor-action%3Aaction%3Dlightbox%26settings%3DeyJpZCI6MTM3Njc1LCJ1cmwiOiJodHRwczpcL1wvbW90b3J3b3JsZC5kZVwvd3AtY29udGVudFwvdXBsb2Fkc1wvMjAyNVwvMTBcL01vdG9yd29ybGRfTWFsbG9yY2FfQ29uZmVyZW5jZV9CYWxlYXJpY18xLmpwZyIsInNsaWRlc2hvdyI6IjJkYTg0NGYifQ%3D%3D\">\n\t\t\t\t\t<div class=\"e-gallery-image elementor-gallery-item__image\" data-thumbnail=\"https:\/\/motorworld.de\/wp-content\/uploads\/2025\/10\/Motorworld_Mallorca_Conference_Balearic_1-768x512.jpg\" data-width=\"768\" data-height=\"512\" aria-label=\"Moderna sala de conferencias con mesa azul, sillas de cuero marr\u00f3n y murales con im\u00e1genes de paisajes costeros, una gran pantalla muestra una escena hist\u00f3rica en blanco y negro con un zepel\u00edn.\" role=\"img\" ><\/div>\n\t\t\t\t\t\t\t\t\t\t\t<div class=\"elementor-gallery-item__overlay\"><\/div>\n\t\t\t\t\t\t\t\t\t\t\t\t\t\t<\/a>\n\t\t\t\t\t\t\t<a class=\"e-gallery-item elementor-gallery-item elementor-animated-content\" href=\"https:\/\/motorworld.de\/wp-content\/uploads\/2025\/10\/Motorworld_Mallorca_Conference_Balearic_3.jpg\" data-elementor-open-lightbox=\"yes\" data-elementor-lightbox-slideshow=\"2da844f\" data-e-action-hash=\"#elementor-action%3Aaction%3Dlightbox%26settings%3DeyJpZCI6MTM3Njc2LCJ1cmwiOiJodHRwczpcL1wvbW90b3J3b3JsZC5kZVwvd3AtY29udGVudFwvdXBsb2Fkc1wvMjAyNVwvMTBcL01vdG9yd29ybGRfTWFsbG9yY2FfQ29uZmVyZW5jZV9CYWxlYXJpY18zLmpwZyIsInNsaWRlc2hvdyI6IjJkYTg0NGYifQ%3D%3D\">\n\t\t\t\t\t<div class=\"e-gallery-image elementor-gallery-item__image\" data-thumbnail=\"https:\/\/motorworld.de\/wp-content\/uploads\/2025\/10\/Motorworld_Mallorca_Conference_Balearic_3-768x512.jpg\" data-width=\"768\" data-height=\"512\" aria-label=\"Una sala de reuniones con sillones de cuero marr\u00f3n junto a una mesa de madera, una gran pantalla en la pared entre dos elementos estructurales amarillos y rojos y una pared con un mural mar\u00edtimo y una zona de arena rodeada de cuerdas debajo.\" role=\"img\" ><\/div>\n\t\t\t\t\t\t\t\t\t\t\t<div class=\"elementor-gallery-item__overlay\"><\/div>\n\t\t\t\t\t\t\t\t\t\t\t\t\t\t<\/a>\n\t\t\t\t\t\t\t<a class=\"e-gallery-item elementor-gallery-item elementor-animated-content\" href=\"https:\/\/motorworld.de\/wp-content\/uploads\/2025\/10\/Motorworld_Mallorca_Conference_Balearic_4.jpg\" data-elementor-open-lightbox=\"yes\" data-elementor-lightbox-slideshow=\"2da844f\" data-e-action-hash=\"#elementor-action%3Aaction%3Dlightbox%26settings%3DeyJpZCI6MTM3Njc3LCJ1cmwiOiJodHRwczpcL1wvbW90b3J3b3JsZC5kZVwvd3AtY29udGVudFwvdXBsb2Fkc1wvMjAyNVwvMTBcL01vdG9yd29ybGRfTWFsbG9yY2FfQ29uZmVyZW5jZV9CYWxlYXJpY180LmpwZyIsInNsaWRlc2hvdyI6IjJkYTg0NGYifQ%3D%3D\">\n\t\t\t\t\t<div class=\"e-gallery-image elementor-gallery-item__image\" data-thumbnail=\"https:\/\/motorworld.de\/wp-content\/uploads\/2025\/10\/Motorworld_Mallorca_Conference_Balearic_4-768x512.jpg\" data-width=\"768\" data-height=\"512\" aria-label=\"Sala de conferencias con una larga mesa blanca y ocho sillones de cuero marr\u00f3n, grandes ventanales a la izquierda y una gran pantalla en la pared del fondo.\" role=\"img\" ><\/div>\n\t\t\t\t\t\t\t\t\t\t\t<div class=\"elementor-gallery-item__overlay\"><\/div>\n\t\t\t\t\t\t\t\t\t\t\t\t\t\t<\/a>\n\t\t\t\t\t\t\t<a class=\"e-gallery-item elementor-gallery-item elementor-animated-content\" href=\"https:\/\/motorworld.de\/wp-content\/uploads\/2025\/10\/Motorworld_Mallorca_Conference_Balearic_5.jpg\" data-elementor-open-lightbox=\"yes\" data-elementor-lightbox-slideshow=\"2da844f\" data-e-action-hash=\"#elementor-action%3Aaction%3Dlightbox%26settings%3DeyJpZCI6MTM3Njc4LCJ1cmwiOiJodHRwczpcL1wvbW90b3J3b3JsZC5kZVwvd3AtY29udGVudFwvdXBsb2Fkc1wvMjAyNVwvMTBcL01vdG9yd29ybGRfTWFsbG9yY2FfQ29uZmVyZW5jZV9CYWxlYXJpY181LmpwZyIsInNsaWRlc2hvdyI6IjJkYTg0NGYifQ%3D%3D\">\n\t\t\t\t\t<div class=\"e-gallery-image elementor-gallery-item__image\" data-thumbnail=\"https:\/\/motorworld.de\/wp-content\/uploads\/2025\/10\/Motorworld_Mallorca_Conference_Balearic_5-768x1152.jpg\" data-width=\"768\" data-height=\"1152\" aria-label=\"Estrecho arenal entre la barandilla de madera y el muro, decorado con conchas, estrellas de mar, un elemento de cuerda y una vieja polea.\" role=\"img\" ><\/div>\n\t\t\t\t\t\t\t\t\t\t\t<div class=\"elementor-gallery-item__overlay\"><\/div>\n\t\t\t\t\t\t\t\t\t\t\t\t\t\t<\/a>\n\t\t\t\t\t\t\t<a class=\"e-gallery-item elementor-gallery-item elementor-animated-content\" href=\"https:\/\/motorworld.de\/wp-content\/uploads\/2025\/10\/Motorworld_Mallorca_Conference_Balearic_6.jpg\" data-elementor-open-lightbox=\"yes\" data-elementor-lightbox-slideshow=\"2da844f\" data-e-action-hash=\"#elementor-action%3Aaction%3Dlightbox%26settings%3DeyJpZCI6MTM3Njc5LCJ1cmwiOiJodHRwczpcL1wvbW90b3J3b3JsZC5kZVwvd3AtY29udGVudFwvdXBsb2Fkc1wvMjAyNVwvMTBcL01vdG9yd29ybGRfTWFsbG9yY2FfQ29uZmVyZW5jZV9CYWxlYXJpY182LmpwZyIsInNsaWRlc2hvdyI6IjJkYTg0NGYifQ%3D%3D\">\n\t\t\t\t\t<div class=\"e-gallery-image elementor-gallery-item__image\" data-thumbnail=\"https:\/\/motorworld.de\/wp-content\/uploads\/2025\/10\/Motorworld_Mallorca_Conference_Balearic_6-768x512.jpg\" data-width=\"768\" data-height=\"512\" aria-label=\"Mesa de conferencias azul con bordes negros, en cuyo centro hay un gran mapa de las islas Baleares de Ibiza, Mallorca y Menorca, sobre el que se disponen objetos mar\u00edtimos decorativos como redes, br\u00fajulas, conchas y estrellas, rodeada de seis sillones de cuero naranja.\" role=\"img\" ><\/div>\n\t\t\t\t\t\t\t\t\t\t\t<div class=\"elementor-gallery-item__overlay\"><\/div>\n\t\t\t\t\t\t\t\t\t\t\t\t\t\t<\/a>\n\t\t\t\t\t\t\t<a class=\"e-gallery-item elementor-gallery-item elementor-animated-content\" href=\"https:\/\/motorworld.de\/wp-content\/uploads\/2025\/10\/Motorworld_Mallorca_Conference_Balearic_7.jpg\" data-elementor-open-lightbox=\"yes\" data-elementor-lightbox-slideshow=\"2da844f\" data-e-action-hash=\"#elementor-action%3Aaction%3Dlightbox%26settings%3DeyJpZCI6MTM3NjgwLCJ1cmwiOiJodHRwczpcL1wvbW90b3J3b3JsZC5kZVwvd3AtY29udGVudFwvdXBsb2Fkc1wvMjAyNVwvMTBcL01vdG9yd29ybGRfTWFsbG9yY2FfQ29uZmVyZW5jZV9CYWxlYXJpY183LmpwZyIsInNsaWRlc2hvdyI6IjJkYTg0NGYifQ%3D%3D\">\n\t\t\t\t\t<div class=\"e-gallery-image elementor-gallery-item__image\" data-thumbnail=\"https:\/\/motorworld.de\/wp-content\/uploads\/2025\/10\/Motorworld_Mallorca_Conference_Balearic_7-768x512.jpg\" data-width=\"768\" data-height=\"512\" aria-label=\"Una larga mesa azul con un mapa incorporado de las islas Baleares de Ibiza, Formentera, Mallorca y Menorca, cuatro sillas de cuero marr\u00f3n frente a ella en una sala de conferencias.\" role=\"img\" ><\/div>\n\t\t\t\t\t\t\t\t\t\t\t<div class=\"elementor-gallery-item__overlay\"><\/div>\n\t\t\t\t\t\t\t\t\t\t\t\t\t\t<\/a>\n\t\t\t\t\t\t\t<a class=\"e-gallery-item elementor-gallery-item elementor-animated-content\" href=\"https:\/\/motorworld.de\/wp-content\/uploads\/2025\/10\/Motorworld_Mallorca_Conference_Balearic_8.jpg\" data-elementor-open-lightbox=\"yes\" data-elementor-lightbox-slideshow=\"2da844f\" data-e-action-hash=\"#elementor-action%3Aaction%3Dlightbox%26settings%3DeyJpZCI6MTM3NjgxLCJ1cmwiOiJodHRwczpcL1wvbW90b3J3b3JsZC5kZVwvd3AtY29udGVudFwvdXBsb2Fkc1wvMjAyNVwvMTBcL01vdG9yd29ybGRfTWFsbG9yY2FfQ29uZmVyZW5jZV9CYWxlYXJpY184LmpwZyIsInNsaWRlc2hvdyI6IjJkYTg0NGYifQ%3D%3D\">\n\t\t\t\t\t<div class=\"e-gallery-image elementor-gallery-item__image\" data-thumbnail=\"https:\/\/motorworld.de\/wp-content\/uploads\/2025\/10\/Motorworld_Mallorca_Conference_Balearic_8-768x393.jpg\" data-width=\"768\" data-height=\"393\" aria-label=\"Sala de conferencias con sillones de cuero marr\u00f3n alrededor de una gran mesa con un mapa incorporado, en la pared un televisor con un coche de carreras en la carretera y una pared con un collage de fotos sobre un fondo de cielo y mar.\" role=\"img\" ><\/div>\n\t\t\t\t\t\t\t\t\t\t\t<div class=\"elementor-gallery-item__overlay\"><\/div>\n\t\t\t\t\t\t\t\t\t\t\t\t\t\t<\/a>\n\t\t\t\t\t<\/div>\n\t\t\t\t\t<\/div>\n\t\t\t\t<\/div>\n\t\t\t\t\t<\/div>\n\t\t\t\t<\/div>\n\t\t\t\t\t<\/div>\n\t\t\t\t<\/div>\n\t\t\t\t<\/div>\n\t\t","protected":false},"excerpt":{"rendered":"<p>Baleares MOTORWORLD Mallorca . Su solicitud Tel\u00e9fono +34 677 344508 events-mallorca@motorworld.de Localizaci\u00f3n Google Maps \u203a<\/p>\n","protected":false},"author":1,"featured_media":0,"parent":73302,"menu_order":0,"comment_status":"closed","ping_status":"closed","template":"","meta":{"_acf_changed":false,"footnotes":""},"categories":[],"class_list":["post-137682","page","type-page","status-publish","hentry"],"acf":[],"_links":{"self":[{"href":"https:\/\/motorworld.de\/es\/wp-json\/wp\/v2\/pages\/137682","targetHints":{"allow":["GET"]}}],"collection":[{"href":"https:\/\/motorworld.de\/es\/wp-json\/wp\/v2\/pages"}],"about":[{"href":"https:\/\/motorworld.de\/es\/wp-json\/wp\/v2\/types\/page"}],"author":[{"embeddable":true,"href":"https:\/\/motorworld.de\/es\/wp-json\/wp\/v2\/users\/1"}],"replies":[{"embeddable":true,"href":"https:\/\/motorworld.de\/es\/wp-json\/wp\/v2\/comments?post=137682"}],"version-history":[{"count":0,"href":"https:\/\/motorworld.de\/es\/wp-json\/wp\/v2\/pages\/137682\/revisions"}],"up":[{"embeddable":true,"href":"https:\/\/motorworld.de\/es\/wp-json\/wp\/v2\/pages\/73302"}],"wp:attachment":[{"href":"https:\/\/motorworld.de\/es\/wp-json\/wp\/v2\/media?parent=137682"}],"wp:term":[{"taxonomy":"category","embeddable":true,"href":"https:\/\/motorworld.de\/es\/wp-json\/wp\/v2\/categories?post=137682"}],"curies":[{"name":"wp","href":"https:\/\/api.w.org\/{rel}","templated":true}]}}