{"id":137596,"date":"2025-10-11T20:31:39","date_gmt":"2025-10-11T18:31:39","guid":{"rendered":"https:\/\/motorworld.de\/mallorca\/locales-de-eventos-mallorca\/workstation\/"},"modified":"2025-10-13T23:24:53","modified_gmt":"2025-10-13T21:24:53","slug":"workstation","status":"publish","type":"page","link":"https:\/\/motorworld.de\/es\/mallorca\/locales-de-eventos-mallorca\/workstation\/","title":{"rendered":"Workstation"},"content":{"rendered":"\t\t<div data-elementor-type=\"wp-page\" data-elementor-id=\"137596\" class=\"elementor elementor-137596 elementor-137287\" data-elementor-post-type=\"page\">\n\t\t\t\t<div class=\"elementor-element elementor-element-43f90ef e-flex e-con-boxed e-con e-parent\" data-id=\"43f90ef\" data-element_type=\"container\" data-e-type=\"container\" data-settings=\"{&quot;background_background&quot;:&quot;classic&quot;}\">\n\t\t\t\t\t<div class=\"e-con-inner\">\n\t\t\t\t<div class=\"elementor-element elementor-element-411149d elementor-widget elementor-widget-wp-widget-bcn_widget\" data-id=\"411149d\" data-element_type=\"widget\" data-e-type=\"widget\" data-widget_type=\"wp-widget-bcn_widget.default\">\n\t\t\t\t<div class=\"elementor-widget-container\">\n\t\t\t\t\t<div class=\"breadcrumbs\" vocab=\"https:\/\/schema.org\/\" typeof=\"BreadcrumbList\"><span property=\"itemListElement\" typeof=\"ListItem\"><a property=\"item\" typeof=\"WebPage\" title=\"Go to Motorworld Eventlocations.\" href=\"https:\/\/motorworld.de\/\" class=\"home\" aria-current=\"page\"><span property=\"name\">Home<\/span><\/a><meta property=\"position\" content=\"1\"><\/span><\/div>\t\t\t\t<\/div>\n\t\t\t\t<\/div>\n\t\t\t\t\t<\/div>\n\t\t\t\t<\/div>\n\t\t<div class=\"elementor-element elementor-element-57530d0 e-flex e-con-boxed e-con e-parent\" data-id=\"57530d0\" data-element_type=\"container\" data-e-type=\"container\" data-settings=\"{&quot;background_background&quot;:&quot;classic&quot;}\">\n\t\t\t\t\t<div class=\"e-con-inner\">\n\t\t<div class=\"elementor-element elementor-element-d3d65c2 e-con-full e-flex e-con e-child\" data-id=\"d3d65c2\" data-element_type=\"container\" data-e-type=\"container\">\n\t\t\t\t<div class=\"elementor-element elementor-element-e5ad92c elementor-widget elementor-widget-image\" data-id=\"e5ad92c\" data-element_type=\"widget\" data-e-type=\"widget\" data-widget_type=\"image.default\">\n\t\t\t\t<div class=\"elementor-widget-container\">\n\t\t\t\t\t\t\t\t\t\t\t\t\t\t\t<img fetchpriority=\"high\" decoding=\"async\" width=\"2500\" height=\"1667\" src=\"https:\/\/motorworld.de\/wp-content\/uploads\/2025\/10\/Motorworld_Mallorca_Conference_Workstation1-2_2.jpg\" class=\"attachment-full size-full wp-image-137588\" alt=\"Varias filas de sillas negras en una sala de seminarios moderna, de estilo industrial, con una pared de ladrillo, pilares de hormig\u00f3n a la vista y un gran cuadro de un autob\u00fas VW en la pared de la derecha.\" srcset=\"https:\/\/motorworld.de\/wp-content\/uploads\/2025\/10\/Motorworld_Mallorca_Conference_Workstation1-2_2.jpg 2500w, https:\/\/motorworld.de\/wp-content\/uploads\/2025\/10\/Motorworld_Mallorca_Conference_Workstation1-2_2-300x200.jpg 300w, https:\/\/motorworld.de\/wp-content\/uploads\/2025\/10\/Motorworld_Mallorca_Conference_Workstation1-2_2-1024x683.jpg 1024w, https:\/\/motorworld.de\/wp-content\/uploads\/2025\/10\/Motorworld_Mallorca_Conference_Workstation1-2_2-768x512.jpg 768w, https:\/\/motorworld.de\/wp-content\/uploads\/2025\/10\/Motorworld_Mallorca_Conference_Workstation1-2_2-1536x1024.jpg 1536w, https:\/\/motorworld.de\/wp-content\/uploads\/2025\/10\/Motorworld_Mallorca_Conference_Workstation1-2_2-2048x1366.jpg 2048w\" sizes=\"(max-width: 2500px) 100vw, 2500px\" \/>\t\t\t\t\t\t\t\t\t\t\t\t\t\t\t<\/div>\n\t\t\t\t<\/div>\n\t\t<div class=\"elementor-element elementor-element-00225e6 e-con-full e-flex e-con e-child\" data-id=\"00225e6\" data-element_type=\"container\" data-e-type=\"container\">\n\t\t<div class=\"elementor-element elementor-element-1b66e5f e-con-full e-flex e-con e-child\" data-id=\"1b66e5f\" data-element_type=\"container\" data-e-type=\"container\">\n\t\t\t\t<div class=\"elementor-element elementor-element-eaa437e elementor-widget elementor-widget-heading\" data-id=\"eaa437e\" data-element_type=\"widget\" data-e-type=\"widget\" data-widget_type=\"heading.default\">\n\t\t\t\t<div class=\"elementor-widget-container\">\n\t\t\t\t\t<h2 class=\"elementor-heading-title elementor-size-default\"><span style=\"font-weight:700\">Workstation<\/span> <br>MOTORWORLD Mallorca<\/h2>\t\t\t\t<\/div>\n\t\t\t\t<\/div>\n\t\t\t\t<div class=\"elementor-element elementor-element-7190870 elementor-hidden-desktop elementor-hidden-laptop elementor-hidden-tablet_extra elementor-hidden-tablet elementor-hidden-mobile elementor-widget elementor-widget-text-editor\" data-id=\"7190870\" data-element_type=\"widget\" data-e-type=\"widget\" data-widget_type=\"text-editor.default\">\n\t\t\t\t<div class=\"elementor-widget-container\">\n\t\t\t\t\t\t\t\t\t<p>.<\/p>\t\t\t\t\t\t\t\t<\/div>\n\t\t\t\t<\/div>\n\t\t<div class=\"elementor-element elementor-element-ffccd8c e-flex e-con-boxed e-con e-child\" data-id=\"ffccd8c\" data-element_type=\"container\" data-e-type=\"container\">\n\t\t\t\t\t<div class=\"e-con-inner\">\n\t\t\t\t<div class=\"elementor-element elementor-element-4f1dfd8 elementor-align-left elementor-widget elementor-widget-button\" data-id=\"4f1dfd8\" data-element_type=\"widget\" data-e-type=\"widget\" data-widget_type=\"button.default\">\n\t\t\t\t<div class=\"elementor-widget-container\">\n\t\t\t\t\t\t\t\t\t<div class=\"elementor-button-wrapper\">\n\t\t\t\t\t<a class=\"elementor-button elementor-button-link elementor-size-sm\" href=\"https:\/\/kontakt.motorworld.de\/?location=mallorca\">\n\t\t\t\t\t\t<span class=\"elementor-button-content-wrapper\">\n\t\t\t\t\t\t\t\t\t<span class=\"elementor-button-text\">Su solicitud<\/span>\n\t\t\t\t\t<\/span>\n\t\t\t\t\t<\/a>\n\t\t\t\t<\/div>\n\t\t\t\t\t\t\t\t<\/div>\n\t\t\t\t<\/div>\n\t\t\t\t\t<\/div>\n\t\t\t\t<\/div>\n\t\t\t\t<\/div>\n\t\t<div class=\"elementor-element elementor-element-8ae30e7 e-con-full e-flex e-con e-child\" data-id=\"8ae30e7\" data-element_type=\"container\" data-e-type=\"container\">\n\t\t\t\t<div class=\"elementor-element elementor-element-daff2c3 elementor-widget elementor-widget-image\" data-id=\"daff2c3\" data-element_type=\"widget\" data-e-type=\"widget\" data-widget_type=\"image.default\">\n\t\t\t\t<div class=\"elementor-widget-container\">\n\t\t\t\t\t\t\t\t\t\t\t\t\t\t\t\t<a href=\"https:\/\/motorworld.de\/es\/mallorca\/\">\n\t\t\t\t\t\t\t<img decoding=\"async\" width=\"693\" height=\"125\" src=\"https:\/\/motorworld.de\/wp-content\/uploads\/2022\/08\/mw-logo-2022-standorte-mallorca-e1642523953433.png\" class=\"attachment-full size-full wp-image-72536\" alt=\"Lugar del evento motociclista Motorworld Mallorca con bandera de carreras como logotipo\" srcset=\"https:\/\/motorworld.de\/wp-content\/uploads\/2022\/08\/mw-logo-2022-standorte-mallorca-e1642523953433.png 693w, https:\/\/motorworld.de\/wp-content\/uploads\/2022\/08\/mw-logo-2022-standorte-mallorca-e1642523953433-300x54.png 300w\" sizes=\"(max-width: 693px) 100vw, 693px\" \/>\t\t\t\t\t\t\t\t<\/a>\n\t\t\t\t\t\t\t\t\t\t\t\t\t\t\t<\/div>\n\t\t\t\t<\/div>\n\t\t\t\t<div class=\"elementor-element elementor-element-d9823d1 elementor-align-start elementor-icon-list--layout-traditional elementor-list-item-link-full_width elementor-widget elementor-widget-icon-list\" data-id=\"d9823d1\" data-element_type=\"widget\" data-e-type=\"widget\" data-widget_type=\"icon-list.default\">\n\t\t\t\t<div class=\"elementor-widget-container\">\n\t\t\t\t\t\t\t<ul class=\"elementor-icon-list-items\">\n\t\t\t\t\t\t\t<li class=\"elementor-icon-list-item\">\n\t\t\t\t\t\t\t\t\t\t\t<a href=\"tel:+34677344508\">\n\n\t\t\t\t\t\t\t\t\t\t\t<span class=\"elementor-icon-list-text\">Tel\u00e9fono +34 677 344508<\/span>\n\t\t\t\t\t\t\t\t\t\t\t<\/a>\n\t\t\t\t\t\t\t\t\t<\/li>\n\t\t\t\t\t\t\t\t<li class=\"elementor-icon-list-item\">\n\t\t\t\t\t\t\t\t\t\t\t<a href=\"mailto:events-mallorca@motorworld.de\">\n\n\t\t\t\t\t\t\t\t\t\t\t<span class=\"elementor-icon-list-text\">events-mallorca@motorworld.de<\/span>\n\t\t\t\t\t\t\t\t\t\t\t<\/a>\n\t\t\t\t\t\t\t\t\t<\/li>\n\t\t\t\t\t\t\t\t<li class=\"elementor-icon-list-item\">\n\t\t\t\t\t\t\t\t\t\t\t<a href=\"https:\/\/maps.app.goo.gl\/SK5ZDkJvski5avVK7\" target=\"_blank\" rel=\"noopener\">\n\n\t\t\t\t\t\t\t\t\t\t\t<span class=\"elementor-icon-list-text\">Localizaci\u00f3n Google Maps \u203a<\/span>\n\t\t\t\t\t\t\t\t\t\t\t<\/a>\n\t\t\t\t\t\t\t\t\t<\/li>\n\t\t\t\t\t\t<\/ul>\n\t\t\t\t\t\t<\/div>\n\t\t\t\t<\/div>\n\t\t\t\t<\/div>\n\t\t\t\t<\/div>\n\t\t\t\t<\/div>\n\t\t\t\t\t<\/div>\n\t\t\t\t<\/div>\n\t\t<div class=\"elementor-element elementor-element-657a517 e-flex e-con-boxed e-con e-parent\" data-id=\"657a517\" data-element_type=\"container\" data-e-type=\"container\">\n\t\t\t\t\t<div class=\"e-con-inner\">\n\t\t<div class=\"elementor-element elementor-element-9fa47ff e-con-full e-flex e-con e-child\" data-id=\"9fa47ff\" data-element_type=\"container\" data-e-type=\"container\">\n\t\t\t\t<div class=\"elementor-element elementor-element-379e319 elementor-widget elementor-widget-shortcode\" data-id=\"379e319\" data-element_type=\"widget\" data-e-type=\"widget\" data-widget_type=\"shortcode.default\">\n\t\t\t\t<div class=\"elementor-widget-container\">\n\t\t\t\t\t\t\t<div class=\"elementor-shortcode\">\n<table id=\"tablepress-98\" class=\"tablepress tablepress-id-98\">\n<thead>\n<tr class=\"row-1\">\n\t<th class=\"column-1\"><strong>Locations<\/strong><\/th><th class=\"column-2\"><strong>Gr\u00f6\u00dfe<\/strong><\/th><th class=\"column-3\"><strong>Pers. max<\/strong><\/th><th class=\"column-4\"><strong>Theater<\/strong><\/th><th class=\"column-5\"><strong>Parlament<\/strong><\/th><th class=\"column-6\"><strong>U-Form<\/strong><\/th><th class=\"column-7\"><strong>Block<\/strong><\/th><th class=\"column-8\"><strong>Bankett<\/strong><\/th><th class=\"column-9\"><strong>Bankett<\/strong><\/th>\n<\/tr>\n<\/thead>\n<tbody class=\"row-striping row-hover\">\n<tr class=\"row-2\">\n\t<td class=\"column-1\"><\/td><td class=\"column-2\"><\/td><td class=\"column-3\"><\/td><td class=\"column-4\"><img decoding=\"async\" style=\"height:50px;  padding:10px 0\" src=\"\/wp-content\/uploads\/2022\/09\/Reihe.svg\"\/><\/td><td class=\"column-5\"><img decoding=\"async\" style=\"height:54px;  padding:10px 0\" src=\"\/wp-content\/uploads\/2022\/09\/Parlament.svg\"\/><\/td><td class=\"column-6\"><img decoding=\"async\" style=\"height:54px;  padding:10px 0\" src=\"\/wp-content\/uploads\/2022\/12\/u-form.svg\"\/><\/td><td class=\"column-7\"><img decoding=\"async\" style=\"height:53px;  padding:10px 0\" src=\"\/wp-content\/uploads\/2022\/09\/Bankett-A.svg\"\/><\/td><td class=\"column-8\"><img decoding=\"async\" style=\"height:54px;  padding:10px 0\" src=\"\/wp-content\/uploads\/2022\/09\/Bankett-B.svg\"\/><\/td><td class=\"column-9\"><img decoding=\"async\" style=\"height:54px;  padding:10px 0\" src=\"\/wp-content\/uploads\/2024\/07\/Bankett-Mallorca-2.svg\"\/><\/td>\n<\/tr>\n<tr class=\"row-3\">\n\t<td class=\"column-1\"><span style=\"white-space:nowrap\"><strong>Workstation 1 + 2<\/strong><\/span><\/td><td class=\"column-2\">100 m\u00b2<\/td><td class=\"column-3\">94<\/td><td class=\"column-4\">94<\/td><td class=\"column-5\">30<\/td><td class=\"column-6\">22<\/td><td class=\"column-7\">\u2022<\/td><td class=\"column-8\">\u2022<\/td><td class=\"column-9\">\u2022<\/td>\n<\/tr>\n<tr class=\"row-4\">\n\t<td class=\"column-1\">Workstation 1<\/td><td class=\"column-2\">44 m\u00b2<\/td><td class=\"column-3\">34<\/td><td class=\"column-4\">34<\/td><td class=\"column-5\">8<\/td><td class=\"column-6\">\u2022<\/td><td class=\"column-7\">14<\/td><td class=\"column-8\">\u2022<\/td><td class=\"column-9\">\u2022<\/td>\n<\/tr>\n<tr class=\"row-5\">\n\t<td class=\"column-1\">Workstation 2<\/td><td class=\"column-2\">56 m\u00b2<\/td><td class=\"column-3\">47<\/td><td class=\"column-4\">47<\/td><td class=\"column-5\">12<\/td><td class=\"column-6\">14<\/td><td class=\"column-7\">12<\/td><td class=\"column-8\">\u2022<\/td><td class=\"column-9\">\u2022<\/td>\n<\/tr>\n<\/tbody>\n<\/table>\n<!-- #tablepress-98 from cache --><\/div>\n\t\t\t\t\t\t<\/div>\n\t\t\t\t<\/div>\n\t\t\t\t<\/div>\n\t\t\t\t\t<\/div>\n\t\t\t\t<\/div>\n\t\t<div class=\"elementor-element elementor-element-a85985a e-flex e-con-boxed e-con e-parent\" data-id=\"a85985a\" data-element_type=\"container\" data-e-type=\"container\">\n\t\t\t\t\t<div class=\"e-con-inner\">\n\t\t<div class=\"elementor-element elementor-element-c3ab9c4 e-flex e-con-boxed e-con e-child\" data-id=\"c3ab9c4\" data-element_type=\"container\" data-e-type=\"container\">\n\t\t\t\t\t<div class=\"e-con-inner\">\n\t\t\t\t<div class=\"elementor-element elementor-element-8a3c35c elementor-widget elementor-widget-gallery\" data-id=\"8a3c35c\" data-element_type=\"widget\" data-e-type=\"widget\" data-settings=\"{&quot;lazyload&quot;:&quot;yes&quot;,&quot;gallery_layout&quot;:&quot;grid&quot;,&quot;columns&quot;:4,&quot;columns_tablet&quot;:2,&quot;columns_mobile&quot;:1,&quot;gap&quot;:{&quot;unit&quot;:&quot;px&quot;,&quot;size&quot;:10,&quot;sizes&quot;:[]},&quot;gap_laptop&quot;:{&quot;unit&quot;:&quot;px&quot;,&quot;size&quot;:10,&quot;sizes&quot;:[]},&quot;gap_tablet_extra&quot;:{&quot;unit&quot;:&quot;px&quot;,&quot;size&quot;:10,&quot;sizes&quot;:[]},&quot;gap_tablet&quot;:{&quot;unit&quot;:&quot;px&quot;,&quot;size&quot;:10,&quot;sizes&quot;:[]},&quot;gap_mobile&quot;:{&quot;unit&quot;:&quot;px&quot;,&quot;size&quot;:10,&quot;sizes&quot;:[]},&quot;link_to&quot;:&quot;file&quot;,&quot;aspect_ratio&quot;:&quot;3:2&quot;,&quot;overlay_background&quot;:&quot;yes&quot;,&quot;content_hover_animation&quot;:&quot;fade-in&quot;}\" data-widget_type=\"gallery.default\">\n\t\t\t\t<div class=\"elementor-widget-container\">\n\t\t\t\t\t\t\t<div class=\"elementor-gallery__container\">\n\t\t\t\t\t\t\t<a class=\"e-gallery-item elementor-gallery-item elementor-animated-content\" href=\"https:\/\/motorworld.de\/wp-content\/uploads\/2025\/10\/Motorworld_Mallorca_Conference_Workstation1-2_2.jpg\" data-elementor-open-lightbox=\"yes\" data-elementor-lightbox-slideshow=\"8a3c35c\" data-e-action-hash=\"#elementor-action%3Aaction%3Dlightbox%26settings%3DeyJpZCI6MTM3NTg4LCJ1cmwiOiJodHRwczpcL1wvbW90b3J3b3JsZC5kZVwvd3AtY29udGVudFwvdXBsb2Fkc1wvMjAyNVwvMTBcL01vdG9yd29ybGRfTWFsbG9yY2FfQ29uZmVyZW5jZV9Xb3Jrc3RhdGlvbjEtMl8yLmpwZyIsInNsaWRlc2hvdyI6IjhhM2MzNWMifQ%3D%3D\">\n\t\t\t\t\t<div class=\"e-gallery-image elementor-gallery-item__image\" data-thumbnail=\"https:\/\/motorworld.de\/wp-content\/uploads\/2025\/10\/Motorworld_Mallorca_Conference_Workstation1-2_2-768x512.jpg\" data-width=\"768\" data-height=\"512\" aria-label=\"Varias filas de sillas negras en una sala de seminarios moderna, de estilo industrial, con una pared de ladrillo, pilares de hormig\u00f3n a la vista y un gran cuadro de un autob\u00fas VW en la pared de la derecha.\" role=\"img\" ><\/div>\n\t\t\t\t\t\t\t\t\t\t\t<div class=\"elementor-gallery-item__overlay\"><\/div>\n\t\t\t\t\t\t\t\t\t\t\t\t\t\t<\/a>\n\t\t\t\t\t\t\t<a class=\"e-gallery-item elementor-gallery-item elementor-animated-content\" href=\"https:\/\/motorworld.de\/wp-content\/uploads\/2025\/10\/Motorworld_Mallorca_Conference_Workstation2_4.jpg\" data-elementor-open-lightbox=\"yes\" data-elementor-lightbox-slideshow=\"8a3c35c\" data-e-action-hash=\"#elementor-action%3Aaction%3Dlightbox%26settings%3DeyJpZCI6MTM3NTg5LCJ1cmwiOiJodHRwczpcL1wvbW90b3J3b3JsZC5kZVwvd3AtY29udGVudFwvdXBsb2Fkc1wvMjAyNVwvMTBcL01vdG9yd29ybGRfTWFsbG9yY2FfQ29uZmVyZW5jZV9Xb3Jrc3RhdGlvbjJfNC5qcGciLCJzbGlkZXNob3ciOiI4YTNjMzVjIn0%3D\">\n\t\t\t\t\t<div class=\"e-gallery-image elementor-gallery-item__image\" data-thumbnail=\"https:\/\/motorworld.de\/wp-content\/uploads\/2025\/10\/Motorworld_Mallorca_Conference_Workstation2_4-768x512.jpg\" data-width=\"768\" data-height=\"512\" aria-label=\"Fila de sillas negras en una habitaci\u00f3n con suelo de hormig\u00f3n y una pared con un gran cuadro de un taller de coches al fondo con herramientas, bancos de trabajo y un coche sobre una plataforma elevadora.\" role=\"img\" ><\/div>\n\t\t\t\t\t\t\t\t\t\t\t<div class=\"elementor-gallery-item__overlay\"><\/div>\n\t\t\t\t\t\t\t\t\t\t\t\t\t\t<\/a>\n\t\t\t\t\t\t\t<a class=\"e-gallery-item elementor-gallery-item elementor-animated-content\" href=\"https:\/\/motorworld.de\/wp-content\/uploads\/2025\/10\/Motorworld_Mallorca_Conference_Workstation1-2.jpg\" data-elementor-open-lightbox=\"yes\" data-elementor-lightbox-slideshow=\"8a3c35c\" data-e-action-hash=\"#elementor-action%3Aaction%3Dlightbox%26settings%3DeyJpZCI6MTM3NTkwLCJ1cmwiOiJodHRwczpcL1wvbW90b3J3b3JsZC5kZVwvd3AtY29udGVudFwvdXBsb2Fkc1wvMjAyNVwvMTBcL01vdG9yd29ybGRfTWFsbG9yY2FfQ29uZmVyZW5jZV9Xb3Jrc3RhdGlvbjEtMi5qcGciLCJzbGlkZXNob3ciOiI4YTNjMzVjIn0%3D\">\n\t\t\t\t\t<div class=\"e-gallery-image elementor-gallery-item__image\" data-thumbnail=\"https:\/\/motorworld.de\/wp-content\/uploads\/2025\/10\/Motorworld_Mallorca_Conference_Workstation1-2-768x432.jpg\" data-width=\"768\" data-height=\"432\" aria-label=\"Interior con varias filas de sillas negras sobre un suelo de color claro, al fondo pared junto a veh\u00edculos tipo moto y zonas de taller, techo con l\u00e1mparas redondas y conductos de ventilaci\u00f3n\" role=\"img\" ><\/div>\n\t\t\t\t\t\t\t\t\t\t\t<div class=\"elementor-gallery-item__overlay\"><\/div>\n\t\t\t\t\t\t\t\t\t\t\t\t\t\t<\/a>\n\t\t\t\t\t\t\t<a class=\"e-gallery-item elementor-gallery-item elementor-animated-content\" href=\"https:\/\/motorworld.de\/wp-content\/uploads\/2025\/10\/Motorworld_Mallorca_Conference_Workstation1-2_4.jpg\" data-elementor-open-lightbox=\"yes\" data-elementor-lightbox-slideshow=\"8a3c35c\" data-e-action-hash=\"#elementor-action%3Aaction%3Dlightbox%26settings%3DeyJpZCI6MTM3NTkxLCJ1cmwiOiJodHRwczpcL1wvbW90b3J3b3JsZC5kZVwvd3AtY29udGVudFwvdXBsb2Fkc1wvMjAyNVwvMTBcL01vdG9yd29ybGRfTWFsbG9yY2FfQ29uZmVyZW5jZV9Xb3Jrc3RhdGlvbjEtMl80LmpwZyIsInNsaWRlc2hvdyI6IjhhM2MzNWMifQ%3D%3D\">\n\t\t\t\t\t<div class=\"e-gallery-image elementor-gallery-item__image\" data-thumbnail=\"https:\/\/motorworld.de\/wp-content\/uploads\/2025\/10\/Motorworld_Mallorca_Conference_Workstation1-2_4-768x512.jpg\" data-width=\"768\" data-height=\"512\" aria-label=\"Moderna sala de seminarios con varias filas de sillas negras, pared de ladrillo al fondo con una ventana iluminada y equipamiento t\u00e9cnico, suelo de hormig\u00f3n y techo industrial con l\u00e1mparas redondas.\" role=\"img\" ><\/div>\n\t\t\t\t\t\t\t\t\t\t\t<div class=\"elementor-gallery-item__overlay\"><\/div>\n\t\t\t\t\t\t\t\t\t\t\t\t\t\t<\/a>\n\t\t\t\t\t\t\t<a class=\"e-gallery-item elementor-gallery-item elementor-animated-content\" href=\"https:\/\/motorworld.de\/wp-content\/uploads\/2025\/10\/Motorworld_Mallorca_Conference_Workstation1-2_5.jpg\" data-elementor-open-lightbox=\"yes\" data-elementor-lightbox-slideshow=\"8a3c35c\" data-e-action-hash=\"#elementor-action%3Aaction%3Dlightbox%26settings%3DeyJpZCI6MTM3NTkyLCJ1cmwiOiJodHRwczpcL1wvbW90b3J3b3JsZC5kZVwvd3AtY29udGVudFwvdXBsb2Fkc1wvMjAyNVwvMTBcL01vdG9yd29ybGRfTWFsbG9yY2FfQ29uZmVyZW5jZV9Xb3Jrc3RhdGlvbjEtMl81LmpwZyIsInNsaWRlc2hvdyI6IjhhM2MzNWMifQ%3D%3D\">\n\t\t\t\t\t<div class=\"e-gallery-image elementor-gallery-item__image\" data-thumbnail=\"https:\/\/motorworld.de\/wp-content\/uploads\/2025\/10\/Motorworld_Mallorca_Conference_Workstation1-2_5-768x512.jpg\" data-width=\"768\" data-height=\"512\" aria-label=\"Varias filas de sillas negras vac\u00edas en una moderna sala de conferencias con vistas a una pared de ladrillo y hormig\u00f3n, dibujos t\u00e9cnicos de coches y una gran foto de un autob\u00fas Volkswagen rojo en la pared de la derecha.\" role=\"img\" ><\/div>\n\t\t\t\t\t\t\t\t\t\t\t<div class=\"elementor-gallery-item__overlay\"><\/div>\n\t\t\t\t\t\t\t\t\t\t\t\t\t\t<\/a>\n\t\t\t\t\t\t\t<a class=\"e-gallery-item elementor-gallery-item elementor-animated-content\" href=\"https:\/\/motorworld.de\/wp-content\/uploads\/2025\/10\/Motorworld_Mallorca_Conference_Workstation_2.jpg\" data-elementor-open-lightbox=\"yes\" data-elementor-lightbox-slideshow=\"8a3c35c\" data-e-action-hash=\"#elementor-action%3Aaction%3Dlightbox%26settings%3DeyJpZCI6MTM3NTkzLCJ1cmwiOiJodHRwczpcL1wvbW90b3J3b3JsZC5kZVwvd3AtY29udGVudFwvdXBsb2Fkc1wvMjAyNVwvMTBcL01vdG9yd29ybGRfTWFsbG9yY2FfQ29uZmVyZW5jZV9Xb3Jrc3RhdGlvbl8yLmpwZyIsInNsaWRlc2hvdyI6IjhhM2MzNWMifQ%3D%3D\">\n\t\t\t\t\t<div class=\"e-gallery-image elementor-gallery-item__image\" data-thumbnail=\"https:\/\/motorworld.de\/wp-content\/uploads\/2025\/10\/Motorworld_Mallorca_Conference_Workstation_2-768x581.jpg\" data-width=\"768\" data-height=\"581\" aria-label=\"Sala de conferencias vac\u00eda con varias filas de sillas negras frente a una pared con motivos de talleres y columnas azules, a la derecha un rotafolio con saludos escritos a mano en alem\u00e1n, espa\u00f1ol e ingl\u00e9s.\" role=\"img\" ><\/div>\n\t\t\t\t\t\t\t\t\t\t\t<div class=\"elementor-gallery-item__overlay\"><\/div>\n\t\t\t\t\t\t\t\t\t\t\t\t\t\t<\/a>\n\t\t\t\t\t\t\t<a class=\"e-gallery-item elementor-gallery-item elementor-animated-content\" href=\"https:\/\/motorworld.de\/wp-content\/uploads\/2025\/10\/Motorworld_Mallorca_Conference_Workstation1_4.jpg\" data-elementor-open-lightbox=\"yes\" data-elementor-lightbox-slideshow=\"8a3c35c\" data-e-action-hash=\"#elementor-action%3Aaction%3Dlightbox%26settings%3DeyJpZCI6MTM3NTk1LCJ1cmwiOiJodHRwczpcL1wvbW90b3J3b3JsZC5kZVwvd3AtY29udGVudFwvdXBsb2Fkc1wvMjAyNVwvMTBcL01vdG9yd29ybGRfTWFsbG9yY2FfQ29uZmVyZW5jZV9Xb3Jrc3RhdGlvbjFfNC5qcGciLCJzbGlkZXNob3ciOiI4YTNjMzVjIn0%3D\">\n\t\t\t\t\t<div class=\"e-gallery-image elementor-gallery-item__image\" data-thumbnail=\"https:\/\/motorworld.de\/wp-content\/uploads\/2025\/10\/Motorworld_Mallorca_Conference_Workstation1_4-768x512.jpg\" data-width=\"768\" data-height=\"512\" aria-label=\"Moderna vista de sala de conferencias con hileras de sillas negras, gran ventanal de cristal al frente y un gran cuadro de un coche rojo de \u00e9poca en la pared, en una sala de estilo industrial con paredes de ladrillo visto y hormig\u00f3n.\" role=\"img\" ><\/div>\n\t\t\t\t\t\t\t\t\t\t\t<div class=\"elementor-gallery-item__overlay\"><\/div>\n\t\t\t\t\t\t\t\t\t\t\t\t\t\t<\/a>\n\t\t\t\t\t\t\t<a class=\"e-gallery-item elementor-gallery-item elementor-animated-content\" href=\"https:\/\/motorworld.de\/wp-content\/uploads\/2025\/10\/Motorworld_Mallorca_Conference_Workstation1_3-1.jpg\" data-elementor-open-lightbox=\"yes\" data-elementor-lightbox-slideshow=\"8a3c35c\" data-e-action-hash=\"#elementor-action%3Aaction%3Dlightbox%26settings%3DeyJpZCI6MTM3OTkxLCJ1cmwiOiJodHRwczpcL1wvbW90b3J3b3JsZC5kZVwvd3AtY29udGVudFwvdXBsb2Fkc1wvMjAyNVwvMTBcL01vdG9yd29ybGRfTWFsbG9yY2FfQ29uZmVyZW5jZV9Xb3Jrc3RhdGlvbjFfMy0xLmpwZyIsInNsaWRlc2hvdyI6IjhhM2MzNWMifQ%3D%3D\">\n\t\t\t\t\t<div class=\"e-gallery-image elementor-gallery-item__image\" data-thumbnail=\"https:\/\/motorworld.de\/wp-content\/uploads\/2025\/10\/Motorworld_Mallorca_Conference_Workstation1_3-1-768x1152.jpg\" data-width=\"768\" data-height=\"1152\" aria-label=\"Reihen von schwarzen St\u00fchlen in einem Raum mit einer gro\u00dfen Wandgestaltung eines roten und wei\u00dfen Volkswagen-Busses in einer Werkstattkulisse, beleuchtet von runden Deckenlampen.\" role=\"img\" ><\/div>\n\t\t\t\t\t\t\t\t\t\t\t<div class=\"elementor-gallery-item__overlay\"><\/div>\n\t\t\t\t\t\t\t\t\t\t\t\t\t\t<\/a>\n\t\t\t\t\t<\/div>\n\t\t\t\t\t<\/div>\n\t\t\t\t<\/div>\n\t\t\t\t\t<\/div>\n\t\t\t\t<\/div>\n\t\t\t\t\t<\/div>\n\t\t\t\t<\/div>\n\t\t\t\t<\/div>\n\t\t","protected":false},"excerpt":{"rendered":"<p>Workstation MOTORWORLD Mallorca . Su solicitud Tel\u00e9fono +34 677 344508 events-mallorca@motorworld.de Localizaci\u00f3n Google Maps \u203a<\/p>\n","protected":false},"author":1,"featured_media":0,"parent":73302,"menu_order":0,"comment_status":"closed","ping_status":"closed","template":"","meta":{"_acf_changed":false,"footnotes":""},"categories":[],"class_list":["post-137596","page","type-page","status-publish","hentry"],"acf":[],"_links":{"self":[{"href":"https:\/\/motorworld.de\/es\/wp-json\/wp\/v2\/pages\/137596","targetHints":{"allow":["GET"]}}],"collection":[{"href":"https:\/\/motorworld.de\/es\/wp-json\/wp\/v2\/pages"}],"about":[{"href":"https:\/\/motorworld.de\/es\/wp-json\/wp\/v2\/types\/page"}],"author":[{"embeddable":true,"href":"https:\/\/motorworld.de\/es\/wp-json\/wp\/v2\/users\/1"}],"replies":[{"embeddable":true,"href":"https:\/\/motorworld.de\/es\/wp-json\/wp\/v2\/comments?post=137596"}],"version-history":[{"count":0,"href":"https:\/\/motorworld.de\/es\/wp-json\/wp\/v2\/pages\/137596\/revisions"}],"up":[{"embeddable":true,"href":"https:\/\/motorworld.de\/es\/wp-json\/wp\/v2\/pages\/73302"}],"wp:attachment":[{"href":"https:\/\/motorworld.de\/es\/wp-json\/wp\/v2\/media?parent=137596"}],"wp:term":[{"taxonomy":"category","embeddable":true,"href":"https:\/\/motorworld.de\/es\/wp-json\/wp\/v2\/categories?post=137596"}],"curies":[{"name":"wp","href":"https:\/\/api.w.org\/{rel}","templated":true}]}}