{"id":137541,"date":"2025-10-11T20:31:03","date_gmt":"2025-10-11T18:31:03","guid":{"rendered":"https:\/\/motorworld.de\/mallorca\/locales-de-eventos-mallorca\/racing\/"},"modified":"2025-10-12T13:50:43","modified_gmt":"2025-10-12T11:50:43","slug":"racing","status":"publish","type":"page","link":"https:\/\/motorworld.de\/es\/mallorca\/locales-de-eventos-mallorca\/racing\/","title":{"rendered":"Racing"},"content":{"rendered":"\t\t<div data-elementor-type=\"wp-page\" data-elementor-id=\"137541\" class=\"elementor elementor-137541 elementor-137284\" data-elementor-post-type=\"page\">\n\t\t\t\t<div class=\"elementor-element elementor-element-7b0edb9 e-flex e-con-boxed e-con e-parent\" data-id=\"7b0edb9\" data-element_type=\"container\" data-e-type=\"container\" data-settings=\"{&quot;background_background&quot;:&quot;classic&quot;}\">\n\t\t\t\t\t<div class=\"e-con-inner\">\n\t\t\t\t<div class=\"elementor-element elementor-element-32e7c6b elementor-widget elementor-widget-wp-widget-bcn_widget\" data-id=\"32e7c6b\" data-element_type=\"widget\" data-e-type=\"widget\" data-widget_type=\"wp-widget-bcn_widget.default\">\n\t\t\t\t<div class=\"elementor-widget-container\">\n\t\t\t\t\t<div class=\"breadcrumbs\" vocab=\"https:\/\/schema.org\/\" typeof=\"BreadcrumbList\"><span property=\"itemListElement\" typeof=\"ListItem\"><a property=\"item\" typeof=\"WebPage\" title=\"Go to Motorworld Eventlocations.\" href=\"https:\/\/motorworld.de\/\" class=\"home\" aria-current=\"page\"><span property=\"name\">Home<\/span><\/a><meta property=\"position\" content=\"1\"><\/span><\/div>\t\t\t\t<\/div>\n\t\t\t\t<\/div>\n\t\t\t\t\t<\/div>\n\t\t\t\t<\/div>\n\t\t<div class=\"elementor-element elementor-element-9667f5e e-flex e-con-boxed e-con e-parent\" data-id=\"9667f5e\" data-element_type=\"container\" data-e-type=\"container\" data-settings=\"{&quot;background_background&quot;:&quot;classic&quot;}\">\n\t\t\t\t\t<div class=\"e-con-inner\">\n\t\t<div class=\"elementor-element elementor-element-2dc27fd e-con-full e-flex e-con e-child\" data-id=\"2dc27fd\" data-element_type=\"container\" data-e-type=\"container\">\n\t\t\t\t<div class=\"elementor-element elementor-element-c255caf elementor-widget elementor-widget-image\" data-id=\"c255caf\" data-element_type=\"widget\" data-e-type=\"widget\" data-widget_type=\"image.default\">\n\t\t\t\t<div class=\"elementor-widget-container\">\n\t\t\t\t\t\t\t\t\t\t\t\t\t\t\t<img fetchpriority=\"high\" decoding=\"async\" width=\"2500\" height=\"1667\" src=\"https:\/\/motorworld.de\/wp-content\/uploads\/2025\/10\/Motorworld_Mallorca_Conference_Racing2_1.jpg\" class=\"attachment-full size-full wp-image-137533\" alt=\"Hileras de sillas negras en una sala de paredes grises y techos altos, puertas met\u00e1licas parcialmente abiertas en la parte trasera con un coche azul detr\u00e1s de la puerta n\u00famero 2.\" srcset=\"https:\/\/motorworld.de\/wp-content\/uploads\/2025\/10\/Motorworld_Mallorca_Conference_Racing2_1.jpg 2500w, https:\/\/motorworld.de\/wp-content\/uploads\/2025\/10\/Motorworld_Mallorca_Conference_Racing2_1-300x200.jpg 300w, https:\/\/motorworld.de\/wp-content\/uploads\/2025\/10\/Motorworld_Mallorca_Conference_Racing2_1-1024x683.jpg 1024w, https:\/\/motorworld.de\/wp-content\/uploads\/2025\/10\/Motorworld_Mallorca_Conference_Racing2_1-768x512.jpg 768w, https:\/\/motorworld.de\/wp-content\/uploads\/2025\/10\/Motorworld_Mallorca_Conference_Racing2_1-1536x1024.jpg 1536w, https:\/\/motorworld.de\/wp-content\/uploads\/2025\/10\/Motorworld_Mallorca_Conference_Racing2_1-2048x1366.jpg 2048w\" sizes=\"(max-width: 2500px) 100vw, 2500px\" \/>\t\t\t\t\t\t\t\t\t\t\t\t\t\t\t<\/div>\n\t\t\t\t<\/div>\n\t\t<div class=\"elementor-element elementor-element-d345ae7 e-con-full e-flex e-con e-child\" data-id=\"d345ae7\" data-element_type=\"container\" data-e-type=\"container\">\n\t\t<div class=\"elementor-element elementor-element-e6c725e e-con-full e-flex e-con e-child\" data-id=\"e6c725e\" data-element_type=\"container\" data-e-type=\"container\">\n\t\t\t\t<div class=\"elementor-element elementor-element-bb970b1 elementor-widget elementor-widget-heading\" data-id=\"bb970b1\" data-element_type=\"widget\" data-e-type=\"widget\" data-widget_type=\"heading.default\">\n\t\t\t\t<div class=\"elementor-widget-container\">\n\t\t\t\t\t<h2 class=\"elementor-heading-title elementor-size-default\"><span style=\"font-weight:700\">Racing<\/span> <br>MOTORWORLD Mallorca<\/h2>\t\t\t\t<\/div>\n\t\t\t\t<\/div>\n\t\t\t\t<div class=\"elementor-element elementor-element-afc3efe elementor-hidden-desktop elementor-hidden-laptop elementor-hidden-tablet_extra elementor-hidden-tablet elementor-hidden-mobile elementor-widget elementor-widget-text-editor\" data-id=\"afc3efe\" data-element_type=\"widget\" data-e-type=\"widget\" data-widget_type=\"text-editor.default\">\n\t\t\t\t<div class=\"elementor-widget-container\">\n\t\t\t\t\t\t\t\t\t<p>.<\/p>\t\t\t\t\t\t\t\t<\/div>\n\t\t\t\t<\/div>\n\t\t<div class=\"elementor-element elementor-element-766158c e-flex e-con-boxed e-con e-child\" data-id=\"766158c\" data-element_type=\"container\" data-e-type=\"container\">\n\t\t\t\t\t<div class=\"e-con-inner\">\n\t\t\t\t<div class=\"elementor-element elementor-element-c249523 elementor-align-left elementor-widget elementor-widget-button\" data-id=\"c249523\" data-element_type=\"widget\" data-e-type=\"widget\" data-widget_type=\"button.default\">\n\t\t\t\t<div class=\"elementor-widget-container\">\n\t\t\t\t\t\t\t\t\t<div class=\"elementor-button-wrapper\">\n\t\t\t\t\t<a class=\"elementor-button elementor-button-link elementor-size-sm\" href=\"https:\/\/kontakt.motorworld.de\/?location=mallorca\">\n\t\t\t\t\t\t<span class=\"elementor-button-content-wrapper\">\n\t\t\t\t\t\t\t\t\t<span class=\"elementor-button-text\">Su solicitud<\/span>\n\t\t\t\t\t<\/span>\n\t\t\t\t\t<\/a>\n\t\t\t\t<\/div>\n\t\t\t\t\t\t\t\t<\/div>\n\t\t\t\t<\/div>\n\t\t\t\t\t<\/div>\n\t\t\t\t<\/div>\n\t\t\t\t<\/div>\n\t\t<div class=\"elementor-element elementor-element-ef5930b e-con-full e-flex e-con e-child\" data-id=\"ef5930b\" data-element_type=\"container\" data-e-type=\"container\">\n\t\t\t\t<div class=\"elementor-element elementor-element-b9e7372 elementor-widget elementor-widget-image\" data-id=\"b9e7372\" data-element_type=\"widget\" data-e-type=\"widget\" data-widget_type=\"image.default\">\n\t\t\t\t<div class=\"elementor-widget-container\">\n\t\t\t\t\t\t\t\t\t\t\t\t\t\t\t\t<a href=\"https:\/\/motorworld.de\/es\/mallorca\/\">\n\t\t\t\t\t\t\t<img decoding=\"async\" width=\"693\" height=\"125\" src=\"https:\/\/motorworld.de\/wp-content\/uploads\/2022\/08\/mw-logo-2022-standorte-mallorca-e1642523953433.png\" class=\"attachment-full size-full wp-image-72536\" alt=\"Lugar del evento motociclista Motorworld Mallorca con bandera de carreras como logotipo\" srcset=\"https:\/\/motorworld.de\/wp-content\/uploads\/2022\/08\/mw-logo-2022-standorte-mallorca-e1642523953433.png 693w, https:\/\/motorworld.de\/wp-content\/uploads\/2022\/08\/mw-logo-2022-standorte-mallorca-e1642523953433-300x54.png 300w\" sizes=\"(max-width: 693px) 100vw, 693px\" \/>\t\t\t\t\t\t\t\t<\/a>\n\t\t\t\t\t\t\t\t\t\t\t\t\t\t\t<\/div>\n\t\t\t\t<\/div>\n\t\t\t\t<div class=\"elementor-element elementor-element-220752e elementor-align-start elementor-icon-list--layout-traditional elementor-list-item-link-full_width elementor-widget elementor-widget-icon-list\" data-id=\"220752e\" data-element_type=\"widget\" data-e-type=\"widget\" data-widget_type=\"icon-list.default\">\n\t\t\t\t<div class=\"elementor-widget-container\">\n\t\t\t\t\t\t\t<ul class=\"elementor-icon-list-items\">\n\t\t\t\t\t\t\t<li class=\"elementor-icon-list-item\">\n\t\t\t\t\t\t\t\t\t\t\t<a href=\"tel:+34677344508\">\n\n\t\t\t\t\t\t\t\t\t\t\t<span class=\"elementor-icon-list-text\">Tel\u00e9fono +34 677 344508<\/span>\n\t\t\t\t\t\t\t\t\t\t\t<\/a>\n\t\t\t\t\t\t\t\t\t<\/li>\n\t\t\t\t\t\t\t\t<li class=\"elementor-icon-list-item\">\n\t\t\t\t\t\t\t\t\t\t\t<a href=\"mailto:events-mallorca@motorworld.de\">\n\n\t\t\t\t\t\t\t\t\t\t\t<span class=\"elementor-icon-list-text\">events-mallorca@motorworld.de<\/span>\n\t\t\t\t\t\t\t\t\t\t\t<\/a>\n\t\t\t\t\t\t\t\t\t<\/li>\n\t\t\t\t\t\t\t\t<li class=\"elementor-icon-list-item\">\n\t\t\t\t\t\t\t\t\t\t\t<a href=\"https:\/\/maps.app.goo.gl\/SK5ZDkJvski5avVK7\" target=\"_blank\" rel=\"noopener\">\n\n\t\t\t\t\t\t\t\t\t\t\t<span class=\"elementor-icon-list-text\">Localizaci\u00f3n Google Maps \u203a<\/span>\n\t\t\t\t\t\t\t\t\t\t\t<\/a>\n\t\t\t\t\t\t\t\t\t<\/li>\n\t\t\t\t\t\t<\/ul>\n\t\t\t\t\t\t<\/div>\n\t\t\t\t<\/div>\n\t\t\t\t<\/div>\n\t\t\t\t<\/div>\n\t\t\t\t<\/div>\n\t\t\t\t\t<\/div>\n\t\t\t\t<\/div>\n\t\t<div class=\"elementor-element elementor-element-0737fc0 e-flex e-con-boxed e-con e-parent\" data-id=\"0737fc0\" data-element_type=\"container\" data-e-type=\"container\">\n\t\t\t\t\t<div class=\"e-con-inner\">\n\t\t<div class=\"elementor-element elementor-element-e447958 e-con-full e-flex e-con e-child\" data-id=\"e447958\" data-element_type=\"container\" data-e-type=\"container\">\n\t\t\t\t<div class=\"elementor-element elementor-element-f70f7c2 elementor-widget elementor-widget-shortcode\" data-id=\"f70f7c2\" data-element_type=\"widget\" data-e-type=\"widget\" data-widget_type=\"shortcode.default\">\n\t\t\t\t<div class=\"elementor-widget-container\">\n\t\t\t\t\t\t\t<div class=\"elementor-shortcode\">\n<table id=\"tablepress-97\" class=\"tablepress tablepress-id-97\">\n<thead>\n<tr class=\"row-1\">\n\t<th class=\"column-1\"><strong>Locations<\/strong><\/th><th class=\"column-2\"><strong>Gr\u00f6\u00dfe<\/strong><\/th><th class=\"column-3\"><strong>Pers. max<\/strong><\/th><th class=\"column-4\"><strong>Theater<\/strong><\/th><th class=\"column-5\"><strong>Parlament<\/strong><\/th><th class=\"column-6\"><strong>U-Form<\/strong><\/th><th class=\"column-7\"><strong>Block<\/strong><\/th><th class=\"column-8\"><strong>Bankett<\/strong><\/th><th class=\"column-9\"><strong>Bankett<\/strong><\/th>\n<\/tr>\n<\/thead>\n<tbody class=\"row-striping row-hover\">\n<tr class=\"row-2\">\n\t<td class=\"column-1\"><\/td><td class=\"column-2\"><\/td><td class=\"column-3\"><\/td><td class=\"column-4\"><img decoding=\"async\" style=\"height:50px;  padding:10px 0\" src=\"\/wp-content\/uploads\/2022\/09\/Reihe.svg\"\/><\/td><td class=\"column-5\"><img decoding=\"async\" style=\"height:54px;  padding:10px 0\" src=\"\/wp-content\/uploads\/2022\/09\/Parlament.svg\"\/><\/td><td class=\"column-6\"><img decoding=\"async\" style=\"height:54px;  padding:10px 0\" src=\"\/wp-content\/uploads\/2022\/12\/u-form.svg\"\/><\/td><td class=\"column-7\"><img decoding=\"async\" style=\"height:53px;  padding:10px 0\" src=\"\/wp-content\/uploads\/2022\/09\/Bankett-A.svg\"\/><\/td><td class=\"column-8\"><img decoding=\"async\" style=\"height:54px;  padding:10px 0\" src=\"\/wp-content\/uploads\/2022\/09\/Bankett-B.svg\"\/><\/td><td class=\"column-9\"><img decoding=\"async\" style=\"height:54px;  padding:10px 0\" src=\"\/wp-content\/uploads\/2024\/07\/Bankett-Mallorca-2.svg\"\/><\/td>\n<\/tr>\n<tr class=\"row-3\">\n\t<td class=\"column-1\"><strong>Racing 1 + 2<\/strong><\/td><td class=\"column-2\">107 m\u00b2<\/td><td class=\"column-3\">98<\/td><td class=\"column-4\">98<\/td><td class=\"column-5\">32<\/td><td class=\"column-6\">22<\/td><td class=\"column-7\">\u2022<\/td><td class=\"column-8\">\u2022<\/td><td class=\"column-9\">\u2022<\/td>\n<\/tr>\n<tr class=\"row-4\">\n\t<td class=\"column-1\">Racing 1<\/td><td class=\"column-2\">55 m\u00b2<\/td><td class=\"column-3\">47<\/td><td class=\"column-4\">47<\/td><td class=\"column-5\">12<\/td><td class=\"column-6\">14<\/td><td class=\"column-7\">14<\/td><td class=\"column-8\">\u2022<\/td><td class=\"column-9\">\u2022<\/td>\n<\/tr>\n<tr class=\"row-5\">\n\t<td class=\"column-1\">Racing 2<\/td><td class=\"column-2\">52 m\u00b2<\/td><td class=\"column-3\">42<\/td><td class=\"column-4\">42<\/td><td class=\"column-5\">18<\/td><td class=\"column-6\">14<\/td><td class=\"column-7\">14<\/td><td class=\"column-8\">\u2022<\/td><td class=\"column-9\">\u2022<\/td>\n<\/tr>\n<\/tbody>\n<\/table>\n<\/div>\n\t\t\t\t\t\t<\/div>\n\t\t\t\t<\/div>\n\t\t\t\t<\/div>\n\t\t\t\t\t<\/div>\n\t\t\t\t<\/div>\n\t\t<div class=\"elementor-element elementor-element-8ee8c9c e-flex e-con-boxed e-con e-parent\" data-id=\"8ee8c9c\" data-element_type=\"container\" data-e-type=\"container\">\n\t\t\t\t\t<div class=\"e-con-inner\">\n\t\t<div class=\"elementor-element elementor-element-ccb7215 e-flex e-con-boxed e-con e-child\" data-id=\"ccb7215\" data-element_type=\"container\" data-e-type=\"container\">\n\t\t\t\t\t<div class=\"e-con-inner\">\n\t\t\t\t<div class=\"elementor-element elementor-element-6716815 elementor-widget elementor-widget-gallery\" data-id=\"6716815\" data-element_type=\"widget\" data-e-type=\"widget\" data-settings=\"{&quot;lazyload&quot;:&quot;yes&quot;,&quot;gallery_layout&quot;:&quot;grid&quot;,&quot;columns&quot;:4,&quot;columns_tablet&quot;:2,&quot;columns_mobile&quot;:1,&quot;gap&quot;:{&quot;unit&quot;:&quot;px&quot;,&quot;size&quot;:10,&quot;sizes&quot;:[]},&quot;gap_laptop&quot;:{&quot;unit&quot;:&quot;px&quot;,&quot;size&quot;:10,&quot;sizes&quot;:[]},&quot;gap_tablet_extra&quot;:{&quot;unit&quot;:&quot;px&quot;,&quot;size&quot;:10,&quot;sizes&quot;:[]},&quot;gap_tablet&quot;:{&quot;unit&quot;:&quot;px&quot;,&quot;size&quot;:10,&quot;sizes&quot;:[]},&quot;gap_mobile&quot;:{&quot;unit&quot;:&quot;px&quot;,&quot;size&quot;:10,&quot;sizes&quot;:[]},&quot;link_to&quot;:&quot;file&quot;,&quot;aspect_ratio&quot;:&quot;3:2&quot;,&quot;overlay_background&quot;:&quot;yes&quot;,&quot;content_hover_animation&quot;:&quot;fade-in&quot;}\" data-widget_type=\"gallery.default\">\n\t\t\t\t<div class=\"elementor-widget-container\">\n\t\t\t\t\t\t\t<div class=\"elementor-gallery__container\">\n\t\t\t\t\t\t\t<a class=\"e-gallery-item elementor-gallery-item elementor-animated-content\" href=\"https:\/\/motorworld.de\/wp-content\/uploads\/2025\/10\/Motorworld_Mallorca_Conference_Racing1_1.jpg\" data-elementor-open-lightbox=\"yes\" data-elementor-lightbox-slideshow=\"6716815\" data-e-action-hash=\"#elementor-action%3Aaction%3Dlightbox%26settings%3DeyJpZCI6MTM3NTM0LCJ1cmwiOiJodHRwczpcL1wvbW90b3J3b3JsZC5kZVwvd3AtY29udGVudFwvdXBsb2Fkc1wvMjAyNVwvMTBcL01vdG9yd29ybGRfTWFsbG9yY2FfQ29uZmVyZW5jZV9SYWNpbmcxXzEuanBnIiwic2xpZGVzaG93IjoiNjcxNjgxNSJ9\">\n\t\t\t\t\t<div class=\"e-gallery-image elementor-gallery-item__image\" data-thumbnail=\"https:\/\/motorworld.de\/wp-content\/uploads\/2025\/10\/Motorworld_Mallorca_Conference_Racing1_1-768x512.jpg\" data-width=\"768\" data-height=\"512\" aria-label=\"Sala de conferencias con sillas negras en filas, una mesa blanca con silla, rotafolios y una gran pantalla a la izquierda, delante de la pared hay un viejo VW Escarabajo blanco con rayas de carreras en un garaje con puertas numeradas y un fondo de taller.\" role=\"img\" ><\/div>\n\t\t\t\t\t\t\t\t\t\t\t<div class=\"elementor-gallery-item__overlay\"><\/div>\n\t\t\t\t\t\t\t\t\t\t\t\t\t\t<\/a>\n\t\t\t\t\t\t\t<a class=\"e-gallery-item elementor-gallery-item elementor-animated-content\" href=\"https:\/\/motorworld.de\/wp-content\/uploads\/2025\/10\/Motorworld_Mallorca_Conference_Racing1_2.jpg\" data-elementor-open-lightbox=\"yes\" data-elementor-lightbox-slideshow=\"6716815\" data-e-action-hash=\"#elementor-action%3Aaction%3Dlightbox%26settings%3DeyJpZCI6MTM3NTM1LCJ1cmwiOiJodHRwczpcL1wvbW90b3J3b3JsZC5kZVwvd3AtY29udGVudFwvdXBsb2Fkc1wvMjAyNVwvMTBcL01vdG9yd29ybGRfTWFsbG9yY2FfQ29uZmVyZW5jZV9SYWNpbmcxXzIuanBnIiwic2xpZGVzaG93IjoiNjcxNjgxNSJ9\">\n\t\t\t\t\t<div class=\"e-gallery-image elementor-gallery-item__image\" data-thumbnail=\"https:\/\/motorworld.de\/wp-content\/uploads\/2025\/10\/Motorworld_Mallorca_Conference_Racing1_2-768x512.jpg\" data-width=\"768\" data-height=\"512\" aria-label=\"Vista frontal de un Volkswagen Escarabajo blanco con el n\u00famero 53 y una franja roja-azul-roja montado en una pared en el entorno de un taller, con una insignia de Motorworld en el parachoques y armarios y neum\u00e1ticos azules al fondo.\" role=\"img\" ><\/div>\n\t\t\t\t\t\t\t\t\t\t\t<div class=\"elementor-gallery-item__overlay\"><\/div>\n\t\t\t\t\t\t\t\t\t\t\t\t\t\t<\/a>\n\t\t\t\t\t\t\t<a class=\"e-gallery-item elementor-gallery-item elementor-animated-content\" href=\"https:\/\/motorworld.de\/wp-content\/uploads\/2025\/10\/Motorworld_Mallorca_Conference_Racing1-2_1.jpg\" data-elementor-open-lightbox=\"yes\" data-elementor-lightbox-slideshow=\"6716815\" data-e-action-hash=\"#elementor-action%3Aaction%3Dlightbox%26settings%3DeyJpZCI6MTM3NTM2LCJ1cmwiOiJodHRwczpcL1wvbW90b3J3b3JsZC5kZVwvd3AtY29udGVudFwvdXBsb2Fkc1wvMjAyNVwvMTBcL01vdG9yd29ybGRfTWFsbG9yY2FfQ29uZmVyZW5jZV9SYWNpbmcxLTJfMS5qcGciLCJzbGlkZXNob3ciOiI2NzE2ODE1In0%3D\">\n\t\t\t\t\t<div class=\"e-gallery-image elementor-gallery-item__image\" data-thumbnail=\"https:\/\/motorworld.de\/wp-content\/uploads\/2025\/10\/Motorworld_Mallorca_Conference_Racing1-2_1-768x512.jpg\" data-width=\"768\" data-height=\"512\" aria-label=\"Vista interior de un garaje o taller con dos plazas de aparcamiento, n\u00fameros 1 y 2, donde el n\u00famero 1 muestra un coche blanco ficticio con el n\u00famero 53 y el n\u00famero 2 muestra parcialmente la parte delantera de un coche de carreras azul, con filas de sillas negras delante.\" role=\"img\" ><\/div>\n\t\t\t\t\t\t\t\t\t\t\t<div class=\"elementor-gallery-item__overlay\"><\/div>\n\t\t\t\t\t\t\t\t\t\t\t\t\t\t<\/a>\n\t\t\t\t\t\t\t<a class=\"e-gallery-item elementor-gallery-item elementor-animated-content\" href=\"https:\/\/motorworld.de\/wp-content\/uploads\/2025\/10\/Motorworld_Mallorca_Conference_Racing1-2_2.jpg\" data-elementor-open-lightbox=\"yes\" data-elementor-lightbox-slideshow=\"6716815\" data-e-action-hash=\"#elementor-action%3Aaction%3Dlightbox%26settings%3DeyJpZCI6MTM3NTM3LCJ1cmwiOiJodHRwczpcL1wvbW90b3J3b3JsZC5kZVwvd3AtY29udGVudFwvdXBsb2Fkc1wvMjAyNVwvMTBcL01vdG9yd29ybGRfTWFsbG9yY2FfQ29uZmVyZW5jZV9SYWNpbmcxLTJfMi5qcGciLCJzbGlkZXNob3ciOiI2NzE2ODE1In0%3D\">\n\t\t\t\t\t<div class=\"e-gallery-image elementor-gallery-item__image\" data-thumbnail=\"https:\/\/motorworld.de\/wp-content\/uploads\/2025\/10\/Motorworld_Mallorca_Conference_Racing1-2_2-768x512.jpg\" data-width=\"768\" data-height=\"512\" aria-label=\"Parte delantera de un coche VW Escarabajo cl\u00e1sico blanco montado decorativamente en una pared de una habitaci\u00f3n con filas de sillas en un interior luminoso y moderno.\" role=\"img\" ><\/div>\n\t\t\t\t\t\t\t\t\t\t\t<div class=\"elementor-gallery-item__overlay\"><\/div>\n\t\t\t\t\t\t\t\t\t\t\t\t\t\t<\/a>\n\t\t\t\t\t\t\t<a class=\"e-gallery-item elementor-gallery-item elementor-animated-content\" href=\"https:\/\/motorworld.de\/wp-content\/uploads\/2025\/10\/Motorworld_Mallorca_Conference_Racing1-2_3.jpg\" data-elementor-open-lightbox=\"yes\" data-elementor-lightbox-slideshow=\"6716815\" data-e-action-hash=\"#elementor-action%3Aaction%3Dlightbox%26settings%3DeyJpZCI6MTM3NTM4LCJ1cmwiOiJodHRwczpcL1wvbW90b3J3b3JsZC5kZVwvd3AtY29udGVudFwvdXBsb2Fkc1wvMjAyNVwvMTBcL01vdG9yd29ybGRfTWFsbG9yY2FfQ29uZmVyZW5jZV9SYWNpbmcxLTJfMy5qcGciLCJzbGlkZXNob3ciOiI2NzE2ODE1In0%3D\">\n\t\t\t\t\t<div class=\"e-gallery-image elementor-gallery-item__image\" data-thumbnail=\"https:\/\/motorworld.de\/wp-content\/uploads\/2025\/10\/Motorworld_Mallorca_Conference_Racing1-2_3-768x512.jpg\" data-width=\"768\" data-height=\"512\" aria-label=\"Coches blancos y azules parcialmente visibles aparcados en un garaje o taller detr\u00e1s de tabiques grises y ondulados, con enchufes visibles en las paredes y el suelo de hormig\u00f3n.\" role=\"img\" ><\/div>\n\t\t\t\t\t\t\t\t\t\t\t<div class=\"elementor-gallery-item__overlay\"><\/div>\n\t\t\t\t\t\t\t\t\t\t\t\t\t\t<\/a>\n\t\t\t\t\t\t\t<a class=\"e-gallery-item elementor-gallery-item elementor-animated-content\" href=\"https:\/\/motorworld.de\/wp-content\/uploads\/2025\/10\/Motorworld_Mallorca_Conference_Racing_2.jpg\" data-elementor-open-lightbox=\"yes\" data-elementor-lightbox-slideshow=\"6716815\" data-e-action-hash=\"#elementor-action%3Aaction%3Dlightbox%26settings%3DeyJpZCI6MTM3NTM5LCJ1cmwiOiJodHRwczpcL1wvbW90b3J3b3JsZC5kZVwvd3AtY29udGVudFwvdXBsb2Fkc1wvMjAyNVwvMTBcL01vdG9yd29ybGRfTWFsbG9yY2FfQ29uZmVyZW5jZV9SYWNpbmdfMi5qcGciLCJzbGlkZXNob3ciOiI2NzE2ODE1In0%3D\">\n\t\t\t\t\t<div class=\"e-gallery-image elementor-gallery-item__image\" data-thumbnail=\"https:\/\/motorworld.de\/wp-content\/uploads\/2025\/10\/Motorworld_Mallorca_Conference_Racing_2-768x512.jpg\" data-width=\"768\" data-height=\"512\" aria-label=\"Una moderna sala de seminarios con varias filas de sillas negras, frente a una pantalla que muestra la imagen de un coche en el puerto; a la derecha hay una pizarra y un tabl\u00f3n de anuncios, y al fondo se ve un escarabajo blanco de \u00e9poca en un garaje.\" role=\"img\" ><\/div>\n\t\t\t\t\t\t\t\t\t\t\t<div class=\"elementor-gallery-item__overlay\"><\/div>\n\t\t\t\t\t\t\t\t\t\t\t\t\t\t<\/a>\n\t\t\t\t\t\t\t<a class=\"e-gallery-item elementor-gallery-item elementor-animated-content\" href=\"https:\/\/motorworld.de\/wp-content\/uploads\/2025\/10\/Motorworld_Mallorca_Conference_Racing2_1.jpg\" data-elementor-open-lightbox=\"yes\" data-elementor-lightbox-slideshow=\"6716815\" data-e-action-hash=\"#elementor-action%3Aaction%3Dlightbox%26settings%3DeyJpZCI6MTM3NTMzLCJ1cmwiOiJodHRwczpcL1wvbW90b3J3b3JsZC5kZVwvd3AtY29udGVudFwvdXBsb2Fkc1wvMjAyNVwvMTBcL01vdG9yd29ybGRfTWFsbG9yY2FfQ29uZmVyZW5jZV9SYWNpbmcyXzEuanBnIiwic2xpZGVzaG93IjoiNjcxNjgxNSJ9\">\n\t\t\t\t\t<div class=\"e-gallery-image elementor-gallery-item__image\" data-thumbnail=\"https:\/\/motorworld.de\/wp-content\/uploads\/2025\/10\/Motorworld_Mallorca_Conference_Racing2_1-768x512.jpg\" data-width=\"768\" data-height=\"512\" aria-label=\"Hileras de sillas negras en una sala de paredes grises y techos altos, puertas met\u00e1licas parcialmente abiertas en la parte trasera con un coche azul detr\u00e1s de la puerta n\u00famero 2.\" role=\"img\" ><\/div>\n\t\t\t\t\t\t\t\t\t\t\t<div class=\"elementor-gallery-item__overlay\"><\/div>\n\t\t\t\t\t\t\t\t\t\t\t\t\t\t<\/a>\n\t\t\t\t\t\t\t<a class=\"e-gallery-item elementor-gallery-item elementor-animated-content\" href=\"https:\/\/motorworld.de\/wp-content\/uploads\/2025\/10\/Motorworld_Mallorca_Conference_Racing2_2.jpg\" data-elementor-open-lightbox=\"yes\" data-elementor-lightbox-slideshow=\"6716815\" data-e-action-hash=\"#elementor-action%3Aaction%3Dlightbox%26settings%3DeyJpZCI6MTM3NTQwLCJ1cmwiOiJodHRwczpcL1wvbW90b3J3b3JsZC5kZVwvd3AtY29udGVudFwvdXBsb2Fkc1wvMjAyNVwvMTBcL01vdG9yd29ybGRfTWFsbG9yY2FfQ29uZmVyZW5jZV9SYWNpbmcyXzIuanBnIiwic2xpZGVzaG93IjoiNjcxNjgxNSJ9\">\n\t\t\t\t\t<div class=\"e-gallery-image elementor-gallery-item__image\" data-thumbnail=\"https:\/\/motorworld.de\/wp-content\/uploads\/2025\/10\/Motorworld_Mallorca_Conference_Racing2_2-768x512.jpg\" data-width=\"768\" data-height=\"512\" aria-label=\"Sala de seminario moderna y vac\u00eda con varias filas de sillas negras, suelo de hormig\u00f3n con dibujo de rayas de carreras rojas y blancas, paredes azules y una l\u00e1mpara de proyecci\u00f3n en el techo, a la izquierda una puerta met\u00e1lica abierta con un coche azul visible detr\u00e1s.\" role=\"img\" ><\/div>\n\t\t\t\t\t\t\t\t\t\t\t<div class=\"elementor-gallery-item__overlay\"><\/div>\n\t\t\t\t\t\t\t\t\t\t\t\t\t\t<\/a>\n\t\t\t\t\t<\/div>\n\t\t\t\t\t<\/div>\n\t\t\t\t<\/div>\n\t\t\t\t\t<\/div>\n\t\t\t\t<\/div>\n\t\t\t\t\t<\/div>\n\t\t\t\t<\/div>\n\t\t\t\t<\/div>\n\t\t","protected":false},"excerpt":{"rendered":"<p>Racing MOTORWORLD Mallorca . Su solicitud Tel\u00e9fono +34 677 344508 events-mallorca@motorworld.de Localizaci\u00f3n Google Maps \u203a<\/p>\n","protected":false},"author":1,"featured_media":0,"parent":73302,"menu_order":0,"comment_status":"closed","ping_status":"closed","template":"","meta":{"_acf_changed":false,"footnotes":""},"categories":[],"class_list":["post-137541","page","type-page","status-publish","hentry"],"acf":[],"_links":{"self":[{"href":"https:\/\/motorworld.de\/es\/wp-json\/wp\/v2\/pages\/137541","targetHints":{"allow":["GET"]}}],"collection":[{"href":"https:\/\/motorworld.de\/es\/wp-json\/wp\/v2\/pages"}],"about":[{"href":"https:\/\/motorworld.de\/es\/wp-json\/wp\/v2\/types\/page"}],"author":[{"embeddable":true,"href":"https:\/\/motorworld.de\/es\/wp-json\/wp\/v2\/users\/1"}],"replies":[{"embeddable":true,"href":"https:\/\/motorworld.de\/es\/wp-json\/wp\/v2\/comments?post=137541"}],"version-history":[{"count":0,"href":"https:\/\/motorworld.de\/es\/wp-json\/wp\/v2\/pages\/137541\/revisions"}],"up":[{"embeddable":true,"href":"https:\/\/motorworld.de\/es\/wp-json\/wp\/v2\/pages\/73302"}],"wp:attachment":[{"href":"https:\/\/motorworld.de\/es\/wp-json\/wp\/v2\/media?parent=137541"}],"wp:term":[{"taxonomy":"category","embeddable":true,"href":"https:\/\/motorworld.de\/es\/wp-json\/wp\/v2\/categories?post=137541"}],"curies":[{"name":"wp","href":"https:\/\/api.w.org\/{rel}","templated":true}]}}