{"id":127660,"date":"2025-05-17T15:55:24","date_gmt":"2025-05-17T13:55:24","guid":{"rendered":"https:\/\/motorworld.de\/mallorca\/comercio-servicio\/scuderia-sauer\/"},"modified":"2025-07-07T12:15:42","modified_gmt":"2025-07-07T10:15:42","slug":"scuderia-sauer","status":"publish","type":"page","link":"https:\/\/motorworld.de\/es\/mallorca\/comercio-servicio\/scuderia-sauer\/","title":{"rendered":"Scuderia Sauer"},"content":{"rendered":"\t\t<div data-elementor-type=\"wp-page\" data-elementor-id=\"127660\" class=\"elementor elementor-127660 elementor-127633\" data-elementor-post-type=\"page\">\n\t\t\t\t<div class=\"elementor-element elementor-element-35427f7 e-flex e-con-boxed e-con e-parent\" data-id=\"35427f7\" data-element_type=\"container\" data-e-type=\"container\" data-settings=\"{&quot;background_background&quot;:&quot;classic&quot;}\">\n\t\t\t\t\t<div class=\"e-con-inner\">\n\t\t\t\t<div class=\"elementor-element elementor-element-67ecd92 elementor-widget elementor-widget-wp-widget-bcn_widget\" data-id=\"67ecd92\" data-element_type=\"widget\" data-e-type=\"widget\" data-widget_type=\"wp-widget-bcn_widget.default\">\n\t\t\t\t<div class=\"elementor-widget-container\">\n\t\t\t\t\t<div class=\"breadcrumbs\" vocab=\"https:\/\/schema.org\/\" typeof=\"BreadcrumbList\"><span property=\"itemListElement\" typeof=\"ListItem\"><a property=\"item\" typeof=\"WebPage\" title=\"Go to Motorworld Eventlocations.\" href=\"https:\/\/motorworld.de\/\" class=\"home\" aria-current=\"page\"><span property=\"name\">Home<\/span><\/a><meta property=\"position\" content=\"1\"><\/span><\/div>\t\t\t\t<\/div>\n\t\t\t\t<\/div>\n\t\t\t\t\t<\/div>\n\t\t\t\t<\/div>\n\t\t<div class=\"elementor-element elementor-element-9b83d70 e-flex e-con-boxed e-con e-parent\" data-id=\"9b83d70\" data-element_type=\"container\" data-e-type=\"container\" data-settings=\"{&quot;background_background&quot;:&quot;classic&quot;}\">\n\t\t\t\t\t<div class=\"e-con-inner\">\n\t\t<div class=\"elementor-element elementor-element-8a0c9ad e-con-full e-flex e-con e-child\" data-id=\"8a0c9ad\" data-element_type=\"container\" data-e-type=\"container\">\n\t\t\t\t<div class=\"elementor-element elementor-element-fa97169 elementor--h-position-center elementor--v-position-middle elementor-arrows-position-inside elementor-widget elementor-widget-slides\" data-id=\"fa97169\" data-element_type=\"widget\" data-e-type=\"widget\" data-settings=\"{&quot;navigation&quot;:&quot;arrows&quot;,&quot;transition&quot;:&quot;fade&quot;,&quot;autoplay&quot;:&quot;yes&quot;,&quot;pause_on_interaction&quot;:&quot;yes&quot;,&quot;autoplay_speed&quot;:5000,&quot;infinite&quot;:&quot;yes&quot;,&quot;transition_speed&quot;:500}\" data-widget_type=\"slides.default\">\n\t\t\t\t<div class=\"elementor-widget-container\">\n\t\t\t\t\t\t\t\t\t<div class=\"elementor-swiper\">\n\t\t\t\t\t<div class=\"elementor-slides-wrapper elementor-main-swiper swiper\" role=\"region\" aria-roledescription=\"carousel\" aria-label=\"Slider\" dir=\"ltr\" data-animation=\"\">\n\t\t\t\t<div class=\"swiper-wrapper elementor-slides\">\n\t\t\t\t\t\t\t\t\t\t<div class=\"elementor-repeater-item-414b661 swiper-slide\" role=\"group\" aria-roledescription=\"slide\"><div class=\"swiper-slide-bg\" role=\"img\" aria-label=\"scuderia_sauer_20221012_123553000_iOS\"><\/div><div class=\"swiper-slide-inner\" ><div class=\"swiper-slide-contents\"><\/div><\/div><\/div><div class=\"elementor-repeater-item-14287ad swiper-slide\" role=\"group\" aria-roledescription=\"slide\"><div class=\"swiper-slide-bg\" role=\"img\" aria-label=\"Scuderia_Sauer_7\"><\/div><div class=\"swiper-slide-inner\" ><div class=\"swiper-slide-contents\"><\/div><\/div><\/div><div class=\"elementor-repeater-item-87072db swiper-slide\" role=\"group\" aria-roledescription=\"slide\"><div class=\"swiper-slide-bg\" role=\"img\" aria-label=\"20221011_083118000_iOS\"><\/div><div class=\"swiper-slide-inner\" ><div class=\"swiper-slide-contents\"><\/div><\/div><\/div><div class=\"elementor-repeater-item-7b8fe0d swiper-slide\" role=\"group\" aria-roledescription=\"slide\"><div class=\"swiper-slide-bg\" role=\"img\" aria-label=\"20221010_130752000_iOS\"><\/div><div class=\"swiper-slide-inner\" ><div class=\"swiper-slide-contents\"><\/div><\/div><\/div>\t\t\t\t<\/div>\n\t\t\t\t\t\t\t\t\t\t\t\t\t\t\t<div class=\"elementor-swiper-button elementor-swiper-button-prev\" role=\"button\" tabindex=\"0\" aria-label=\"Diapositiva anterior\">\n\t\t\t\t\t\t\t<svg aria-hidden=\"true\" class=\"e-font-icon-svg e-eicon-chevron-left\" viewBox=\"0 0 1000 1000\" xmlns=\"http:\/\/www.w3.org\/2000\/svg\"><path d=\"M646 125C629 125 613 133 604 142L308 442C296 454 292 471 292 487 292 504 296 521 308 533L604 854C617 867 629 875 646 875 663 875 679 871 692 858 704 846 713 829 713 812 713 796 708 779 692 767L438 487 692 225C700 217 708 204 708 187 708 171 704 154 692 142 675 129 663 125 646 125Z\"><\/path><\/svg>\t\t\t\t\t\t<\/div>\n\t\t\t\t\t\t<div class=\"elementor-swiper-button elementor-swiper-button-next\" role=\"button\" tabindex=\"0\" aria-label=\"Diapositiva siguiente\">\n\t\t\t\t\t\t\t<svg aria-hidden=\"true\" class=\"e-font-icon-svg e-eicon-chevron-right\" viewBox=\"0 0 1000 1000\" xmlns=\"http:\/\/www.w3.org\/2000\/svg\"><path d=\"M696 533C708 521 713 504 713 487 713 471 708 454 696 446L400 146C388 133 375 125 354 125 338 125 325 129 313 142 300 154 292 171 292 187 292 204 296 221 308 233L563 492 304 771C292 783 288 800 288 817 288 833 296 850 308 863 321 871 338 875 354 875 371 875 388 867 400 854L696 533Z\"><\/path><\/svg>\t\t\t\t\t\t<\/div>\n\t\t\t\t\t\t\t\t\t\t\t\t\t\t\t\t\t<\/div>\n\t\t\t\t<\/div>\n\t\t\t\t\t\t\t\t<\/div>\n\t\t\t\t<\/div>\n\t\t<div class=\"elementor-element elementor-element-d2b7c2b e-flex e-con-boxed e-con e-child\" data-id=\"d2b7c2b\" data-element_type=\"container\" data-e-type=\"container\">\n\t\t\t\t\t<div class=\"e-con-inner\">\n\t\t<div class=\"elementor-element elementor-element-0660fda e-con-full e-flex e-con e-child\" data-id=\"0660fda\" data-element_type=\"container\" data-e-type=\"container\">\n\t\t\t\t<div class=\"elementor-element elementor-element-60b65d6 elementor-widget elementor-widget-heading\" data-id=\"60b65d6\" data-element_type=\"widget\" data-e-type=\"widget\" data-widget_type=\"heading.default\">\n\t\t\t\t<div class=\"elementor-widget-container\">\n\t\t\t\t\t<h2 class=\"elementor-heading-title elementor-size-default\">MOTORWORLD Mallorca<\/h2>\t\t\t\t<\/div>\n\t\t\t\t<\/div>\n\t\t\t\t<div class=\"elementor-element elementor-element-0f0bced elementor-widget elementor-widget-heading\" data-id=\"0f0bced\" data-element_type=\"widget\" data-e-type=\"widget\" data-widget_type=\"heading.default\">\n\t\t\t\t<div class=\"elementor-widget-container\">\n\t\t\t\t\t<h2 class=\"elementor-heading-title elementor-size-default\">Scuderia Sauer<\/h2>\t\t\t\t<\/div>\n\t\t\t\t<\/div>\n\t\t\t\t<\/div>\n\t\t\t\t<div class=\"elementor-element elementor-element-c21a915 elementor-widget elementor-widget-image\" data-id=\"c21a915\" data-element_type=\"widget\" data-e-type=\"widget\" data-widget_type=\"image.default\">\n\t\t\t\t<div class=\"elementor-widget-container\">\n\t\t\t\t\t\t\t\t\t\t\t\t\t\t\t\t<a href=\"https:\/\/www.scuderia-sauer.de\/\" target=\"_blank\" rel=\"noopener\">\n\t\t\t\t\t\t\t<img fetchpriority=\"high\" decoding=\"async\" width=\"390\" height=\"500\" src=\"https:\/\/motorworld.de\/wp-content\/uploads\/2025\/05\/scuderia-logo.png\" class=\"attachment-large size-large wp-image-127644\" alt=\"\" srcset=\"https:\/\/motorworld.de\/wp-content\/uploads\/2025\/05\/scuderia-logo.png 390w, https:\/\/motorworld.de\/wp-content\/uploads\/2025\/05\/scuderia-logo-234x300.png 234w\" sizes=\"(max-width: 390px) 100vw, 390px\" \/>\t\t\t\t\t\t\t\t<\/a>\n\t\t\t\t\t\t\t\t\t\t\t\t\t\t\t<\/div>\n\t\t\t\t<\/div>\n\t\t\t\t\t<\/div>\n\t\t\t\t<\/div>\n\t\t\t\t<\/div>\n\t\t\t\t\t<\/div>\n\t\t\t\t<\/div>\n\t\t<div class=\"elementor-element elementor-element-bafb741 e-flex e-con-boxed e-con e-parent\" data-id=\"bafb741\" data-element_type=\"container\" data-e-type=\"container\" data-settings=\"{&quot;background_background&quot;:&quot;classic&quot;}\">\n\t\t\t\t\t<div class=\"e-con-inner\">\n\t\t<div class=\"elementor-element elementor-element-e4177e5 e-con-full e-flex e-con e-child\" data-id=\"e4177e5\" data-element_type=\"container\" data-e-type=\"container\">\n\t\t<div class=\"elementor-element elementor-element-f967594 e-con-full e-flex e-con e-child\" data-id=\"f967594\" data-element_type=\"container\" data-e-type=\"container\">\n\t\t<div class=\"elementor-element elementor-element-c72d7bb e-con-full e-flex e-con e-child\" data-id=\"c72d7bb\" data-element_type=\"container\" data-e-type=\"container\">\n\t\t\t\t<div class=\"elementor-element elementor-element-abbfc72 elementor-widget elementor-widget-text-editor\" data-id=\"abbfc72\" data-element_type=\"widget\" data-e-type=\"widget\" data-widget_type=\"text-editor.default\">\n\t\t\t\t<div class=\"elementor-widget-container\">\n\t\t\t\t\t\t\t\t\t<p><strong>Desde abril de 2025, la Scuderia Sauer GmbH est\u00e1 representada con una nueva ubicaci\u00f3n en Mallorca en el renombrado Motorworld &#8211; un hito significativo en la expansi\u00f3n internacional de la empresa familiar. El traslado a la isla balear es mucho m\u00e1s que una simple expansi\u00f3n del negocio: es una clara apuesta por la pasi\u00f3n por los veh\u00edculos exclusivos, la proximidad al cliente y la idea de dar vida a la cultura del autom\u00f3vil en uno de los lugares con m\u00e1s estilo de Europa. <\/strong><\/p>\n<p>En el centro de la nueva ubicaci\u00f3n se encuentra la venta exclusiva de coches deportivos alemanes e italianos de alta calidad, con una cuidada cartera de marcas de primera clase como Ferrari, Lamborghini, Maserati, Porsche, BMW y Mercedes-Benz. Esta selecci\u00f3n est\u00e1 dirigida a una clientela exigente de la isla: personas con gusto por el dise\u00f1o excepcional, la din\u00e1mica de conducci\u00f3n deportiva y las soluciones personalizadas. Ya se trate de un superdeportivo cl\u00e1sico o de una berlina moderna de altas prestaciones: los veh\u00edculos aqu\u00ed presentados son sin\u00f3nimo de estilo, calidad y emoci\u00f3n.  <\/p>\n<p>Motorworld Mallorca ofrece el escenario perfecto para ello. Como lugar de encuentro para entusiastas, coleccionistas y entendidos, crea un ambiente \u00fanico que va mucho m\u00e1s all\u00e1 de una zona de ventas convencional. La Scuderia Sauer utiliza este entorno no s\u00f3lo para exhibir sus veh\u00edculos con estilo, sino tambi\u00e9n para ofrecer a los clientes asesoramiento individual y desarrollar soluciones personalizadas para sus veh\u00edculos, siempre con el objetivo de combinar la excelencia t\u00e9cnica y el apoyo personal al m\u00e1s alto nivel.  <\/p>\n<p>La sede de Ostfildern, cerca de Stuttgart, seguir\u00e1 siendo el centro t\u00e9cnico de la empresa. All\u00ed se sigue haciendo hincapi\u00e9 en el servicio, la reparaci\u00f3n, la puesta a punto y la personalizaci\u00f3n de coches deportivos y veh\u00edculos de alta gama. Con m\u00e1s de 35 a\u00f1os de experiencia en el automovilismo y un profundo conocimiento t\u00e9cnico, el taller de Alemania es la columna vertebral de la Scuderia Sauer, y lo seguir\u00e1 siendo en el futuro.  <\/p>\n<p>La nueva presencia en Mallorca es una adici\u00f3n ideal a la cartera de la Scuderia Sauer y simboliza la aspiraci\u00f3n de la empresa no s\u00f3lo a trabajar al m\u00e1s alto nivel t\u00e9cnico, sino tambi\u00e9n a establecer nuevos est\u00e1ndares emocional y estil\u00edsticamente &#8211; a nivel internacional, con pasi\u00f3n y siempre cerca del cliente.<\/p>\t\t\t\t\t\t\t\t<\/div>\n\t\t\t\t<\/div>\n\t\t\t\t<div class=\"elementor-element elementor-element-e18dd9c elementor--h-position-center elementor--v-position-middle elementor-arrows-position-inside elementor-widget elementor-widget-slides\" data-id=\"e18dd9c\" data-element_type=\"widget\" data-e-type=\"widget\" data-settings=\"{&quot;navigation&quot;:&quot;arrows&quot;,&quot;transition&quot;:&quot;fade&quot;,&quot;autoplay&quot;:&quot;yes&quot;,&quot;pause_on_interaction&quot;:&quot;yes&quot;,&quot;autoplay_speed&quot;:5000,&quot;infinite&quot;:&quot;yes&quot;,&quot;transition_speed&quot;:500}\" data-widget_type=\"slides.default\">\n\t\t\t\t<div class=\"elementor-widget-container\">\n\t\t\t\t\t\t\t\t\t<div class=\"elementor-swiper\">\n\t\t\t\t\t<div class=\"elementor-slides-wrapper elementor-main-swiper swiper\" role=\"region\" aria-roledescription=\"carousel\" aria-label=\"Slider\" dir=\"ltr\" data-animation=\"\">\n\t\t\t\t<div class=\"swiper-wrapper elementor-slides\">\n\t\t\t\t\t\t\t\t\t\t<div class=\"elementor-repeater-item-f9a0000 swiper-slide\" role=\"group\" aria-roledescription=\"slide\"><div class=\"swiper-slide-bg\" role=\"img\" aria-label=\"20240513_180501000_iOS\"><\/div><div class=\"swiper-slide-inner\" ><div class=\"swiper-slide-contents\"><\/div><\/div><\/div><div class=\"elementor-repeater-item-ee46271 swiper-slide\" role=\"group\" aria-roledescription=\"slide\"><div class=\"swiper-slide-bg\" role=\"img\" aria-label=\"Scuderia_Sauer_3\"><\/div><div class=\"swiper-slide-inner\" ><div class=\"swiper-slide-contents\"><\/div><\/div><\/div><div class=\"elementor-repeater-item-414b661 swiper-slide\" role=\"group\" aria-roledescription=\"slide\"><div class=\"swiper-slide-bg\" role=\"img\" aria-label=\"Scuderia_Sauer_8\"><\/div><div class=\"swiper-slide-inner\" ><div class=\"swiper-slide-contents\"><\/div><\/div><\/div><div class=\"elementor-repeater-item-e5eee84 swiper-slide\" role=\"group\" aria-roledescription=\"slide\"><div class=\"swiper-slide-bg\" role=\"img\" aria-label=\"20250427_092915000_iOS\"><\/div><div class=\"swiper-slide-inner\" ><div class=\"swiper-slide-contents\"><\/div><\/div><\/div>\t\t\t\t<\/div>\n\t\t\t\t\t\t\t\t\t\t\t\t\t\t\t<div class=\"elementor-swiper-button elementor-swiper-button-prev\" role=\"button\" tabindex=\"0\" aria-label=\"Diapositiva anterior\">\n\t\t\t\t\t\t\t<svg aria-hidden=\"true\" class=\"e-font-icon-svg e-eicon-chevron-left\" viewBox=\"0 0 1000 1000\" xmlns=\"http:\/\/www.w3.org\/2000\/svg\"><path d=\"M646 125C629 125 613 133 604 142L308 442C296 454 292 471 292 487 292 504 296 521 308 533L604 854C617 867 629 875 646 875 663 875 679 871 692 858 704 846 713 829 713 812 713 796 708 779 692 767L438 487 692 225C700 217 708 204 708 187 708 171 704 154 692 142 675 129 663 125 646 125Z\"><\/path><\/svg>\t\t\t\t\t\t<\/div>\n\t\t\t\t\t\t<div class=\"elementor-swiper-button elementor-swiper-button-next\" role=\"button\" tabindex=\"0\" aria-label=\"Diapositiva siguiente\">\n\t\t\t\t\t\t\t<svg aria-hidden=\"true\" class=\"e-font-icon-svg e-eicon-chevron-right\" viewBox=\"0 0 1000 1000\" xmlns=\"http:\/\/www.w3.org\/2000\/svg\"><path d=\"M696 533C708 521 713 504 713 487 713 471 708 454 696 446L400 146C388 133 375 125 354 125 338 125 325 129 313 142 300 154 292 171 292 187 292 204 296 221 308 233L563 492 304 771C292 783 288 800 288 817 288 833 296 850 308 863 321 871 338 875 354 875 371 875 388 867 400 854L696 533Z\"><\/path><\/svg>\t\t\t\t\t\t<\/div>\n\t\t\t\t\t\t\t\t\t\t\t\t\t\t\t\t\t<\/div>\n\t\t\t\t<\/div>\n\t\t\t\t\t\t\t\t<\/div>\n\t\t\t\t<\/div>\n\t\t\t\t<\/div>\n\t\t<div class=\"elementor-element elementor-element-8d5225c e-con-full e-flex e-con e-child\" data-id=\"8d5225c\" data-element_type=\"container\" data-e-type=\"container\" data-settings=\"{&quot;background_background&quot;:&quot;classic&quot;}\">\n\t\t\t\t<div class=\"elementor-element elementor-element-e11d4f8 elementor-widget elementor-widget-text-editor\" data-id=\"e11d4f8\" data-element_type=\"widget\" data-e-type=\"widget\" data-widget_type=\"text-editor.default\">\n\t\t\t\t<div class=\"elementor-widget-container\">\n\t\t\t\t\t\t\t\t\t<p><strong>Scuderia Sauer GmbH<\/strong><br>Cami Vell de Llucmajor, 112<br>07007 Palma de Mallorca<\/p><p><strong>Contacto<br><\/strong><a href=\"mailto:info@scuderia-sauer.de\">info@scuderia-sauer.de<\/a><br><a href=\"https:\/\/www.scuderia-sauer.de\/\" target=\"_blank\" rel=\"noopener\">www.scuderia-sauer.de<\/a><\/p>\t\t\t\t\t\t\t\t<\/div>\n\t\t\t\t<\/div>\n\t\t\t\t<\/div>\n\t\t\t\t<\/div>\n\t\t\t\t<\/div>\n\t\t\t\t\t<\/div>\n\t\t\t\t<\/div>\n\t\t\t\t<\/div>\n\t\t","protected":false},"excerpt":{"rendered":"<p>MOTORWORLD Mallorca Scuderia Sauer Desde abril de 2025, la Scuderia Sauer GmbH est\u00e1 representada con una nueva ubicaci\u00f3n en Mallorca en el renombrado Motorworld &#8211; un hito significativo en la [&hellip;]<\/p>\n","protected":false},"author":1,"featured_media":0,"parent":125777,"menu_order":0,"comment_status":"closed","ping_status":"closed","template":"","meta":{"_acf_changed":false,"footnotes":""},"categories":[],"class_list":["post-127660","page","type-page","status-publish","hentry"],"acf":[],"_links":{"self":[{"href":"https:\/\/motorworld.de\/es\/wp-json\/wp\/v2\/pages\/127660","targetHints":{"allow":["GET"]}}],"collection":[{"href":"https:\/\/motorworld.de\/es\/wp-json\/wp\/v2\/pages"}],"about":[{"href":"https:\/\/motorworld.de\/es\/wp-json\/wp\/v2\/types\/page"}],"author":[{"embeddable":true,"href":"https:\/\/motorworld.de\/es\/wp-json\/wp\/v2\/users\/1"}],"replies":[{"embeddable":true,"href":"https:\/\/motorworld.de\/es\/wp-json\/wp\/v2\/comments?post=127660"}],"version-history":[{"count":0,"href":"https:\/\/motorworld.de\/es\/wp-json\/wp\/v2\/pages\/127660\/revisions"}],"up":[{"embeddable":true,"href":"https:\/\/motorworld.de\/es\/wp-json\/wp\/v2\/pages\/125777"}],"wp:attachment":[{"href":"https:\/\/motorworld.de\/es\/wp-json\/wp\/v2\/media?parent=127660"}],"wp:term":[{"taxonomy":"category","embeddable":true,"href":"https:\/\/motorworld.de\/es\/wp-json\/wp\/v2\/categories?post=127660"}],"curies":[{"name":"wp","href":"https:\/\/api.w.org\/{rel}","templated":true}]}}