{"id":127055,"date":"2025-05-03T00:29:37","date_gmt":"2025-05-02T22:29:37","guid":{"rendered":"https:\/\/motorworld.de\/mallorca\/comercio-servicio\/volmermotors-classic-cars\/"},"modified":"2025-05-06T01:49:16","modified_gmt":"2025-05-05T23:49:16","slug":"volmermotors-classic-cars","status":"publish","type":"page","link":"https:\/\/motorworld.de\/es\/mallorca\/comercio-servicio\/volmermotors-classic-cars\/","title":{"rendered":"Volmermotors Classic Cars"},"content":{"rendered":"\t\t<div data-elementor-type=\"wp-page\" data-elementor-id=\"127055\" class=\"elementor elementor-127055 elementor-127024\" data-elementor-post-type=\"page\">\n\t\t\t\t<div class=\"elementor-element elementor-element-04ab841 e-flex e-con-boxed e-con e-parent\" data-id=\"04ab841\" data-element_type=\"container\" data-e-type=\"container\" data-settings=\"{&quot;background_background&quot;:&quot;classic&quot;}\">\n\t\t\t\t\t<div class=\"e-con-inner\">\n\t\t\t\t<div class=\"elementor-element elementor-element-a3e36f4 elementor-widget elementor-widget-wp-widget-bcn_widget\" data-id=\"a3e36f4\" data-element_type=\"widget\" data-e-type=\"widget\" data-widget_type=\"wp-widget-bcn_widget.default\">\n\t\t\t\t<div class=\"elementor-widget-container\">\n\t\t\t\t\t<div class=\"breadcrumbs\" vocab=\"https:\/\/schema.org\/\" typeof=\"BreadcrumbList\"><span property=\"itemListElement\" typeof=\"ListItem\"><a property=\"item\" typeof=\"WebPage\" title=\"Go to Motorworld Eventlocations.\" href=\"https:\/\/motorworld.de\/\" class=\"home\" aria-current=\"page\"><span property=\"name\">Home<\/span><\/a><meta property=\"position\" content=\"1\"><\/span><\/div>\t\t\t\t<\/div>\n\t\t\t\t<\/div>\n\t\t\t\t\t<\/div>\n\t\t\t\t<\/div>\n\t\t<div class=\"elementor-element elementor-element-6443efe e-flex e-con-boxed e-con e-parent\" data-id=\"6443efe\" data-element_type=\"container\" data-e-type=\"container\" data-settings=\"{&quot;background_background&quot;:&quot;classic&quot;}\">\n\t\t\t\t\t<div class=\"e-con-inner\">\n\t\t<div class=\"elementor-element elementor-element-abb611f e-con-full e-flex e-con e-child\" data-id=\"abb611f\" data-element_type=\"container\" data-e-type=\"container\">\n\t\t\t\t<div class=\"elementor-element elementor-element-852ef11 elementor--h-position-center elementor--v-position-middle elementor-arrows-position-inside elementor-widget elementor-widget-slides\" data-id=\"852ef11\" data-element_type=\"widget\" data-e-type=\"widget\" data-settings=\"{&quot;navigation&quot;:&quot;arrows&quot;,&quot;transition&quot;:&quot;fade&quot;,&quot;autoplay&quot;:&quot;yes&quot;,&quot;pause_on_interaction&quot;:&quot;yes&quot;,&quot;autoplay_speed&quot;:5000,&quot;infinite&quot;:&quot;yes&quot;,&quot;transition_speed&quot;:500}\" data-widget_type=\"slides.default\">\n\t\t\t\t<div class=\"elementor-widget-container\">\n\t\t\t\t\t\t\t\t\t<div class=\"elementor-swiper\">\n\t\t\t\t\t<div class=\"elementor-slides-wrapper elementor-main-swiper swiper\" role=\"region\" aria-roledescription=\"carousel\" aria-label=\"Slider\" dir=\"ltr\" data-animation=\"\">\n\t\t\t\t<div class=\"swiper-wrapper elementor-slides\">\n\t\t\t\t\t\t\t\t\t\t<div class=\"elementor-repeater-item-eebd796 swiper-slide\" role=\"group\" aria-roledescription=\"slide\"><div class=\"swiper-slide-bg\" role=\"img\" aria-label=\"volmer_titelbild_1\"><\/div><div class=\"swiper-slide-inner\" ><div class=\"swiper-slide-contents\"><\/div><\/div><\/div><div class=\"elementor-repeater-item-eb27d8e swiper-slide\" role=\"group\" aria-roledescription=\"slide\"><div class=\"swiper-slide-bg\" role=\"img\" aria-label=\"volmer_titelbild_2\"><\/div><div class=\"swiper-slide-inner\" ><div class=\"swiper-slide-contents\"><\/div><\/div><\/div>\t\t\t\t<\/div>\n\t\t\t\t\t\t\t\t\t\t\t\t\t\t\t<div class=\"elementor-swiper-button elementor-swiper-button-prev\" role=\"button\" tabindex=\"0\" aria-label=\"Diapositiva anterior\">\n\t\t\t\t\t\t\t<svg aria-hidden=\"true\" class=\"e-font-icon-svg e-eicon-chevron-left\" viewBox=\"0 0 1000 1000\" xmlns=\"http:\/\/www.w3.org\/2000\/svg\"><path d=\"M646 125C629 125 613 133 604 142L308 442C296 454 292 471 292 487 292 504 296 521 308 533L604 854C617 867 629 875 646 875 663 875 679 871 692 858 704 846 713 829 713 812 713 796 708 779 692 767L438 487 692 225C700 217 708 204 708 187 708 171 704 154 692 142 675 129 663 125 646 125Z\"><\/path><\/svg>\t\t\t\t\t\t<\/div>\n\t\t\t\t\t\t<div class=\"elementor-swiper-button elementor-swiper-button-next\" role=\"button\" tabindex=\"0\" aria-label=\"Diapositiva siguiente\">\n\t\t\t\t\t\t\t<svg aria-hidden=\"true\" class=\"e-font-icon-svg e-eicon-chevron-right\" viewBox=\"0 0 1000 1000\" xmlns=\"http:\/\/www.w3.org\/2000\/svg\"><path d=\"M696 533C708 521 713 504 713 487 713 471 708 454 696 446L400 146C388 133 375 125 354 125 338 125 325 129 313 142 300 154 292 171 292 187 292 204 296 221 308 233L563 492 304 771C292 783 288 800 288 817 288 833 296 850 308 863 321 871 338 875 354 875 371 875 388 867 400 854L696 533Z\"><\/path><\/svg>\t\t\t\t\t\t<\/div>\n\t\t\t\t\t\t\t\t\t\t\t\t\t\t\t\t\t<\/div>\n\t\t\t\t<\/div>\n\t\t\t\t\t\t\t\t<\/div>\n\t\t\t\t<\/div>\n\t\t<div class=\"elementor-element elementor-element-20cc502 e-flex e-con-boxed e-con e-child\" data-id=\"20cc502\" data-element_type=\"container\" data-e-type=\"container\">\n\t\t\t\t\t<div class=\"e-con-inner\">\n\t\t<div class=\"elementor-element elementor-element-57dd13d e-con-full e-flex e-con e-child\" data-id=\"57dd13d\" data-element_type=\"container\" data-e-type=\"container\">\n\t\t\t\t<div class=\"elementor-element elementor-element-168fc4c elementor-widget elementor-widget-heading\" data-id=\"168fc4c\" data-element_type=\"widget\" data-e-type=\"widget\" data-widget_type=\"heading.default\">\n\t\t\t\t<div class=\"elementor-widget-container\">\n\t\t\t\t\t<h2 class=\"elementor-heading-title elementor-size-default\">MOTORWORLD Mallorca<\/h2>\t\t\t\t<\/div>\n\t\t\t\t<\/div>\n\t\t\t\t<div class=\"elementor-element elementor-element-22bbb6c elementor-widget elementor-widget-heading\" data-id=\"22bbb6c\" data-element_type=\"widget\" data-e-type=\"widget\" data-widget_type=\"heading.default\">\n\t\t\t\t<div class=\"elementor-widget-container\">\n\t\t\t\t\t<h2 class=\"elementor-heading-title elementor-size-default\">Volmermotors Classic Cars<\/h2>\t\t\t\t<\/div>\n\t\t\t\t<\/div>\n\t\t\t\t<\/div>\n\t\t\t\t<div class=\"elementor-element elementor-element-7352668 elementor-widget elementor-widget-image\" data-id=\"7352668\" data-element_type=\"widget\" data-e-type=\"widget\" data-widget_type=\"image.default\">\n\t\t\t\t<div class=\"elementor-widget-container\">\n\t\t\t\t\t\t\t\t\t\t\t\t\t\t\t\t<a href=\"https:\/\/volmermotors-classic-cars.de\/\" target=\"_blank\" rel=\"noopener\">\n\t\t\t\t\t\t\t<img fetchpriority=\"high\" decoding=\"async\" width=\"800\" height=\"226\" src=\"https:\/\/motorworld.de\/wp-content\/uploads\/2025\/05\/volmermotors_logos.png\" class=\"attachment-large size-large wp-image-127029\" alt=\"\" srcset=\"https:\/\/motorworld.de\/wp-content\/uploads\/2025\/05\/volmermotors_logos.png 936w, https:\/\/motorworld.de\/wp-content\/uploads\/2025\/05\/volmermotors_logos-300x85.png 300w, https:\/\/motorworld.de\/wp-content\/uploads\/2025\/05\/volmermotors_logos-768x217.png 768w, https:\/\/motorworld.de\/wp-content\/uploads\/2025\/05\/volmermotors_logos-350x100.png 350w\" sizes=\"(max-width: 800px) 100vw, 800px\" \/>\t\t\t\t\t\t\t\t<\/a>\n\t\t\t\t\t\t\t\t\t\t\t\t\t\t\t<\/div>\n\t\t\t\t<\/div>\n\t\t\t\t\t<\/div>\n\t\t\t\t<\/div>\n\t\t\t\t<\/div>\n\t\t\t\t\t<\/div>\n\t\t\t\t<\/div>\n\t\t<div class=\"elementor-element elementor-element-bc821ae e-flex e-con-boxed e-con e-parent\" data-id=\"bc821ae\" data-element_type=\"container\" data-e-type=\"container\" data-settings=\"{&quot;background_background&quot;:&quot;classic&quot;}\">\n\t\t\t\t\t<div class=\"e-con-inner\">\n\t\t<div class=\"elementor-element elementor-element-4a11e69 e-con-full e-flex e-con e-child\" data-id=\"4a11e69\" data-element_type=\"container\" data-e-type=\"container\">\n\t\t<div class=\"elementor-element elementor-element-c81cd67 e-con-full e-flex e-con e-child\" data-id=\"c81cd67\" data-element_type=\"container\" data-e-type=\"container\">\n\t\t<div class=\"elementor-element elementor-element-d29c22a e-con-full e-flex e-con e-child\" data-id=\"d29c22a\" data-element_type=\"container\" data-e-type=\"container\">\n\t\t\t\t<div class=\"elementor-element elementor-element-ee7d55e elementor-widget elementor-widget-text-editor\" data-id=\"ee7d55e\" data-element_type=\"widget\" data-e-type=\"widget\" data-widget_type=\"text-editor.default\">\n\t\t\t\t<div class=\"elementor-widget-container\">\n\t\t\t\t\t\t\t\t\t<p>La empresa Volmermotors Classic Cars, con sede en Sehnde, es sin\u00f3nimo de pasi\u00f3n, perfecci\u00f3n y experiencia en el campo de los coches cl\u00e1sicos. Desde nuestra fundaci\u00f3n hace m\u00e1s de 40 a\u00f1os, nos hemos establecido como un socio fiable para los entusiastas y coleccionistas de coches cl\u00e1sicos. Nuestra misi\u00f3n es preservar la historia del autom\u00f3vil y ofrecer a nuestros clientes una experiencia de conducci\u00f3n \u00fanica. Los veh\u00edculos que ofrecemos han sido completamente restaurados, reparados y revisados en nuestro propio taller.   <\/p><p>Con la apertura de nuestra nueva ubicaci\u00f3n en MOTORWORLD en Palma de Mallorca, ampliamos nuestra apuesta por los coches cl\u00e1sicos con estilo en un entorno que combina a la perfecci\u00f3n con su elegancia. Nuestra ubicaci\u00f3n en la isla le ofrece una exquisita selecci\u00f3n de coches cl\u00e1sicos cuidadosamente restaurados y mantenidos. <\/p><h5><strong><br>Nuestros servicios<\/strong><\/h5><p><strong>Restauraci\u00f3n<\/strong><br>Restauraci\u00f3n precisa y detallada de coches cl\u00e1sicos al m\u00e1s alto nivel.<\/p><p><strong>Servicio y cuidado<\/strong><br>Mantenimiento y cuidado para preservar el valor y la belleza de los veh\u00edculos cl\u00e1sicos a largo plazo.<\/p><p><strong>Venta<\/strong><br>Venta de cl\u00e1sicos seleccionados para verdaderos entusiastas.<\/p><p><strong>Asesoramiento<\/strong><br>Apoyo profesional a la hora de comprar, vender o personalizar el coche de sus sue\u00f1os.<\/p><p><strong>Log\u00edstica<\/strong><br>Transportes individuales en transportadores de veh\u00edculos cerrados por toda Europa.<\/p><p>Vis\u00edtenos en Sehnde o en Mallorca y experimente el mundo de los coches cl\u00e1sicos en su forma m\u00e1s bella.<br>Volmermotors Classic Cars<br>Reinhard Volmer<\/p>\t\t\t\t\t\t\t\t<\/div>\n\t\t\t\t<\/div>\n\t\t\t\t<\/div>\n\t\t<div class=\"elementor-element elementor-element-0144fc7 e-con-full e-flex e-con e-child\" data-id=\"0144fc7\" data-element_type=\"container\" data-e-type=\"container\" data-settings=\"{&quot;background_background&quot;:&quot;classic&quot;}\">\n\t\t\t\t<div class=\"elementor-element elementor-element-7291fb3 elementor-widget elementor-widget-text-editor\" data-id=\"7291fb3\" data-element_type=\"widget\" data-e-type=\"widget\" data-widget_type=\"text-editor.default\">\n\t\t\t\t<div class=\"elementor-widget-container\">\n\t\t\t\t\t\t\t\t\t<p><strong>Volmermotors Classic Cars<\/strong><br>Cami Vell de Llucmajor, 112<br>07007 Palma de Mallorca<\/p><p><strong>Contacto<br><\/strong><a href=\"tel:+491713283996\">+49 171 3283996<\/a><br><a href=\"mailto:reinhard.volmer@volmermotors.de\">reinhard.volmer@volmermotors.de<\/a><br><a href=\"https:\/\/volmermotors-classic-cars.de\/\" target=\"_blank\" rel=\"noopener\">volmermotors-classic-cars.de<\/a><\/p>\t\t\t\t\t\t\t\t<\/div>\n\t\t\t\t<\/div>\n\t\t\t\t<\/div>\n\t\t\t\t<\/div>\n\t\t\t\t<\/div>\n\t\t\t\t\t<\/div>\n\t\t\t\t<\/div>\n\t\t\t\t<\/div>\n\t\t","protected":false},"excerpt":{"rendered":"<p>MOTORWORLD Mallorca Volmermotors Classic Cars La empresa Volmermotors Classic Cars, con sede en Sehnde, es sin\u00f3nimo de pasi\u00f3n, perfecci\u00f3n y experiencia en el campo de los coches cl\u00e1sicos. Desde nuestra [&hellip;]<\/p>\n","protected":false},"author":1,"featured_media":0,"parent":125777,"menu_order":0,"comment_status":"closed","ping_status":"closed","template":"","meta":{"_acf_changed":false,"footnotes":""},"categories":[],"class_list":["post-127055","page","type-page","status-publish","hentry"],"acf":[],"_links":{"self":[{"href":"https:\/\/motorworld.de\/es\/wp-json\/wp\/v2\/pages\/127055","targetHints":{"allow":["GET"]}}],"collection":[{"href":"https:\/\/motorworld.de\/es\/wp-json\/wp\/v2\/pages"}],"about":[{"href":"https:\/\/motorworld.de\/es\/wp-json\/wp\/v2\/types\/page"}],"author":[{"embeddable":true,"href":"https:\/\/motorworld.de\/es\/wp-json\/wp\/v2\/users\/1"}],"replies":[{"embeddable":true,"href":"https:\/\/motorworld.de\/es\/wp-json\/wp\/v2\/comments?post=127055"}],"version-history":[{"count":0,"href":"https:\/\/motorworld.de\/es\/wp-json\/wp\/v2\/pages\/127055\/revisions"}],"up":[{"embeddable":true,"href":"https:\/\/motorworld.de\/es\/wp-json\/wp\/v2\/pages\/125777"}],"wp:attachment":[{"href":"https:\/\/motorworld.de\/es\/wp-json\/wp\/v2\/media?parent=127055"}],"wp:term":[{"taxonomy":"category","embeddable":true,"href":"https:\/\/motorworld.de\/es\/wp-json\/wp\/v2\/categories?post=127055"}],"curies":[{"name":"wp","href":"https:\/\/api.w.org\/{rel}","templated":true}]}}