{"id":126971,"date":"2025-05-01T22:09:14","date_gmt":"2025-05-01T20:09:14","guid":{"rendered":"https:\/\/motorworld.de\/mallorca\/comercio-servicio\/sportwagen-genssler\/"},"modified":"2025-05-05T22:30:56","modified_gmt":"2025-05-05T20:30:56","slug":"sportwagen-genssler","status":"publish","type":"page","link":"https:\/\/motorworld.de\/es\/mallorca\/comercio-servicio\/sportwagen-genssler\/","title":{"rendered":"Sportwagen Genssler"},"content":{"rendered":"\t\t<div data-elementor-type=\"wp-page\" data-elementor-id=\"126971\" class=\"elementor elementor-126971 elementor-126957\" data-elementor-post-type=\"page\">\n\t\t\t\t<div class=\"elementor-element elementor-element-4aa67bf e-flex e-con-boxed e-con e-parent\" data-id=\"4aa67bf\" data-element_type=\"container\" data-e-type=\"container\" data-settings=\"{&quot;background_background&quot;:&quot;classic&quot;}\">\n\t\t\t\t\t<div class=\"e-con-inner\">\n\t\t\t\t<div class=\"elementor-element elementor-element-54efbd7 elementor-widget elementor-widget-wp-widget-bcn_widget\" data-id=\"54efbd7\" data-element_type=\"widget\" data-e-type=\"widget\" data-widget_type=\"wp-widget-bcn_widget.default\">\n\t\t\t\t<div class=\"elementor-widget-container\">\n\t\t\t\t\t<div class=\"breadcrumbs\" vocab=\"https:\/\/schema.org\/\" typeof=\"BreadcrumbList\"><span property=\"itemListElement\" typeof=\"ListItem\"><a property=\"item\" typeof=\"WebPage\" title=\"Go to Motorworld Eventlocations.\" href=\"https:\/\/motorworld.de\/\" class=\"home\" aria-current=\"page\"><span property=\"name\">Home<\/span><\/a><meta property=\"position\" content=\"1\"><\/span><\/div>\t\t\t\t<\/div>\n\t\t\t\t<\/div>\n\t\t\t\t\t<\/div>\n\t\t\t\t<\/div>\n\t\t<div class=\"elementor-element elementor-element-8e4aa92 e-flex e-con-boxed e-con e-parent\" data-id=\"8e4aa92\" data-element_type=\"container\" data-e-type=\"container\" data-settings=\"{&quot;background_background&quot;:&quot;classic&quot;}\">\n\t\t\t\t\t<div class=\"e-con-inner\">\n\t\t<div class=\"elementor-element elementor-element-61c5ca3 e-con-full e-flex e-con e-child\" data-id=\"61c5ca3\" data-element_type=\"container\" data-e-type=\"container\">\n\t\t\t\t<div class=\"elementor-element elementor-element-bc0ec76 elementor--h-position-center elementor--v-position-middle elementor-arrows-position-inside elementor-widget elementor-widget-slides\" data-id=\"bc0ec76\" data-element_type=\"widget\" data-e-type=\"widget\" data-settings=\"{&quot;navigation&quot;:&quot;arrows&quot;,&quot;transition&quot;:&quot;fade&quot;,&quot;autoplay&quot;:&quot;yes&quot;,&quot;pause_on_interaction&quot;:&quot;yes&quot;,&quot;autoplay_speed&quot;:5000,&quot;infinite&quot;:&quot;yes&quot;,&quot;transition_speed&quot;:500}\" data-widget_type=\"slides.default\">\n\t\t\t\t<div class=\"elementor-widget-container\">\n\t\t\t\t\t\t\t\t\t<div class=\"elementor-swiper\">\n\t\t\t\t\t<div class=\"elementor-slides-wrapper elementor-main-swiper swiper\" role=\"region\" aria-roledescription=\"carousel\" aria-label=\"Slider\" dir=\"ltr\" data-animation=\"\">\n\t\t\t\t<div class=\"swiper-wrapper elementor-slides\">\n\t\t\t\t\t\t\t\t\t\t<div class=\"elementor-repeater-item-eebd796 swiper-slide\" role=\"group\" aria-roledescription=\"slide\"><div class=\"swiper-slide-bg\" role=\"img\" aria-label=\"sportwagen_genssler_4\"><\/div><div class=\"swiper-slide-inner\" ><div class=\"swiper-slide-contents\"><\/div><\/div><\/div><div class=\"elementor-repeater-item-bed48a2 swiper-slide\" role=\"group\" aria-roledescription=\"slide\"><div class=\"swiper-slide-bg\" role=\"img\" aria-label=\"sportwagen_genssler_1\"><\/div><div class=\"swiper-slide-inner\" ><div class=\"swiper-slide-contents\"><\/div><\/div><\/div><div class=\"elementor-repeater-item-3e752b3 swiper-slide\" role=\"group\" aria-roledescription=\"slide\"><div class=\"swiper-slide-bg\" role=\"img\" aria-label=\"sportwagen_genssler_5\"><\/div><div class=\"swiper-slide-inner\" ><div class=\"swiper-slide-contents\"><\/div><\/div><\/div><div class=\"elementor-repeater-item-3673945 swiper-slide\" role=\"group\" aria-roledescription=\"slide\"><div class=\"swiper-slide-bg\" role=\"img\" aria-label=\"sportwagen_genssler_8\"><\/div><div class=\"swiper-slide-inner\" ><div class=\"swiper-slide-contents\"><\/div><\/div><\/div><div class=\"elementor-repeater-item-c4e9210 swiper-slide\" role=\"group\" aria-roledescription=\"slide\"><div class=\"swiper-slide-bg\" role=\"img\" aria-label=\"sportwagen_genssler_6\"><\/div><div class=\"swiper-slide-inner\" ><div class=\"swiper-slide-contents\"><\/div><\/div><\/div><div class=\"elementor-repeater-item-136eeef swiper-slide\" role=\"group\" aria-roledescription=\"slide\"><div class=\"swiper-slide-bg\" role=\"img\" aria-label=\"sportwagen_genssler_9\"><\/div><div class=\"swiper-slide-inner\" ><div class=\"swiper-slide-contents\"><\/div><\/div><\/div><div class=\"elementor-repeater-item-e85da27 swiper-slide\" role=\"group\" aria-roledescription=\"slide\"><div class=\"swiper-slide-bg\" role=\"img\" aria-label=\"sportwagen_genssler_7\"><\/div><div class=\"swiper-slide-inner\" ><div class=\"swiper-slide-contents\"><\/div><\/div><\/div><div class=\"elementor-repeater-item-aa3427c swiper-slide\" role=\"group\" aria-roledescription=\"slide\"><div class=\"swiper-slide-bg\" role=\"img\" aria-label=\"sportwagen_genssler_3\"><\/div><div class=\"swiper-slide-inner\" ><div class=\"swiper-slide-contents\"><\/div><\/div><\/div><div class=\"elementor-repeater-item-11a8d1a swiper-slide\" role=\"group\" aria-roledescription=\"slide\"><div class=\"swiper-slide-bg\" role=\"img\" aria-label=\"sportwagen_genssler_2\"><\/div><div class=\"swiper-slide-inner\" ><div class=\"swiper-slide-contents\"><\/div><\/div><\/div>\t\t\t\t<\/div>\n\t\t\t\t\t\t\t\t\t\t\t\t\t\t\t<div class=\"elementor-swiper-button elementor-swiper-button-prev\" role=\"button\" tabindex=\"0\" aria-label=\"Diapositiva anterior\">\n\t\t\t\t\t\t\t<svg aria-hidden=\"true\" class=\"e-font-icon-svg e-eicon-chevron-left\" viewBox=\"0 0 1000 1000\" xmlns=\"http:\/\/www.w3.org\/2000\/svg\"><path d=\"M646 125C629 125 613 133 604 142L308 442C296 454 292 471 292 487 292 504 296 521 308 533L604 854C617 867 629 875 646 875 663 875 679 871 692 858 704 846 713 829 713 812 713 796 708 779 692 767L438 487 692 225C700 217 708 204 708 187 708 171 704 154 692 142 675 129 663 125 646 125Z\"><\/path><\/svg>\t\t\t\t\t\t<\/div>\n\t\t\t\t\t\t<div class=\"elementor-swiper-button elementor-swiper-button-next\" role=\"button\" tabindex=\"0\" aria-label=\"Diapositiva siguiente\">\n\t\t\t\t\t\t\t<svg aria-hidden=\"true\" class=\"e-font-icon-svg e-eicon-chevron-right\" viewBox=\"0 0 1000 1000\" xmlns=\"http:\/\/www.w3.org\/2000\/svg\"><path d=\"M696 533C708 521 713 504 713 487 713 471 708 454 696 446L400 146C388 133 375 125 354 125 338 125 325 129 313 142 300 154 292 171 292 187 292 204 296 221 308 233L563 492 304 771C292 783 288 800 288 817 288 833 296 850 308 863 321 871 338 875 354 875 371 875 388 867 400 854L696 533Z\"><\/path><\/svg>\t\t\t\t\t\t<\/div>\n\t\t\t\t\t\t\t\t\t\t\t\t\t\t\t\t\t<\/div>\n\t\t\t\t<\/div>\n\t\t\t\t\t\t\t\t<\/div>\n\t\t\t\t<\/div>\n\t\t\t\t<div class=\"elementor-element elementor-element-f86d2ce elementor-widget elementor-widget-text-editor\" data-id=\"f86d2ce\" data-element_type=\"widget\" data-e-type=\"widget\" data-widget_type=\"text-editor.default\">\n\t\t\t\t<div class=\"elementor-widget-container\">\n\t\t\t\t\t\t\t\t\t<p>Fotos: MPixx Lifestyle Photography<\/p>\t\t\t\t\t\t\t\t<\/div>\n\t\t\t\t<\/div>\n\t\t<div class=\"elementor-element elementor-element-2286676 e-flex e-con-boxed e-con e-child\" data-id=\"2286676\" data-element_type=\"container\" data-e-type=\"container\">\n\t\t\t\t\t<div class=\"e-con-inner\">\n\t\t<div class=\"elementor-element elementor-element-541c3d0 e-con-full e-flex e-con e-child\" data-id=\"541c3d0\" data-element_type=\"container\" data-e-type=\"container\">\n\t\t\t\t<div class=\"elementor-element elementor-element-1c8fbcd elementor-widget elementor-widget-heading\" data-id=\"1c8fbcd\" data-element_type=\"widget\" data-e-type=\"widget\" data-widget_type=\"heading.default\">\n\t\t\t\t<div class=\"elementor-widget-container\">\n\t\t\t\t\t<h2 class=\"elementor-heading-title elementor-size-default\">MOTORWORLD Mallorca<\/h2>\t\t\t\t<\/div>\n\t\t\t\t<\/div>\n\t\t\t\t<div class=\"elementor-element elementor-element-cfabf90 elementor-widget elementor-widget-heading\" data-id=\"cfabf90\" data-element_type=\"widget\" data-e-type=\"widget\" data-widget_type=\"heading.default\">\n\t\t\t\t<div class=\"elementor-widget-container\">\n\t\t\t\t\t<h2 class=\"elementor-heading-title elementor-size-default\">Sportwagen Genssler<\/h2>\t\t\t\t<\/div>\n\t\t\t\t<\/div>\n\t\t\t\t<\/div>\n\t\t\t\t<div class=\"elementor-element elementor-element-b2a18cc elementor-widget elementor-widget-image\" data-id=\"b2a18cc\" data-element_type=\"widget\" data-e-type=\"widget\" data-widget_type=\"image.default\">\n\t\t\t\t<div class=\"elementor-widget-container\">\n\t\t\t\t\t\t\t\t\t\t\t\t\t\t\t\t<a href=\"https:\/\/sportwagen-genssler.com\/\" target=\"_blank\" rel=\"noopener\">\n\t\t\t\t\t\t\t<img fetchpriority=\"high\" decoding=\"async\" width=\"800\" height=\"140\" src=\"https:\/\/motorworld.de\/wp-content\/uploads\/2025\/05\/logo-sportwagen-genssler-1024x179.png\" class=\"attachment-large size-large wp-image-126962\" alt=\"\" srcset=\"https:\/\/motorworld.de\/wp-content\/uploads\/2025\/05\/logo-sportwagen-genssler-1024x179.png 1024w, https:\/\/motorworld.de\/wp-content\/uploads\/2025\/05\/logo-sportwagen-genssler-300x53.png 300w, https:\/\/motorworld.de\/wp-content\/uploads\/2025\/05\/logo-sportwagen-genssler-768x134.png 768w, https:\/\/motorworld.de\/wp-content\/uploads\/2025\/05\/logo-sportwagen-genssler.png 1200w\" sizes=\"(max-width: 800px) 100vw, 800px\" \/>\t\t\t\t\t\t\t\t<\/a>\n\t\t\t\t\t\t\t\t\t\t\t\t\t\t\t<\/div>\n\t\t\t\t<\/div>\n\t\t\t\t\t<\/div>\n\t\t\t\t<\/div>\n\t\t\t\t<\/div>\n\t\t\t\t\t<\/div>\n\t\t\t\t<\/div>\n\t\t<div class=\"elementor-element elementor-element-59eda6c e-flex e-con-boxed e-con e-parent\" data-id=\"59eda6c\" data-element_type=\"container\" data-e-type=\"container\" data-settings=\"{&quot;background_background&quot;:&quot;classic&quot;}\">\n\t\t\t\t\t<div class=\"e-con-inner\">\n\t\t<div class=\"elementor-element elementor-element-11a6238 e-con-full e-flex e-con e-child\" data-id=\"11a6238\" data-element_type=\"container\" data-e-type=\"container\">\n\t\t<div class=\"elementor-element elementor-element-5fe0662 e-con-full e-flex e-con e-child\" data-id=\"5fe0662\" data-element_type=\"container\" data-e-type=\"container\">\n\t\t<div class=\"elementor-element elementor-element-8224fd9 e-con-full e-flex e-con e-child\" data-id=\"8224fd9\" data-element_type=\"container\" data-e-type=\"container\">\n\t\t\t\t<div class=\"elementor-element elementor-element-35042fd elementor-widget elementor-widget-text-editor\" data-id=\"35042fd\" data-element_type=\"widget\" data-e-type=\"widget\" data-widget_type=\"text-editor.default\">\n\t\t\t\t<div class=\"elementor-widget-container\">\n\t\t\t\t\t\t\t\t\t<p><strong>Vivimos los coches deportivos<\/strong><\/p><p>\u00a1Los coches deportivos SG en Motorworld Mallorca y la tienda de la marca de lujo ABT en Portals!<\/p><p>Sportwagen Genssler le invita a descubrir la belleza de la isla en uno de nuestros deportivos de alta calidad. Nuestra sala de exposici\u00f3n en Motorworld ocupa una impresionante superficie de 200 m\u00b2 y le ofrece una exclusiva selecci\u00f3n de m\u00e1s de 60 veh\u00edculos disponibles para alquiler a corto y largo plazo. <\/p><p>Si desea explorar las sinuosas carreteras de Mallorca o simplemente experimentar la emoci\u00f3n de un coche deportivo, tenemos el veh\u00edculo perfecto para usted. Nuestra flota incluye los \u00faltimos modelos de fabricantes de renombre conocidos por sus prestaciones y elegancia.   <br>Adem\u00e1s de nuestro servicio de alquiler de veh\u00edculos, le ofrecemos la oportunidad de participar en excursiones guiadas en coches deportivos. Deje que experimentados pilotos de carreras GT le conduzcan por los paisajes m\u00e1s impresionantes de Mallorca, disfrute de momentos inolvidables en las carreteras m\u00e1s bellas de la isla y redondee el d\u00eda en los mejores restaurantes. <\/p><p>Para aquellos que deseen mejorar sus habilidades al volante, ofrecemos sesiones exclusivas de entrenamiento con veh\u00edculos dirigidas por nuestros pilotos de carreras profesionales. Y para disfrutar de la m\u00e1xima comodidad, ponemos a su disposici\u00f3n nuestro servicio de transporte VIP. <\/p><p>Descubra Mallorca como nunca antes &#8211; en Motorworld Mallorca y en el puerto de Portals. P\u00f3ngase en contacto con nosotros hoy mismo para reservar el veh\u00edculo de sus sue\u00f1os y vivir nuevas aventuras. <\/p><p><strong>Oferta<\/strong><\/p><p>Ofrecemos coches deportivos de alta gama y de lujo que est\u00e1n disponibles para su compra y para alquiler a largo o corto plazo. Nuestra diversidad de marcas abarca varios modelos de Porsche, BMW, Mercedes y Audi. Como socio exclusivo de ABT Sportsline en Mallorca, tambi\u00e9n ofrecemos varios modelos de ABT Limited Editions. Algunos de los ejemplos son ABT RS7 Legacy, ABT RS6 Legacy, ABT RSQ8.   <\/p><p>Gracias a nuestra colaboraci\u00f3n exclusiva con Vanderhall, tambi\u00e9n ofrecemos un concepto totalmente nuevo de veh\u00edculos Vanderhall de tres ruedas que, sin duda, \u00a1har\u00e1n girar cabezas!<\/p><p>Adem\u00e1s, nuestros clientes tambi\u00e9n pueden disfrutar de varias excursiones por la isla y explorarla de una forma diferente. Nuestras excursiones por la isla son exclusivas y constan de un m\u00e1ximo de 4 veh\u00edculos en los que podr\u00e1 recorrer las rutas m\u00e1s bellas de Mallorca en compa\u00f1\u00eda de nuestro piloto profesional de carreras GT. Las rutas se dividen en diferentes categor\u00edas dependiendo de la duraci\u00f3n y dificultad de cada ruta. Estas excursiones tambi\u00e9n est\u00e1n disponibles para empresas, eventos corporativos y actividades de formaci\u00f3n de equipos.   <\/p><p><strong>Visi\u00f3n<\/strong><\/p><p>Nuestra visi\u00f3n en Sportwagen Genssler es convertirnos en la primera opci\u00f3n para los entusiastas de los coches deportivos, aventureros y entendidos en Mallorca. Nos esforzamos por ofrecer una experiencia de conducci\u00f3n inigualable que no s\u00f3lo refleje nuestra pasi\u00f3n por los veh\u00edculos de alta calidad, sino que tambi\u00e9n sit\u00fae en el centro del escenario la impresionante belleza y diversidad de la isla, con sus hitos culinarios. <\/p><p>Queremos crear una comunidad exclusiva de entusiastas que experimenten la libertad y la emoci\u00f3n de conducir un autom\u00f3vil deportivo de alta gama. A trav\u00e9s de experiencias personalizadas, como las visitas guiadas y el entrenamiento individual del veh\u00edculo, promovemos no s\u00f3lo el arte de la conducci\u00f3n, sino tambi\u00e9n el aprecio por la ingenier\u00eda y el dise\u00f1o de nuestros veh\u00edculos. <\/p><p>Nuestro objetivo es atraer a nuevos grupos de clientes mediante un servicio de primera clase y ofertas innovadoras y crear una experiencia inolvidable que haga que nuestros clientes vuelvan. Estamos comprometidos con la sostenibilidad y la responsabilidad integrando opciones ecol\u00f3gicas en nuestra flota y ofreciendo a nuestros clientes la oportunidad de disfrutar de la belleza de Mallorca de forma responsable. <\/p><p>Sportwagen Genssler: donde la pasi\u00f3n se une al lujo y cada conducci\u00f3n se convierte en una experiencia inolvidable.<\/p><p><strong>Misi\u00f3n<\/strong><\/p><p>Nuestra misi\u00f3n en Sportwagen Genssler es ofrecer a nuestros clientes una experiencia de conducci\u00f3n excepcional e inolvidable en Mallorca, Ibiza y Alemania. Nos comprometemos a proporcionar veh\u00edculos deportivos y premium de alta calidad que impresionen por sus prestaciones y elegancia, completados con un servicio de primera clase y una atenci\u00f3n personalizada.   <br>Queremos dar a nuestros clientes la oportunidad de explorar los impresionantes paisajes y las sinuosas carreteras de Mallorca en un exclusivo coche deportivo. A trav\u00e9s de nuestros recorridos guiados en coches deportivos, dirigidos por experimentados pilotos de carreras GT, y nuestras sesiones personalizadas de coaching automovil\u00edstico, fomentamos no s\u00f3lo las habilidades de conducci\u00f3n, sino tambi\u00e9n la pasi\u00f3n por conducir. <\/p><p>Adem\u00e1s, nos comprometemos a vender veh\u00edculos deportivos y premium j\u00f3venes en las mejores condiciones y a distribuir veh\u00edculos ABT para ofrecer a nuestros clientes las mejores opciones del mercado. Nos esforzamos por crear una comunidad de entusiastas de los coches deportivos que compartan la alegr\u00eda de conducir y la belleza de la isla. <\/p><p><strong>Sportwagen Genssler &#8211; su socio para momentos de conducci\u00f3n inolvidables y experiencias exclusivas.<\/strong><\/p>\t\t\t\t\t\t\t\t<\/div>\n\t\t\t\t<\/div>\n\t\t\t\t<\/div>\n\t\t<div class=\"elementor-element elementor-element-f9ef3c9 e-con-full e-flex e-con e-child\" data-id=\"f9ef3c9\" data-element_type=\"container\" data-e-type=\"container\" data-settings=\"{&quot;background_background&quot;:&quot;classic&quot;}\">\n\t\t\t\t<div class=\"elementor-element elementor-element-8bb07c8 elementor-widget elementor-widget-text-editor\" data-id=\"8bb07c8\" data-element_type=\"widget\" data-e-type=\"widget\" data-widget_type=\"text-editor.default\">\n\t\t\t\t<div class=\"elementor-widget-container\">\n\t\t\t\t\t\t\t\t\t<p><strong>Sportwagen Genssler<\/strong><br>Cami Vell de Llucmajor, 112<br>07007 Palma de Mallorca<\/p><p><strong>Contacto<br><\/strong><a href=\"https:\/\/sportwagen-genssler.com\/\" target=\"_blank\" rel=\"noopener\">sportscar-genssler.com<\/a><br><a href=\"mailto:info@sportwagen-genssler.com\">info@sportwagen-genssler.com<\/a><\/p>\t\t\t\t\t\t\t\t<\/div>\n\t\t\t\t<\/div>\n\t\t\t\t<\/div>\n\t\t\t\t<\/div>\n\t\t\t\t<\/div>\n\t\t\t\t\t<\/div>\n\t\t\t\t<\/div>\n\t\t\t\t<\/div>\n\t\t","protected":false},"excerpt":{"rendered":"<p>Fotos: MPixx Lifestyle Photography MOTORWORLD Mallorca Sportwagen Genssler Vivimos los coches deportivos \u00a1Los coches deportivos SG en Motorworld Mallorca y la tienda de la marca de lujo ABT en Portals! [&hellip;]<\/p>\n","protected":false},"author":1,"featured_media":0,"parent":125777,"menu_order":0,"comment_status":"closed","ping_status":"closed","template":"","meta":{"_acf_changed":false,"footnotes":""},"categories":[],"class_list":["post-126971","page","type-page","status-publish","hentry"],"acf":[],"_links":{"self":[{"href":"https:\/\/motorworld.de\/es\/wp-json\/wp\/v2\/pages\/126971","targetHints":{"allow":["GET"]}}],"collection":[{"href":"https:\/\/motorworld.de\/es\/wp-json\/wp\/v2\/pages"}],"about":[{"href":"https:\/\/motorworld.de\/es\/wp-json\/wp\/v2\/types\/page"}],"author":[{"embeddable":true,"href":"https:\/\/motorworld.de\/es\/wp-json\/wp\/v2\/users\/1"}],"replies":[{"embeddable":true,"href":"https:\/\/motorworld.de\/es\/wp-json\/wp\/v2\/comments?post=126971"}],"version-history":[{"count":0,"href":"https:\/\/motorworld.de\/es\/wp-json\/wp\/v2\/pages\/126971\/revisions"}],"up":[{"embeddable":true,"href":"https:\/\/motorworld.de\/es\/wp-json\/wp\/v2\/pages\/125777"}],"wp:attachment":[{"href":"https:\/\/motorworld.de\/es\/wp-json\/wp\/v2\/media?parent=126971"}],"wp:term":[{"taxonomy":"category","embeddable":true,"href":"https:\/\/motorworld.de\/es\/wp-json\/wp\/v2\/categories?post=126971"}],"curies":[{"name":"wp","href":"https:\/\/api.w.org\/{rel}","templated":true}]}}