{"id":126919,"date":"2025-05-01T18:02:05","date_gmt":"2025-05-01T16:02:05","guid":{"rendered":"https:\/\/motorworld.de\/mallorca\/comercio-servicio\/autohaus-steppe\/"},"modified":"2025-05-01T18:18:44","modified_gmt":"2025-05-01T16:18:44","slug":"autohaus-steppe","status":"publish","type":"page","link":"https:\/\/motorworld.de\/es\/mallorca\/comercio-servicio\/autohaus-steppe\/","title":{"rendered":"Autohaus Steppe"},"content":{"rendered":"\t\t<div data-elementor-type=\"wp-page\" data-elementor-id=\"126919\" class=\"elementor elementor-126919 elementor-126890\" data-elementor-post-type=\"page\">\n\t\t\t\t<div class=\"elementor-element elementor-element-6cbea11 e-flex e-con-boxed e-con e-parent\" data-id=\"6cbea11\" data-element_type=\"container\" data-e-type=\"container\" data-settings=\"{&quot;background_background&quot;:&quot;classic&quot;}\">\n\t\t\t\t\t<div class=\"e-con-inner\">\n\t\t\t\t<div class=\"elementor-element elementor-element-38a9ce8 elementor-widget elementor-widget-wp-widget-bcn_widget\" data-id=\"38a9ce8\" data-element_type=\"widget\" data-e-type=\"widget\" data-widget_type=\"wp-widget-bcn_widget.default\">\n\t\t\t\t<div class=\"elementor-widget-container\">\n\t\t\t\t\t<div class=\"breadcrumbs\" vocab=\"https:\/\/schema.org\/\" typeof=\"BreadcrumbList\"><span property=\"itemListElement\" typeof=\"ListItem\"><a property=\"item\" typeof=\"WebPage\" title=\"Go to Motorworld Eventlocations.\" href=\"https:\/\/motorworld.de\/\" class=\"home\" aria-current=\"page\"><span property=\"name\">Home<\/span><\/a><meta property=\"position\" content=\"1\"><\/span><\/div>\t\t\t\t<\/div>\n\t\t\t\t<\/div>\n\t\t\t\t\t<\/div>\n\t\t\t\t<\/div>\n\t\t<div class=\"elementor-element elementor-element-a9d6eab e-flex e-con-boxed e-con e-parent\" data-id=\"a9d6eab\" data-element_type=\"container\" data-e-type=\"container\" data-settings=\"{&quot;background_background&quot;:&quot;classic&quot;}\">\n\t\t\t\t\t<div class=\"e-con-inner\">\n\t\t<div class=\"elementor-element elementor-element-f958613 e-con-full e-flex e-con e-child\" data-id=\"f958613\" data-element_type=\"container\" data-e-type=\"container\">\n\t\t\t\t<div class=\"elementor-element elementor-element-6bd3767 elementor-widget elementor-widget-image\" data-id=\"6bd3767\" data-element_type=\"widget\" data-e-type=\"widget\" data-widget_type=\"image.default\">\n\t\t\t\t<div class=\"elementor-widget-container\">\n\t\t\t\t\t\t\t\t\t\t\t\t\t\t\t<img fetchpriority=\"high\" decoding=\"async\" width=\"2000\" height=\"1125\" src=\"https:\/\/motorworld.de\/wp-content\/uploads\/2025\/05\/autohaus-steppe.jpg\" class=\"attachment-full size-full wp-image-126895\" alt=\"\" srcset=\"https:\/\/motorworld.de\/wp-content\/uploads\/2025\/05\/autohaus-steppe.jpg 2000w, https:\/\/motorworld.de\/wp-content\/uploads\/2025\/05\/autohaus-steppe-300x169.jpg 300w, https:\/\/motorworld.de\/wp-content\/uploads\/2025\/05\/autohaus-steppe-1024x576.jpg 1024w, https:\/\/motorworld.de\/wp-content\/uploads\/2025\/05\/autohaus-steppe-768x432.jpg 768w, https:\/\/motorworld.de\/wp-content\/uploads\/2025\/05\/autohaus-steppe-1536x864.jpg 1536w\" sizes=\"(max-width: 2000px) 100vw, 2000px\" \/>\t\t\t\t\t\t\t\t\t\t\t\t\t\t\t<\/div>\n\t\t\t\t<\/div>\n\t\t<div class=\"elementor-element elementor-element-1d7aaf1 e-flex e-con-boxed e-con e-child\" data-id=\"1d7aaf1\" data-element_type=\"container\" data-e-type=\"container\">\n\t\t\t\t\t<div class=\"e-con-inner\">\n\t\t<div class=\"elementor-element elementor-element-83a39de e-con-full e-flex e-con e-child\" data-id=\"83a39de\" data-element_type=\"container\" data-e-type=\"container\">\n\t\t\t\t<div class=\"elementor-element elementor-element-c1a26eb elementor-widget elementor-widget-heading\" data-id=\"c1a26eb\" data-element_type=\"widget\" data-e-type=\"widget\" data-widget_type=\"heading.default\">\n\t\t\t\t<div class=\"elementor-widget-container\">\n\t\t\t\t\t<h2 class=\"elementor-heading-title elementor-size-default\">MOTORWORLD Mallorca<\/h2>\t\t\t\t<\/div>\n\t\t\t\t<\/div>\n\t\t\t\t<div class=\"elementor-element elementor-element-7c6b2a7 elementor-widget elementor-widget-heading\" data-id=\"7c6b2a7\" data-element_type=\"widget\" data-e-type=\"widget\" data-widget_type=\"heading.default\">\n\t\t\t\t<div class=\"elementor-widget-container\">\n\t\t\t\t\t<h2 class=\"elementor-heading-title elementor-size-default\">Autohaus Steppe<\/h2>\t\t\t\t<\/div>\n\t\t\t\t<\/div>\n\t\t\t\t<\/div>\n\t\t\t\t<div class=\"elementor-element elementor-element-bfae9a0 elementor-widget elementor-widget-image\" data-id=\"bfae9a0\" data-element_type=\"widget\" data-e-type=\"widget\" data-widget_type=\"image.default\">\n\t\t\t\t<div class=\"elementor-widget-container\">\n\t\t\t\t\t\t\t\t\t\t\t\t\t\t\t\t<a href=\"https:\/\/autohaussteppe.de\/\" target=\"_blank\" rel=\"noopener\">\n\t\t\t\t\t\t\t<img decoding=\"async\" width=\"800\" height=\"50\" src=\"https:\/\/motorworld.de\/wp-content\/uploads\/2025\/05\/Autohaus-Steppe-Print-Logo-1-1024x64.png\" class=\"attachment-large size-large wp-image-126907\" alt=\"\" srcset=\"https:\/\/motorworld.de\/wp-content\/uploads\/2025\/05\/Autohaus-Steppe-Print-Logo-1-1024x64.png 1024w, https:\/\/motorworld.de\/wp-content\/uploads\/2025\/05\/Autohaus-Steppe-Print-Logo-1-300x19.png 300w, https:\/\/motorworld.de\/wp-content\/uploads\/2025\/05\/Autohaus-Steppe-Print-Logo-1-768x48.png 768w, https:\/\/motorworld.de\/wp-content\/uploads\/2025\/05\/Autohaus-Steppe-Print-Logo-1-1536x95.png 1536w, https:\/\/motorworld.de\/wp-content\/uploads\/2025\/05\/Autohaus-Steppe-Print-Logo-1.png 1723w\" sizes=\"(max-width: 800px) 100vw, 800px\" \/>\t\t\t\t\t\t\t\t<\/a>\n\t\t\t\t\t\t\t\t\t\t\t\t\t\t\t<\/div>\n\t\t\t\t<\/div>\n\t\t\t\t\t<\/div>\n\t\t\t\t<\/div>\n\t\t\t\t<\/div>\n\t\t\t\t\t<\/div>\n\t\t\t\t<\/div>\n\t\t<div class=\"elementor-element elementor-element-0980497 e-flex e-con-boxed e-con e-parent\" data-id=\"0980497\" data-element_type=\"container\" data-e-type=\"container\" data-settings=\"{&quot;background_background&quot;:&quot;classic&quot;}\">\n\t\t\t\t\t<div class=\"e-con-inner\">\n\t\t<div class=\"elementor-element elementor-element-15c91e2 e-con-full e-flex e-con e-child\" data-id=\"15c91e2\" data-element_type=\"container\" data-e-type=\"container\">\n\t\t<div class=\"elementor-element elementor-element-7b0ef8c e-con-full e-flex e-con e-child\" data-id=\"7b0ef8c\" data-element_type=\"container\" data-e-type=\"container\">\n\t\t<div class=\"elementor-element elementor-element-9428c9f e-con-full e-flex e-con e-child\" data-id=\"9428c9f\" data-element_type=\"container\" data-e-type=\"container\">\n\t\t\t\t<div class=\"elementor-element elementor-element-73ae853 elementor-widget elementor-widget-text-editor\" data-id=\"73ae853\" data-element_type=\"widget\" data-e-type=\"widget\" data-widget_type=\"text-editor.default\">\n\t\t\t\t<div class=\"elementor-widget-container\">\n\t\t\t\t\t\t\t\t\t<p><strong>Somos su direcci\u00f3n # 1 para Chevrolet, Corvette, Cadillac, Dodge y RAM<\/strong><\/p><p>Quien ha cumplido un sue\u00f1o quiere vivirlo, por eso el camino que va desde la consulta y la selecci\u00f3n del modelo hasta el papeleo y la entrega de las llaves est\u00e1 especialmente bien organizado y, por tanto, es corto. Esto puede deberse al hecho de que todos nuestros empleados son profesionales: el propio Sr. Thomas Steppe y el Sr. B\u00f6lderl se encargan del asesoramiento y las ventas, apoyados por dos empleados de oficina. El equipo lo completan dos maestros artesanos, cinco mec\u00e1nicos y tres aprendices: nuestros profesionales del hardware.  <\/p><p>Con nosotros, los entusiastas del autom\u00f3vil no s\u00f3lo obtienen servicios r\u00e1pidos, sino tambi\u00e9n a largo plazo de un \u00fanico proveedor: servicio de neum\u00e1ticos, reparaciones profesionales de accidentes, adquisici\u00f3n de piezas de recambio, servicio de atenci\u00f3n al cliente fiable e inspecciones generales internas. Con nosotros, su supercoche viene con supercuidado incluido. Le esperamos a partir de ahora en Mallorca en MOTORWORLD &#8211; \u00a1pru\u00e9benos!  <\/p>\t\t\t\t\t\t\t\t<\/div>\n\t\t\t\t<\/div>\n\t\t\t\t<\/div>\n\t\t<div class=\"elementor-element elementor-element-b76b30a e-con-full e-flex e-con e-child\" data-id=\"b76b30a\" data-element_type=\"container\" data-e-type=\"container\" data-settings=\"{&quot;background_background&quot;:&quot;classic&quot;}\">\n\t\t\t\t<div class=\"elementor-element elementor-element-d936c83 elementor-widget elementor-widget-text-editor\" data-id=\"d936c83\" data-element_type=\"widget\" data-e-type=\"widget\" data-widget_type=\"text-editor.default\">\n\t\t\t\t<div class=\"elementor-widget-container\">\n\t\t\t\t\t\t\t\t\t<p><strong>Autohaus Steppe<\/strong><br>Cami Vell de Llucmajor, 112<br>07007 Palma de Mallorca<\/p><p><strong>Contacto<br><\/strong><a href=\"mailto:verkauf@autohaussteppe.de\">verkauf@autohaussteppe.de<\/a><br><a href=\"https:\/\/autohaussteppe.de\/\" target=\"_blank\" rel=\"noopener\">www.autohaussteppe.de<\/a><\/p>\t\t\t\t\t\t\t\t<\/div>\n\t\t\t\t<\/div>\n\t\t\t\t<\/div>\n\t\t\t\t<\/div>\n\t\t\t\t<\/div>\n\t\t\t\t\t<\/div>\n\t\t\t\t<\/div>\n\t\t\t\t<\/div>\n\t\t","protected":false},"excerpt":{"rendered":"<p>MOTORWORLD Mallorca Autohaus Steppe Somos su direcci\u00f3n # 1 para Chevrolet, Corvette, Cadillac, Dodge y RAM Quien ha cumplido un sue\u00f1o quiere vivirlo, por eso el camino que va desde [&hellip;]<\/p>\n","protected":false},"author":1,"featured_media":0,"parent":125777,"menu_order":0,"comment_status":"closed","ping_status":"closed","template":"","meta":{"_acf_changed":false,"footnotes":""},"categories":[],"class_list":["post-126919","page","type-page","status-publish","hentry"],"acf":[],"_links":{"self":[{"href":"https:\/\/motorworld.de\/es\/wp-json\/wp\/v2\/pages\/126919","targetHints":{"allow":["GET"]}}],"collection":[{"href":"https:\/\/motorworld.de\/es\/wp-json\/wp\/v2\/pages"}],"about":[{"href":"https:\/\/motorworld.de\/es\/wp-json\/wp\/v2\/types\/page"}],"author":[{"embeddable":true,"href":"https:\/\/motorworld.de\/es\/wp-json\/wp\/v2\/users\/1"}],"replies":[{"embeddable":true,"href":"https:\/\/motorworld.de\/es\/wp-json\/wp\/v2\/comments?post=126919"}],"version-history":[{"count":0,"href":"https:\/\/motorworld.de\/es\/wp-json\/wp\/v2\/pages\/126919\/revisions"}],"up":[{"embeddable":true,"href":"https:\/\/motorworld.de\/es\/wp-json\/wp\/v2\/pages\/125777"}],"wp:attachment":[{"href":"https:\/\/motorworld.de\/es\/wp-json\/wp\/v2\/media?parent=126919"}],"wp:term":[{"taxonomy":"category","embeddable":true,"href":"https:\/\/motorworld.de\/es\/wp-json\/wp\/v2\/categories?post=126919"}],"curies":[{"name":"wp","href":"https:\/\/api.w.org\/{rel}","templated":true}]}}