{"id":126852,"date":"2025-05-01T16:19:20","date_gmt":"2025-05-01T14:19:20","guid":{"rendered":"https:\/\/motorworld.de\/mallorca\/comercio-servicio\/paravan\/"},"modified":"2025-05-06T01:47:57","modified_gmt":"2025-05-05T23:47:57","slug":"paravan","status":"publish","type":"page","link":"https:\/\/motorworld.de\/es\/mallorca\/comercio-servicio\/paravan\/","title":{"rendered":"Paravan"},"content":{"rendered":"\t\t<div data-elementor-type=\"wp-page\" data-elementor-id=\"126852\" class=\"elementor elementor-126852 elementor-126824\" data-elementor-post-type=\"page\">\n\t\t\t\t<div class=\"elementor-element elementor-element-619b93d e-flex e-con-boxed e-con e-parent\" data-id=\"619b93d\" data-element_type=\"container\" data-e-type=\"container\" data-settings=\"{&quot;background_background&quot;:&quot;classic&quot;}\">\n\t\t\t\t\t<div class=\"e-con-inner\">\n\t\t\t\t<div class=\"elementor-element elementor-element-f0c3319 elementor-widget elementor-widget-wp-widget-bcn_widget\" data-id=\"f0c3319\" data-element_type=\"widget\" data-e-type=\"widget\" data-widget_type=\"wp-widget-bcn_widget.default\">\n\t\t\t\t<div class=\"elementor-widget-container\">\n\t\t\t\t\t<div class=\"breadcrumbs\" vocab=\"https:\/\/schema.org\/\" typeof=\"BreadcrumbList\"><span property=\"itemListElement\" typeof=\"ListItem\"><a property=\"item\" typeof=\"WebPage\" title=\"Go to Motorworld Eventlocations.\" href=\"https:\/\/motorworld.de\/\" class=\"home\" aria-current=\"page\"><span property=\"name\">Home<\/span><\/a><meta property=\"position\" content=\"1\"><\/span><\/div>\t\t\t\t<\/div>\n\t\t\t\t<\/div>\n\t\t\t\t\t<\/div>\n\t\t\t\t<\/div>\n\t\t<div class=\"elementor-element elementor-element-9d1e36c e-flex e-con-boxed e-con e-parent\" data-id=\"9d1e36c\" data-element_type=\"container\" data-e-type=\"container\" data-settings=\"{&quot;background_background&quot;:&quot;classic&quot;}\">\n\t\t\t\t\t<div class=\"e-con-inner\">\n\t\t<div class=\"elementor-element elementor-element-b8f0705 e-con-full e-flex e-con e-child\" data-id=\"b8f0705\" data-element_type=\"container\" data-e-type=\"container\">\n\t\t\t\t<div class=\"elementor-element elementor-element-ac783f1 elementor-widget elementor-widget-image\" data-id=\"ac783f1\" data-element_type=\"widget\" data-e-type=\"widget\" data-widget_type=\"image.default\">\n\t\t\t\t<div class=\"elementor-widget-container\">\n\t\t\t\t\t\t\t\t\t\t\t\t\t\t\t<img fetchpriority=\"high\" decoding=\"async\" width=\"1650\" height=\"688\" src=\"https:\/\/motorworld.de\/wp-content\/uploads\/2025\/05\/paravan_1.jpg\" class=\"attachment-full size-full wp-image-126837\" alt=\"\" srcset=\"https:\/\/motorworld.de\/wp-content\/uploads\/2025\/05\/paravan_1.jpg 1650w, https:\/\/motorworld.de\/wp-content\/uploads\/2025\/05\/paravan_1-300x125.jpg 300w, https:\/\/motorworld.de\/wp-content\/uploads\/2025\/05\/paravan_1-1024x427.jpg 1024w, https:\/\/motorworld.de\/wp-content\/uploads\/2025\/05\/paravan_1-768x320.jpg 768w, https:\/\/motorworld.de\/wp-content\/uploads\/2025\/05\/paravan_1-1536x640.jpg 1536w\" sizes=\"(max-width: 1650px) 100vw, 1650px\" \/>\t\t\t\t\t\t\t\t\t\t\t\t\t\t\t<\/div>\n\t\t\t\t<\/div>\n\t\t<div class=\"elementor-element elementor-element-a7af2b6 e-flex e-con-boxed e-con e-child\" data-id=\"a7af2b6\" data-element_type=\"container\" data-e-type=\"container\">\n\t\t\t\t\t<div class=\"e-con-inner\">\n\t\t<div class=\"elementor-element elementor-element-0fbc5c0 e-con-full e-flex e-con e-child\" data-id=\"0fbc5c0\" data-element_type=\"container\" data-e-type=\"container\">\n\t\t\t\t<div class=\"elementor-element elementor-element-bd58d22 elementor-widget elementor-widget-heading\" data-id=\"bd58d22\" data-element_type=\"widget\" data-e-type=\"widget\" data-widget_type=\"heading.default\">\n\t\t\t\t<div class=\"elementor-widget-container\">\n\t\t\t\t\t<h2 class=\"elementor-heading-title elementor-size-default\">MOTORWORLD Mallorca<\/h2>\t\t\t\t<\/div>\n\t\t\t\t<\/div>\n\t\t\t\t<div class=\"elementor-element elementor-element-b8beee1 elementor-widget elementor-widget-heading\" data-id=\"b8beee1\" data-element_type=\"widget\" data-e-type=\"widget\" data-widget_type=\"heading.default\">\n\t\t\t\t<div class=\"elementor-widget-container\">\n\t\t\t\t\t<h2 class=\"elementor-heading-title elementor-size-default\">Paravan<\/h2>\t\t\t\t<\/div>\n\t\t\t\t<\/div>\n\t\t\t\t<\/div>\n\t\t\t\t<div class=\"elementor-element elementor-element-e59353c elementor-widget elementor-widget-image\" data-id=\"e59353c\" data-element_type=\"widget\" data-e-type=\"widget\" data-widget_type=\"image.default\">\n\t\t\t\t<div class=\"elementor-widget-container\">\n\t\t\t\t\t\t\t\t\t\t\t\t\t\t\t\t<a href=\"https:\/\/www.paravan.de\/\" target=\"_blank\" rel=\"noopener\">\n\t\t\t\t\t\t\t<img decoding=\"async\" width=\"300\" height=\"80\" src=\"https:\/\/motorworld.de\/wp-content\/uploads\/2025\/05\/paravan_logo.png\" class=\"attachment-large size-large wp-image-127065\" alt=\"\" \/>\t\t\t\t\t\t\t\t<\/a>\n\t\t\t\t\t\t\t\t\t\t\t\t\t\t\t<\/div>\n\t\t\t\t<\/div>\n\t\t\t\t\t<\/div>\n\t\t\t\t<\/div>\n\t\t\t\t<\/div>\n\t\t\t\t\t<\/div>\n\t\t\t\t<\/div>\n\t\t<div class=\"elementor-element elementor-element-12d462e e-flex e-con-boxed e-con e-parent\" data-id=\"12d462e\" data-element_type=\"container\" data-e-type=\"container\" data-settings=\"{&quot;background_background&quot;:&quot;classic&quot;}\">\n\t\t\t\t\t<div class=\"e-con-inner\">\n\t\t<div class=\"elementor-element elementor-element-16a45d0 e-con-full e-flex e-con e-child\" data-id=\"16a45d0\" data-element_type=\"container\" data-e-type=\"container\">\n\t\t<div class=\"elementor-element elementor-element-e307f5c e-con-full e-flex e-con e-child\" data-id=\"e307f5c\" data-element_type=\"container\" data-e-type=\"container\">\n\t\t<div class=\"elementor-element elementor-element-c9fd2a7 e-con-full e-flex e-con e-child\" data-id=\"c9fd2a7\" data-element_type=\"container\" data-e-type=\"container\">\n\t\t\t\t<div class=\"elementor-element elementor-element-ff33e1a elementor-widget elementor-widget-text-editor\" data-id=\"ff33e1a\" data-element_type=\"widget\" data-e-type=\"widget\" data-widget_type=\"text-editor.default\">\n\t\t\t\t<div class=\"elementor-widget-container\">\n\t\t\t\t\t\t\t\t\t<p><strong>PARAVAN GmbH<\/strong> es el l\u00edder mundial del mercado de soluciones integrales de movilidad para personas con discapacidades f\u00edsicas. La empresa desarrolla productos y tecnolog\u00edas innovadores que permiten la independencia, la movilidad y la participaci\u00f3n social. Uno de sus productos m\u00e1s destacados es el sistema Space Drive, el primer sistema drive-by-wire multirredundante del mundo con homologaci\u00f3n para circular por carretera. Permite controlar el acelerador, los frenos y la direcci\u00f3n exclusivamente por cable, sin conexi\u00f3n mec\u00e1nica, estableciendo nuevos est\u00e1ndares en el control de veh\u00edculos.   <\/p><ul><li>Ayudar a las personas, posibilitar la movilidad: Las personas ocupan el centro del escenario.<\/li><li>La innovaci\u00f3n como motor: hay una soluci\u00f3n a medida para cada reto.<\/li><li>Apoyo basado en la asociaci\u00f3n: las necesidades de nuestros clientes son nuestra m\u00e1xima prioridad.<\/li><\/ul><p>Desde la consulta inicial hasta las sillas de ruedas personalizadas y la autoescuela PARAVAN, pasando por la entrega de soluciones de veh\u00edculos a medida, la empresa acompa\u00f1a a sus clientes en el camino hacia una mayor independencia, fiel al lema: \u00ab\u00a1No hay imposibles!\u00bb PARAVAN est\u00e1 dando forma a la movilidad del futuro con excelencia tecnol\u00f3gica, accesibilidad y sostenibilidad. Como l\u00edder en innovaci\u00f3n \u00abMade in Germany\u00bb, la empresa es sin\u00f3nimo de m\u00e1xima calidad, precisi\u00f3n y fiabilidad. El objetivo es hacer que las innovaciones sean accesibles para todos y crear un mundo de movilidad inclusivo y conectado.   <\/p>\t\t\t\t\t\t\t\t<\/div>\n\t\t\t\t<\/div>\n\t\t\t\t<\/div>\n\t\t<div class=\"elementor-element elementor-element-9ccb5d5 e-con-full e-flex e-con e-child\" data-id=\"9ccb5d5\" data-element_type=\"container\" data-e-type=\"container\" data-settings=\"{&quot;background_background&quot;:&quot;classic&quot;}\">\n\t\t\t\t<div class=\"elementor-element elementor-element-ffc2893 elementor-widget elementor-widget-text-editor\" data-id=\"ffc2893\" data-element_type=\"widget\" data-e-type=\"widget\" data-widget_type=\"text-editor.default\">\n\t\t\t\t<div class=\"elementor-widget-container\">\n\t\t\t\t\t\t\t\t\t<p><strong>PARAVAN GmbH<\/strong><br>Cami Vell de Llucmajor, 112<br>07007 Palma de Mallorca<\/p><p><strong>Contacto<br><\/strong><a href=\"tel:+497388999566\">+49 7388 999566<\/a><br><a href=\"mailto:info@paravan.de\">info@paravan.de<\/a><br><a href=\"https:\/\/www.paravan.de\/\" target=\"_blank\" rel=\"noopener\">www.paravan.de<\/a><\/p>\t\t\t\t\t\t\t\t<\/div>\n\t\t\t\t<\/div>\n\t\t\t\t<\/div>\n\t\t\t\t<\/div>\n\t\t\t\t<\/div>\n\t\t\t\t\t<\/div>\n\t\t\t\t<\/div>\n\t\t\t\t<\/div>\n\t\t","protected":false},"excerpt":{"rendered":"<p>MOTORWORLD Mallorca Paravan PARAVAN GmbH es el l\u00edder mundial del mercado de soluciones integrales de movilidad para personas con discapacidades f\u00edsicas. La empresa desarrolla productos y tecnolog\u00edas innovadores que permiten [&hellip;]<\/p>\n","protected":false},"author":1,"featured_media":0,"parent":125777,"menu_order":0,"comment_status":"closed","ping_status":"closed","template":"","meta":{"_acf_changed":false,"footnotes":""},"categories":[],"class_list":["post-126852","page","type-page","status-publish","hentry"],"acf":[],"_links":{"self":[{"href":"https:\/\/motorworld.de\/es\/wp-json\/wp\/v2\/pages\/126852","targetHints":{"allow":["GET"]}}],"collection":[{"href":"https:\/\/motorworld.de\/es\/wp-json\/wp\/v2\/pages"}],"about":[{"href":"https:\/\/motorworld.de\/es\/wp-json\/wp\/v2\/types\/page"}],"author":[{"embeddable":true,"href":"https:\/\/motorworld.de\/es\/wp-json\/wp\/v2\/users\/1"}],"replies":[{"embeddable":true,"href":"https:\/\/motorworld.de\/es\/wp-json\/wp\/v2\/comments?post=126852"}],"version-history":[{"count":0,"href":"https:\/\/motorworld.de\/es\/wp-json\/wp\/v2\/pages\/126852\/revisions"}],"up":[{"embeddable":true,"href":"https:\/\/motorworld.de\/es\/wp-json\/wp\/v2\/pages\/125777"}],"wp:attachment":[{"href":"https:\/\/motorworld.de\/es\/wp-json\/wp\/v2\/media?parent=126852"}],"wp:term":[{"taxonomy":"category","embeddable":true,"href":"https:\/\/motorworld.de\/es\/wp-json\/wp\/v2\/categories?post=126852"}],"curies":[{"name":"wp","href":"https:\/\/api.w.org\/{rel}","templated":true}]}}