{"id":126741,"date":"2025-05-01T01:39:48","date_gmt":"2025-04-30T23:39:48","guid":{"rendered":"https:\/\/motorworld.de\/mallorca\/comercio-servicio\/gt-rentals\/"},"modified":"2025-05-02T01:32:05","modified_gmt":"2025-05-01T23:32:05","slug":"gt-rentals","status":"publish","type":"page","link":"https:\/\/motorworld.de\/es\/mallorca\/comercio-servicio\/gt-rentals\/","title":{"rendered":"GT Rentals"},"content":{"rendered":"\t\t<div data-elementor-type=\"wp-page\" data-elementor-id=\"126741\" class=\"elementor elementor-126741 elementor-126699\" data-elementor-post-type=\"page\">\n\t\t\t\t<div class=\"elementor-element elementor-element-8c47c2d e-flex e-con-boxed e-con e-parent\" data-id=\"8c47c2d\" data-element_type=\"container\" data-e-type=\"container\" data-settings=\"{&quot;background_background&quot;:&quot;classic&quot;}\">\n\t\t\t\t\t<div class=\"e-con-inner\">\n\t\t\t\t<div class=\"elementor-element elementor-element-21dc1e5 elementor-widget elementor-widget-wp-widget-bcn_widget\" data-id=\"21dc1e5\" data-element_type=\"widget\" data-e-type=\"widget\" data-widget_type=\"wp-widget-bcn_widget.default\">\n\t\t\t\t<div class=\"elementor-widget-container\">\n\t\t\t\t\t<div class=\"breadcrumbs\" vocab=\"https:\/\/schema.org\/\" typeof=\"BreadcrumbList\"><span property=\"itemListElement\" typeof=\"ListItem\"><a property=\"item\" typeof=\"WebPage\" title=\"Go to Motorworld Eventlocations.\" href=\"https:\/\/motorworld.de\/\" class=\"home\" aria-current=\"page\"><span property=\"name\">Home<\/span><\/a><meta property=\"position\" content=\"1\"><\/span><\/div>\t\t\t\t<\/div>\n\t\t\t\t<\/div>\n\t\t\t\t\t<\/div>\n\t\t\t\t<\/div>\n\t\t<div class=\"elementor-element elementor-element-ad53b2e e-flex e-con-boxed e-con e-parent\" data-id=\"ad53b2e\" data-element_type=\"container\" data-e-type=\"container\" data-settings=\"{&quot;background_background&quot;:&quot;classic&quot;}\">\n\t\t\t\t\t<div class=\"e-con-inner\">\n\t\t<div class=\"elementor-element elementor-element-76f1fa4 e-con-full e-flex e-con e-child\" data-id=\"76f1fa4\" data-element_type=\"container\" data-e-type=\"container\">\n\t\t\t\t<div class=\"elementor-element elementor-element-b00ee0d elementor-widget elementor-widget-image\" data-id=\"b00ee0d\" data-element_type=\"widget\" data-e-type=\"widget\" data-widget_type=\"image.default\">\n\t\t\t\t<div class=\"elementor-widget-container\">\n\t\t\t\t\t\t\t\t\t\t\t\t\t\t\t<img fetchpriority=\"high\" decoding=\"async\" width=\"1920\" height=\"920\" src=\"https:\/\/motorworld.de\/wp-content\/uploads\/2025\/05\/img-GTrentals-motorworld_2.jpg\" class=\"attachment-full size-full wp-image-126778\" alt=\"\" srcset=\"https:\/\/motorworld.de\/wp-content\/uploads\/2025\/05\/img-GTrentals-motorworld_2.jpg 1920w, https:\/\/motorworld.de\/wp-content\/uploads\/2025\/05\/img-GTrentals-motorworld_2-300x144.jpg 300w, https:\/\/motorworld.de\/wp-content\/uploads\/2025\/05\/img-GTrentals-motorworld_2-1024x491.jpg 1024w, https:\/\/motorworld.de\/wp-content\/uploads\/2025\/05\/img-GTrentals-motorworld_2-768x368.jpg 768w, https:\/\/motorworld.de\/wp-content\/uploads\/2025\/05\/img-GTrentals-motorworld_2-1536x736.jpg 1536w\" sizes=\"(max-width: 1920px) 100vw, 1920px\" \/>\t\t\t\t\t\t\t\t\t\t\t\t\t\t\t<\/div>\n\t\t\t\t<\/div>\n\t\t<div class=\"elementor-element elementor-element-c735180 e-flex e-con-boxed e-con e-child\" data-id=\"c735180\" data-element_type=\"container\" data-e-type=\"container\">\n\t\t\t\t\t<div class=\"e-con-inner\">\n\t\t<div class=\"elementor-element elementor-element-6fafda3 e-con-full e-flex e-con e-child\" data-id=\"6fafda3\" data-element_type=\"container\" data-e-type=\"container\">\n\t\t\t\t<div class=\"elementor-element elementor-element-fcd98ca elementor-widget elementor-widget-heading\" data-id=\"fcd98ca\" data-element_type=\"widget\" data-e-type=\"widget\" data-widget_type=\"heading.default\">\n\t\t\t\t<div class=\"elementor-widget-container\">\n\t\t\t\t\t<h2 class=\"elementor-heading-title elementor-size-default\">MOTORWORLD Mallorca<\/h2>\t\t\t\t<\/div>\n\t\t\t\t<\/div>\n\t\t\t\t<div class=\"elementor-element elementor-element-a7612a6 elementor-widget elementor-widget-heading\" data-id=\"a7612a6\" data-element_type=\"widget\" data-e-type=\"widget\" data-widget_type=\"heading.default\">\n\t\t\t\t<div class=\"elementor-widget-container\">\n\t\t\t\t\t<h2 class=\"elementor-heading-title elementor-size-default\">GT Rentals<\/h2>\t\t\t\t<\/div>\n\t\t\t\t<\/div>\n\t\t\t\t<\/div>\n\t\t\t\t<div class=\"elementor-element elementor-element-1d808c8 elementor-widget elementor-widget-image\" data-id=\"1d808c8\" data-element_type=\"widget\" data-e-type=\"widget\" data-widget_type=\"image.default\">\n\t\t\t\t<div class=\"elementor-widget-container\">\n\t\t\t\t\t\t\t\t\t\t\t\t\t\t\t\t<a href=\"https:\/\/gtrentals.es\/\" target=\"_blank\" rel=\"noopener\">\n\t\t\t\t\t\t\t<img decoding=\"async\" width=\"800\" height=\"444\" src=\"https:\/\/motorworld.de\/wp-content\/uploads\/2025\/05\/logo-GTrentals-motorworld-1-1024x568.png\" class=\"attachment-large size-large wp-image-126719\" alt=\"\" srcset=\"https:\/\/motorworld.de\/wp-content\/uploads\/2025\/05\/logo-GTrentals-motorworld-1-1024x568.png 1024w, https:\/\/motorworld.de\/wp-content\/uploads\/2025\/05\/logo-GTrentals-motorworld-1-300x166.png 300w, https:\/\/motorworld.de\/wp-content\/uploads\/2025\/05\/logo-GTrentals-motorworld-1-768x426.png 768w, https:\/\/motorworld.de\/wp-content\/uploads\/2025\/05\/logo-GTrentals-motorworld-1.png 1258w\" sizes=\"(max-width: 800px) 100vw, 800px\" \/>\t\t\t\t\t\t\t\t<\/a>\n\t\t\t\t\t\t\t\t\t\t\t\t\t\t\t<\/div>\n\t\t\t\t<\/div>\n\t\t\t\t\t<\/div>\n\t\t\t\t<\/div>\n\t\t\t\t<\/div>\n\t\t\t\t\t<\/div>\n\t\t\t\t<\/div>\n\t\t<div class=\"elementor-element elementor-element-c6a81cf e-flex e-con-boxed e-con e-parent\" data-id=\"c6a81cf\" data-element_type=\"container\" data-e-type=\"container\" data-settings=\"{&quot;background_background&quot;:&quot;classic&quot;}\">\n\t\t\t\t\t<div class=\"e-con-inner\">\n\t\t<div class=\"elementor-element elementor-element-b00675a e-con-full e-flex e-con e-child\" data-id=\"b00675a\" data-element_type=\"container\" data-e-type=\"container\">\n\t\t<div class=\"elementor-element elementor-element-6b69003 e-con-full e-flex e-con e-child\" data-id=\"6b69003\" data-element_type=\"container\" data-e-type=\"container\">\n\t\t<div class=\"elementor-element elementor-element-bdf0c2c e-con-full e-flex e-con e-child\" data-id=\"bdf0c2c\" data-element_type=\"container\" data-e-type=\"container\">\n\t\t\t\t<div class=\"elementor-element elementor-element-e0bb5c6 elementor-widget elementor-widget-text-editor\" data-id=\"e0bb5c6\" data-element_type=\"widget\" data-e-type=\"widget\" data-widget_type=\"text-editor.default\">\n\t\t\t\t<div class=\"elementor-widget-container\">\n\t\t\t\t\t\t\t\t\t<p><strong>GT Rentals es la empresa l\u00edder en Espa\u00f1a en el alquiler de coches de lujo y deportivos.<\/strong> Su exclusiva flota incluye marcas ic\u00f3nicas como Ferrari, Lamborghini, Porsche, McLaren, entre otros, ofreciendo una experiencia de conducci\u00f3n \u00fanica para quienes buscan emoci\u00f3n, elegancia y rendimiento. Ya sea para un evento especial, un viaje de negocios o simplemente por el placer de conducir, en GT Rentals encontrar\u00e1s el veh\u00edculo perfecto. <\/p><p>Con presencia en toda Espa\u00f1a, GT Rentals amplia ahora su red con un nuevo punto en Mallorca, un enclave estrat\u00e9gico para disfrutar de la isla a los mandos de un superdeportivo. Ya sea para un evento especial, una escapada o simplemente para sentir la adrenalina. <\/p>\t\t\t\t\t\t\t\t<\/div>\n\t\t\t\t<\/div>\n\t\t\t\t<\/div>\n\t\t<div class=\"elementor-element elementor-element-96607b9 e-con-full e-flex e-con e-child\" data-id=\"96607b9\" data-element_type=\"container\" data-e-type=\"container\" data-settings=\"{&quot;background_background&quot;:&quot;classic&quot;}\">\n\t\t\t\t<div class=\"elementor-element elementor-element-fff8811 elementor-widget elementor-widget-text-editor\" data-id=\"fff8811\" data-element_type=\"widget\" data-e-type=\"widget\" data-widget_type=\"text-editor.default\">\n\t\t\t\t<div class=\"elementor-widget-container\">\n\t\t\t\t\t\t\t\t\t<p><strong>GT Rentals<\/strong><br>Cami Vell de Llucmajor, 112<br>07007 Palma de Mallorca<\/p><p><strong>Contacto<br><\/strong><a href=\"mailto:reservas@gtrentals.es\">reservas@gtrentals.es<\/a><br><a href=\"https:\/\/gtrentals.es\/\" target=\"_blank\" rel=\"noopener\">www.gtrentals.es<\/a><\/p>\t\t\t\t\t\t\t\t<\/div>\n\t\t\t\t<\/div>\n\t\t\t\t<\/div>\n\t\t\t\t<\/div>\n\t\t\t\t<\/div>\n\t\t\t\t\t<\/div>\n\t\t\t\t<\/div>\n\t\t\t\t<\/div>\n\t\t","protected":false},"excerpt":{"rendered":"<p>MOTORWORLD Mallorca GT Rentals GT Rentals es la empresa l\u00edder en Espa\u00f1a en el alquiler de coches de lujo y deportivos. Su exclusiva flota incluye marcas ic\u00f3nicas como Ferrari, Lamborghini, [&hellip;]<\/p>\n","protected":false},"author":1,"featured_media":0,"parent":125777,"menu_order":0,"comment_status":"closed","ping_status":"closed","template":"","meta":{"_acf_changed":false,"footnotes":""},"categories":[],"class_list":["post-126741","page","type-page","status-publish","hentry"],"acf":[],"_links":{"self":[{"href":"https:\/\/motorworld.de\/es\/wp-json\/wp\/v2\/pages\/126741","targetHints":{"allow":["GET"]}}],"collection":[{"href":"https:\/\/motorworld.de\/es\/wp-json\/wp\/v2\/pages"}],"about":[{"href":"https:\/\/motorworld.de\/es\/wp-json\/wp\/v2\/types\/page"}],"author":[{"embeddable":true,"href":"https:\/\/motorworld.de\/es\/wp-json\/wp\/v2\/users\/1"}],"replies":[{"embeddable":true,"href":"https:\/\/motorworld.de\/es\/wp-json\/wp\/v2\/comments?post=126741"}],"version-history":[{"count":0,"href":"https:\/\/motorworld.de\/es\/wp-json\/wp\/v2\/pages\/126741\/revisions"}],"up":[{"embeddable":true,"href":"https:\/\/motorworld.de\/es\/wp-json\/wp\/v2\/pages\/125777"}],"wp:attachment":[{"href":"https:\/\/motorworld.de\/es\/wp-json\/wp\/v2\/media?parent=126741"}],"wp:term":[{"taxonomy":"category","embeddable":true,"href":"https:\/\/motorworld.de\/es\/wp-json\/wp\/v2\/categories?post=126741"}],"curies":[{"name":"wp","href":"https:\/\/api.w.org\/{rel}","templated":true}]}}