{"id":136538,"date":"2025-02-25T14:26:31","date_gmt":"2025-02-25T13:26:31","guid":{"rendered":"https:\/\/motorworld.de\/metzingen\/eventlocations\/old-paint-shop\/"},"modified":"2025-10-28T10:23:23","modified_gmt":"2025-10-28T09:23:23","slug":"old-paint-shop","status":"publish","type":"page","link":"https:\/\/motorworld.de\/en\/metzingen\/eventlocations\/old-paint-shop\/","title":{"rendered":"Alte Lackiererei"},"content":{"rendered":"\t\t<div data-elementor-type=\"wp-page\" data-elementor-id=\"136538\" class=\"elementor elementor-136538 elementor-123877\" data-elementor-post-type=\"page\">\n\t\t\t\t<div class=\"elementor-element elementor-element-59a5a00 e-flex e-con-boxed e-con e-parent\" data-id=\"59a5a00\" data-element_type=\"container\" data-e-type=\"container\" data-settings=\"{&quot;background_background&quot;:&quot;classic&quot;}\">\n\t\t\t\t\t<div class=\"e-con-inner\">\n\t\t\t\t<div class=\"elementor-element elementor-element-c010818 elementor-widget elementor-widget-wp-widget-bcn_widget\" data-id=\"c010818\" data-element_type=\"widget\" data-e-type=\"widget\" data-widget_type=\"wp-widget-bcn_widget.default\">\n\t\t\t\t<div class=\"elementor-widget-container\">\n\t\t\t\t\t<div class=\"breadcrumbs\" vocab=\"https:\/\/schema.org\/\" typeof=\"BreadcrumbList\"><span property=\"itemListElement\" typeof=\"ListItem\"><a property=\"item\" typeof=\"WebPage\" title=\"Go to Motorworld Eventlocations.\" href=\"https:\/\/motorworld.de\/\" class=\"home\" aria-current=\"page\"><span property=\"name\">Home<\/span><\/a><meta property=\"position\" content=\"1\"><\/span><\/div>\t\t\t\t<\/div>\n\t\t\t\t<\/div>\n\t\t\t\t\t<\/div>\n\t\t\t\t<\/div>\n\t\t<div class=\"elementor-element elementor-element-b96d278 e-flex e-con-boxed e-con e-parent\" data-id=\"b96d278\" data-element_type=\"container\" data-e-type=\"container\" data-settings=\"{&quot;background_background&quot;:&quot;classic&quot;}\">\n\t\t\t\t\t<div class=\"e-con-inner\">\n\t\t<div class=\"elementor-element elementor-element-1bb5fc3 e-con-full e-flex e-con e-child\" data-id=\"1bb5fc3\" data-element_type=\"container\" data-e-type=\"container\">\n\t\t\t\t<div class=\"elementor-element elementor-element-4bf9cf2 elementor-widget elementor-widget-image\" data-id=\"4bf9cf2\" data-element_type=\"widget\" data-e-type=\"widget\" data-widget_type=\"image.default\">\n\t\t\t\t<div class=\"elementor-widget-container\">\n\t\t\t\t\t\t\t\t\t\t\t\t\t\t\t<img fetchpriority=\"high\" decoding=\"async\" width=\"2500\" height=\"1666\" src=\"https:\/\/motorworld.de\/wp-content\/uploads\/2025\/09\/G04B_leer_cBeateArmbruster-19.jpg\" class=\"attachment-full size-full wp-image-136536\" alt=\"Large empty room in an old industrial building with visible steel beams, high windows and a smooth concrete floor, with ornate chandeliers and a white board on the wall to the left of a glass door with toilet symbols.\" srcset=\"https:\/\/motorworld.de\/wp-content\/uploads\/2025\/09\/G04B_leer_cBeateArmbruster-19.jpg 2500w, https:\/\/motorworld.de\/wp-content\/uploads\/2025\/09\/G04B_leer_cBeateArmbruster-19-300x200.jpg 300w, https:\/\/motorworld.de\/wp-content\/uploads\/2025\/09\/G04B_leer_cBeateArmbruster-19-1024x682.jpg 1024w, https:\/\/motorworld.de\/wp-content\/uploads\/2025\/09\/G04B_leer_cBeateArmbruster-19-768x512.jpg 768w, https:\/\/motorworld.de\/wp-content\/uploads\/2025\/09\/G04B_leer_cBeateArmbruster-19-1536x1024.jpg 1536w, https:\/\/motorworld.de\/wp-content\/uploads\/2025\/09\/G04B_leer_cBeateArmbruster-19-2048x1365.jpg 2048w\" sizes=\"(max-width: 2500px) 100vw, 2500px\" \/>\t\t\t\t\t\t\t\t\t\t\t\t\t\t\t<\/div>\n\t\t\t\t<\/div>\n\t\t<div class=\"elementor-element elementor-element-91c6557 e-con-full e-flex e-con e-child\" data-id=\"91c6557\" data-element_type=\"container\" data-e-type=\"container\">\n\t\t<div class=\"elementor-element elementor-element-166d0b6 e-con-full e-flex e-con e-child\" data-id=\"166d0b6\" data-element_type=\"container\" data-e-type=\"container\">\n\t\t\t\t<div class=\"elementor-element elementor-element-8574bc0 elementor-widget elementor-widget-heading\" data-id=\"8574bc0\" data-element_type=\"widget\" data-e-type=\"widget\" data-widget_type=\"heading.default\">\n\t\t\t\t<div class=\"elementor-widget-container\">\n\t\t\t\t\t<h2 class=\"elementor-heading-title elementor-size-default\"><span style=\"font-weight:700\">Alte Lackiererei<\/span> <br>MOTORWORLD Village Metzingen<\/h2>\t\t\t\t<\/div>\n\t\t\t\t<\/div>\n\t\t\t\t<div class=\"elementor-element elementor-element-c23174a elementor-widget elementor-widget-text-editor\" data-id=\"c23174a\" data-element_type=\"widget\" data-e-type=\"widget\" data-widget_type=\"text-editor.default\">\n\t\t\t\t<div class=\"elementor-widget-container\">\n\t\t\t\t\t\t\t\t\t<p><strong>The Alte Lackiererei has an impressive floor space of 275 m\u00b2, which offers flexible usage options for a wide variety of events. With a capacity of up to 400 people, it is the perfect location for stylish celebrations, business events or cultural highlights. <\/strong><\/p><p>The unique industrial charm of the historic building gives the Alte Lackiererei a special atmosphere in which the past and the modern blend harmoniously. The architecture full of character and the open room design create the ideal setting for unforgettable events with individual flair. <\/p>\t\t\t\t\t\t\t\t<\/div>\n\t\t\t\t<\/div>\n\t\t<div class=\"elementor-element elementor-element-f67d236 e-flex e-con-boxed e-con e-child\" data-id=\"f67d236\" data-element_type=\"container\" data-e-type=\"container\">\n\t\t\t\t\t<div class=\"e-con-inner\">\n\t\t\t\t<div class=\"elementor-element elementor-element-83591d6 elementor-align-left elementor-widget__width-inherit elementor-widget elementor-widget-button\" data-id=\"83591d6\" data-element_type=\"widget\" data-e-type=\"widget\" data-widget_type=\"button.default\">\n\t\t\t\t<div class=\"elementor-widget-container\">\n\t\t\t\t\t\t\t\t\t<div class=\"elementor-button-wrapper\">\n\t\t\t\t\t<a class=\"elementor-button elementor-button-link elementor-size-sm\" href=\"https:\/\/kontakt.motorworld.de\/?location=metzingen\">\n\t\t\t\t\t\t<span class=\"elementor-button-content-wrapper\">\n\t\t\t\t\t\t\t\t\t<span class=\"elementor-button-text\">Your Enquiry<\/span>\n\t\t\t\t\t<\/span>\n\t\t\t\t\t<\/a>\n\t\t\t\t<\/div>\n\t\t\t\t\t\t\t\t<\/div>\n\t\t\t\t<\/div>\n\t\t\t\t\t<\/div>\n\t\t\t\t<\/div>\n\t\t\t\t<\/div>\n\t\t<div class=\"elementor-element elementor-element-5c4ed05 e-con-full e-flex e-con e-child\" data-id=\"5c4ed05\" data-element_type=\"container\" data-e-type=\"container\">\n\t\t\t\t<div class=\"elementor-element elementor-element-a16d14f elementor-widget elementor-widget-image\" data-id=\"a16d14f\" data-element_type=\"widget\" data-e-type=\"widget\" data-widget_type=\"image.default\">\n\t\t\t\t<div class=\"elementor-widget-container\">\n\t\t\t\t\t\t\t\t\t\t\t\t\t\t\t\t<a href=\"https:\/\/motorworld.de\/en\/metzingen\/\">\n\t\t\t\t\t\t\t<img decoding=\"async\" width=\"526\" height=\"112\" src=\"https:\/\/motorworld.de\/wp-content\/uploads\/2023\/02\/motorworld-village-metzingen.svg\" class=\"attachment-large size-large wp-image-88099\" alt=\"\" \/>\t\t\t\t\t\t\t\t<\/a>\n\t\t\t\t\t\t\t\t\t\t\t\t\t\t\t<\/div>\n\t\t\t\t<\/div>\n\t\t\t\t<div class=\"elementor-element elementor-element-15a7ffd elementor-align-start elementor-icon-list--layout-traditional elementor-list-item-link-full_width elementor-widget elementor-widget-icon-list\" data-id=\"15a7ffd\" data-element_type=\"widget\" data-e-type=\"widget\" data-widget_type=\"icon-list.default\">\n\t\t\t\t<div class=\"elementor-widget-container\">\n\t\t\t\t\t\t\t<ul class=\"elementor-icon-list-items\">\n\t\t\t\t\t\t\t<li class=\"elementor-icon-list-item\">\n\t\t\t\t\t\t\t\t\t\t\t<a href=\"tel:+49%207123%209683918\">\n\n\t\t\t\t\t\t\t\t\t\t\t<span class=\"elementor-icon-list-text\">Phone +49 7123 9683918<\/span>\n\t\t\t\t\t\t\t\t\t\t\t<\/a>\n\t\t\t\t\t\t\t\t\t<\/li>\n\t\t\t\t\t\t\t\t<li class=\"elementor-icon-list-item\">\n\t\t\t\t\t\t\t\t\t\t\t<a href=\"mailto:events-metzingen@motorworld.de\">\n\n\t\t\t\t\t\t\t\t\t\t\t<span class=\"elementor-icon-list-text\">events-metzingen@motorworld.de<\/span>\n\t\t\t\t\t\t\t\t\t\t\t<\/a>\n\t\t\t\t\t\t\t\t\t<\/li>\n\t\t\t\t\t\t\t\t<li class=\"elementor-icon-list-item\">\n\t\t\t\t\t\t\t\t\t\t\t<a href=\"https:\/\/maps.app.goo.gl\/sXYfuiivaR6VLHvD6\" target=\"_blank\" rel=\"noopener\">\n\n\t\t\t\t\t\t\t\t\t\t\t<span class=\"elementor-icon-list-text\">Location Google Maps \u203a<\/span>\n\t\t\t\t\t\t\t\t\t\t\t<\/a>\n\t\t\t\t\t\t\t\t\t<\/li>\n\t\t\t\t\t\t<\/ul>\n\t\t\t\t\t\t<\/div>\n\t\t\t\t<\/div>\n\t\t\t\t<\/div>\n\t\t\t\t<\/div>\n\t\t\t\t<\/div>\n\t\t\t\t\t<\/div>\n\t\t\t\t<\/div>\n\t\t<div class=\"elementor-element elementor-element-866c3c1 e-flex e-con-boxed e-con e-parent\" data-id=\"866c3c1\" data-element_type=\"container\" data-e-type=\"container\">\n\t\t\t\t\t<div class=\"e-con-inner\">\n\t\t<div class=\"elementor-element elementor-element-f2770bd e-con-full e-flex e-con e-child\" data-id=\"f2770bd\" data-element_type=\"container\" data-e-type=\"container\">\n\t\t\t\t<div class=\"elementor-element elementor-element-17a52ec elementor-widget elementor-widget-shortcode\" data-id=\"17a52ec\" data-element_type=\"widget\" data-e-type=\"widget\" data-widget_type=\"shortcode.default\">\n\t\t\t\t<div class=\"elementor-widget-container\">\n\t\t\t\t\t\t\t<div class=\"elementor-shortcode\">\n<table id=\"tablepress-93\" class=\"tablepress tablepress-id-93 tbody-has-connected-cells\">\n<thead>\n<tr class=\"row-1\">\n\t<th class=\"column-1\"><strong>Location<\/strong><\/th><th class=\"column-2\"><strong>Gr\u00f6\u00dfe<\/strong><\/th><th class=\"column-3\"><strong>Pers. max.<\/strong><\/th><th class=\"column-4\"><strong>Reihe A<\/strong><\/th><th class=\"column-5\"><strong>Reihe B<\/strong><\/th><th class=\"column-6\"><strong>Bankett A<\/strong><\/th><th class=\"column-7\"><strong>Bankett B<\/strong><\/th><th class=\"column-8\"><strong>Konzert<\/strong><\/th><th class=\"column-9\"><strong>Technikbuch<\/strong><\/th>\n<\/tr>\n<\/thead>\n<tbody class=\"row-striping row-hover\">\n<tr class=\"row-2\">\n\t<td class=\"column-1\"><strong>Alte Lackiererei<\/strong><br \/>\r\nGeb\u00e4ude 4b<\/td><td class=\"column-2\">275 m\u00b2<\/td><td class=\"column-3\">400*<\/td><td class=\"column-4\"><a style=\"color: var( --e-global-color-accent ); white-space:nowrap\" href=\"\/wp-content\/uploads\/2025\/07\/MWM_G4b_Reihenbestuhlung_02.pdf\" target=\"_blank\" rel=\"noopener\">222<img decoding=\"async\" style=\"width:20px; height:auto; padding:2px 0 2px 0px\" src=\"\/wp-content\/uploads\/2022\/09\/arrow-icon-2.svg\" \/><\/a><\/td><td class=\"column-5\"><a style=\"color: var( --e-global-color-accent ); white-space:nowrap\" href=\"\/wp-content\/uploads\/2025\/07\/MWM_G4b_Reihenbestuhlung_01.pdf\" target=\"_blank\" rel=\"noopener\">220<img decoding=\"async\" style=\"width:20px; height:auto; padding:2px 0 2px 0px\" src=\"\/wp-content\/uploads\/2022\/09\/arrow-icon-2.svg\" \/><\/a><\/td><td class=\"column-6\"><a style=\"color: var( --e-global-color-accent ); white-space:nowrap\" href=\"\/wp-content\/uploads\/2025\/07\/MWM_G4b_Banketteckig.pdf\" target=\"_blank\" rel=\"noopener\">176<img decoding=\"async\" style=\"width:20px; height:auto; padding:2px 0 2px 0px\" src=\"\/wp-content\/uploads\/2022\/09\/arrow-icon-2.svg\" \/><\/a><\/td><td class=\"column-7\"><a style=\"color: var( --e-global-color-accent ); white-space:nowrap\" href=\"\/wp-content\/uploads\/2025\/07\/MWM_G4b_Bankettrund.pdf\" target=\"_blank\" rel=\"noopener\">136<img decoding=\"async\" style=\"width:20px; height:auto; padding:2px 0 2px 0px\" src=\"\/wp-content\/uploads\/2022\/09\/arrow-icon-2.svg\" \/><\/a><\/td><td class=\"column-8\"><a style=\"color: var( --e-global-color-accent ); white-space:nowrap\" href=\"\/wp-content\/uploads\/2025\/07\/MWM_G4b_EG.pdf\" target=\"_blank\" rel=\"noopener\">400*<img decoding=\"async\" style=\"width:20px; height:auto; padding:2px 0 2px 0px\" src=\"\/wp-content\/uploads\/2022\/09\/arrow-icon-2.svg\" \/><\/a><\/td><td class=\"column-9\"><a href=\"https:\/\/my.mpskin.com\/tour\/mctwm8rf7q?play=1&amp;sr=.02,-.11&amp;ss=71\" target=\"_blank\" rel=\"noopener noreferrer\" style=\"white-space: nowrap;\"><img decoding=\"async\" src=\"https:\/\/motorworld.de\/wp-content\/uploads\/2023\/02\/360grad-button5.png\" alt=\"360\u00b0 Icon\" width=\"40\"   \/><\/a><\/td>\n<\/tr>\n<tr class=\"row-3\">\n\t<td colspan=\"9\" class=\"column-1\">*Maximale Personenzahl ggf. mit Zusatzauflagen verbunden, z. B. Einzelgenehmigung<\/td>\n<\/tr>\n<\/tbody>\n<\/table>\n<\/div>\n\t\t\t\t\t\t<\/div>\n\t\t\t\t<\/div>\n\t\t\t\t<\/div>\n\t\t\t\t\t<\/div>\n\t\t\t\t<\/div>\n\t\t<div class=\"elementor-element elementor-element-ac4ee5c e-flex e-con-boxed e-con e-parent\" data-id=\"ac4ee5c\" data-element_type=\"container\" data-e-type=\"container\">\n\t\t\t\t\t<div class=\"e-con-inner\">\n\t\t<div class=\"elementor-element elementor-element-fa17461 e-con-full e-flex e-con e-child\" data-id=\"fa17461\" data-element_type=\"container\" data-e-type=\"container\">\n\t\t\t\t<div class=\"elementor-element elementor-element-fb79675 elementor-widget elementor-widget-gallery\" data-id=\"fb79675\" data-element_type=\"widget\" data-e-type=\"widget\" data-settings=\"{&quot;columns&quot;:3,&quot;lazyload&quot;:&quot;yes&quot;,&quot;gallery_layout&quot;:&quot;grid&quot;,&quot;columns_tablet&quot;:2,&quot;columns_mobile&quot;:1,&quot;gap&quot;:{&quot;unit&quot;:&quot;px&quot;,&quot;size&quot;:10,&quot;sizes&quot;:[]},&quot;gap_laptop&quot;:{&quot;unit&quot;:&quot;px&quot;,&quot;size&quot;:10,&quot;sizes&quot;:[]},&quot;gap_tablet_extra&quot;:{&quot;unit&quot;:&quot;px&quot;,&quot;size&quot;:10,&quot;sizes&quot;:[]},&quot;gap_tablet&quot;:{&quot;unit&quot;:&quot;px&quot;,&quot;size&quot;:10,&quot;sizes&quot;:[]},&quot;gap_mobile&quot;:{&quot;unit&quot;:&quot;px&quot;,&quot;size&quot;:10,&quot;sizes&quot;:[]},&quot;link_to&quot;:&quot;file&quot;,&quot;aspect_ratio&quot;:&quot;3:2&quot;,&quot;overlay_background&quot;:&quot;yes&quot;,&quot;content_hover_animation&quot;:&quot;fade-in&quot;}\" data-widget_type=\"gallery.default\">\n\t\t\t\t<div class=\"elementor-widget-container\">\n\t\t\t\t\t\t\t<div class=\"elementor-gallery__container\">\n\t\t\t\t\t\t\t<a class=\"e-gallery-item elementor-gallery-item elementor-animated-content\" href=\"https:\/\/motorworld.de\/wp-content\/uploads\/2025\/09\/G04B_Reihenbestuhlung_WinfriedW-5.jpg\" data-elementor-open-lightbox=\"yes\" data-elementor-lightbox-slideshow=\"fb79675\" data-e-action-hash=\"#elementor-action%3Aaction%3Dlightbox%26settings%3DeyJpZCI6MTM2NTMyLCJ1cmwiOiJodHRwczpcL1wvbW90b3J3b3JsZC5kZVwvd3AtY29udGVudFwvdXBsb2Fkc1wvMjAyNVwvMDlcL0cwNEJfUmVpaGVuYmVzdHVobHVuZ19XaW5mcmllZFctNS5qcGciLCJzbGlkZXNob3ciOiJmYjc5Njc1In0%3D\">\n\t\t\t\t\t<div class=\"e-gallery-image elementor-gallery-item__image\" data-thumbnail=\"https:\/\/motorworld.de\/wp-content\/uploads\/2025\/09\/G04B_Reihenbestuhlung_WinfriedW-5-768x512.jpg\" data-width=\"768\" data-height=\"512\" aria-label=\"Large function room with exposed wooden beams and red lighting, counter with illuminated panels and projections, window and open door with a view to the outside, rustic brick walls and a plant in a pot on the left in the picture.\" role=\"img\" ><\/div>\n\t\t\t\t\t\t\t\t\t\t\t<div class=\"elementor-gallery-item__overlay\"><\/div>\n\t\t\t\t\t\t\t\t\t\t\t\t\t\t<\/a>\n\t\t\t\t\t\t\t<a class=\"e-gallery-item elementor-gallery-item elementor-animated-content\" href=\"https:\/\/motorworld.de\/wp-content\/uploads\/2025\/09\/G04b_Messe_cNicklasWalther.jpg\" data-elementor-open-lightbox=\"yes\" data-elementor-lightbox-slideshow=\"fb79675\" data-e-action-hash=\"#elementor-action%3Aaction%3Dlightbox%26settings%3DeyJpZCI6MTM2NTMzLCJ1cmwiOiJodHRwczpcL1wvbW90b3J3b3JsZC5kZVwvd3AtY29udGVudFwvdXBsb2Fkc1wvMjAyNVwvMDlcL0cwNGJfTWVzc2VfY05pY2tsYXNXYWx0aGVyLmpwZyIsInNsaWRlc2hvdyI6ImZiNzk2NzUifQ%3D%3D\">\n\t\t\t\t\t<div class=\"e-gallery-image elementor-gallery-item__image\" data-thumbnail=\"https:\/\/motorworld.de\/wp-content\/uploads\/2025\/09\/G04b_Messe_cNicklasWalther-768x512.jpg\" data-width=\"768\" data-height=\"512\" aria-label=\"People talking at a trade fair in an industrial hall with stands and information posters in the background, including a banner with the inscription verR\u00fcckte impulse and another from teil.Auto, some carrying colorful shopping bags, the floor is made of concrete and the atmosphere is lively and friendly.\" role=\"img\" ><\/div>\n\t\t\t\t\t\t\t\t\t\t\t<div class=\"elementor-gallery-item__overlay\"><\/div>\n\t\t\t\t\t\t\t\t\t\t\t\t\t\t<\/a>\n\t\t\t\t\t\t\t<a class=\"e-gallery-item elementor-gallery-item elementor-animated-content\" href=\"https:\/\/motorworld.de\/wp-content\/uploads\/2025\/09\/G04b_Messe_cNicklasWalther2.jpg\" data-elementor-open-lightbox=\"yes\" data-elementor-lightbox-slideshow=\"fb79675\" data-e-action-hash=\"#elementor-action%3Aaction%3Dlightbox%26settings%3DeyJpZCI6MTM2NTM0LCJ1cmwiOiJodHRwczpcL1wvbW90b3J3b3JsZC5kZVwvd3AtY29udGVudFwvdXBsb2Fkc1wvMjAyNVwvMDlcL0cwNGJfTWVzc2VfY05pY2tsYXNXYWx0aGVyMi5qcGciLCJzbGlkZXNob3ciOiJmYjc5Njc1In0%3D\">\n\t\t\t\t\t<div class=\"e-gallery-image elementor-gallery-item__image\" data-thumbnail=\"https:\/\/motorworld.de\/wp-content\/uploads\/2025\/09\/G04b_Messe_cNicklasWalther2-768x512.jpg\" data-width=\"768\" data-height=\"512\" aria-label=\"A green flag with the inscription &quot;Only love&quot; and a heart graphic at a trade fair or event in an industrial hall with several people and information stands in the background.\" role=\"img\" ><\/div>\n\t\t\t\t\t\t\t\t\t\t\t<div class=\"elementor-gallery-item__overlay\"><\/div>\n\t\t\t\t\t\t\t\t\t\t\t\t\t\t<\/a>\n\t\t\t\t\t\t\t<a class=\"e-gallery-item elementor-gallery-item elementor-animated-content\" href=\"https:\/\/motorworld.de\/wp-content\/uploads\/2025\/09\/G04B_leer_cBeateArmbruster-21.jpg\" data-elementor-open-lightbox=\"yes\" data-elementor-lightbox-slideshow=\"fb79675\" data-e-action-hash=\"#elementor-action%3Aaction%3Dlightbox%26settings%3DeyJpZCI6MTM2NTM1LCJ1cmwiOiJodHRwczpcL1wvbW90b3J3b3JsZC5kZVwvd3AtY29udGVudFwvdXBsb2Fkc1wvMjAyNVwvMDlcL0cwNEJfbGVlcl9jQmVhdGVBcm1icnVzdGVyLTIxLmpwZyIsInNsaWRlc2hvdyI6ImZiNzk2NzUifQ%3D%3D\">\n\t\t\t\t\t<div class=\"e-gallery-image elementor-gallery-item__image\" data-thumbnail=\"https:\/\/motorworld.de\/wp-content\/uploads\/2025\/09\/G04B_leer_cBeateArmbruster-21-768x512.jpg\" data-width=\"768\" data-height=\"512\" aria-label=\"Industrially furnished room with dark, worn walls, exposed stone walls and ceiling beams, several windows, brown leather chairs and a small round table on a gray concrete floor.\" role=\"img\" ><\/div>\n\t\t\t\t\t\t\t\t\t\t\t<div class=\"elementor-gallery-item__overlay\"><\/div>\n\t\t\t\t\t\t\t\t\t\t\t\t\t\t<\/a>\n\t\t\t\t\t\t\t<a class=\"e-gallery-item elementor-gallery-item elementor-animated-content\" href=\"https:\/\/motorworld.de\/wp-content\/uploads\/2025\/09\/G04B_Reihenbestuhlung_cMotorworldVillageMetzingen-8.jpeg\" data-elementor-open-lightbox=\"yes\" data-elementor-lightbox-slideshow=\"fb79675\" data-e-action-hash=\"#elementor-action%3Aaction%3Dlightbox%26settings%3DeyJpZCI6MTM2NTM3LCJ1cmwiOiJodHRwczpcL1wvbW90b3J3b3JsZC5kZVwvd3AtY29udGVudFwvdXBsb2Fkc1wvMjAyNVwvMDlcL0cwNEJfUmVpaGVuYmVzdHVobHVuZ19jTW90b3J3b3JsZFZpbGxhZ2VNZXR6aW5nZW4tOC5qcGVnIiwic2xpZGVzaG93IjoiZmI3OTY3NSJ9\">\n\t\t\t\t\t<div class=\"e-gallery-image elementor-gallery-item__image\" data-thumbnail=\"https:\/\/motorworld.de\/wp-content\/uploads\/2025\/09\/G04B_Reihenbestuhlung_cMotorworldVillageMetzingen-8-768x576.jpeg\" data-width=\"768\" data-height=\"576\" aria-label=\"Interior of an industrial building with exposed wooden beams on the ceiling and plastered, worn walls, rows of gray chairs facing a large flat screen monitor and speakers on the back wall, with windows on the side walls and bright natural light\" role=\"img\" ><\/div>\n\t\t\t\t\t\t\t\t\t\t\t<div class=\"elementor-gallery-item__overlay\"><\/div>\n\t\t\t\t\t\t\t\t\t\t\t\t\t\t<\/a>\n\t\t\t\t\t\t\t<a class=\"e-gallery-item elementor-gallery-item elementor-animated-content\" href=\"https:\/\/motorworld.de\/wp-content\/uploads\/2025\/09\/G04B_leer_cRothfarbrik25-2.jpg\" data-elementor-open-lightbox=\"yes\" data-elementor-lightbox-slideshow=\"fb79675\" data-e-action-hash=\"#elementor-action%3Aaction%3Dlightbox%26settings%3DeyJpZCI6MTM2NTMxLCJ1cmwiOiJodHRwczpcL1wvbW90b3J3b3JsZC5kZVwvd3AtY29udGVudFwvdXBsb2Fkc1wvMjAyNVwvMDlcL0cwNEJfbGVlcl9jUm90aGZhcmJyaWsyNS0yLmpwZyIsInNsaWRlc2hvdyI6ImZiNzk2NzUifQ%3D%3D\">\n\t\t\t\t\t<div class=\"e-gallery-image elementor-gallery-item__image\" data-thumbnail=\"https:\/\/motorworld.de\/wp-content\/uploads\/2025\/09\/G04B_leer_cRothfarbrik25-2-768x512.jpg\" data-width=\"768\" data-height=\"512\" aria-label=\"Interior of an industrial hall with visible old machines and steel girders, orange illuminated transparent roof and colored lighting, concrete floor, glass railing and some plants in the background\" role=\"img\" ><\/div>\n\t\t\t\t\t\t\t\t\t\t\t<div class=\"elementor-gallery-item__overlay\"><\/div>\n\t\t\t\t\t\t\t\t\t\t\t\t\t\t<\/a>\n\t\t\t\t\t\t\t<a class=\"e-gallery-item elementor-gallery-item elementor-animated-content\" href=\"https:\/\/motorworld.de\/wp-content\/uploads\/2025\/10\/G04B_Deko_c_Alex.jpg\" data-elementor-open-lightbox=\"yes\" data-elementor-lightbox-slideshow=\"fb79675\" data-e-action-hash=\"#elementor-action%3Aaction%3Dlightbox%26settings%3DeyJpZCI6MTM3MTEyLCJ1cmwiOiJodHRwczpcL1wvbW90b3J3b3JsZC5kZVwvd3AtY29udGVudFwvdXBsb2Fkc1wvMjAyNVwvMTBcL0cwNEJfRGVrb19jX0FsZXguanBnIiwic2xpZGVzaG93IjoiZmI3OTY3NSJ9\">\n\t\t\t\t\t<div class=\"e-gallery-image elementor-gallery-item__image\" data-thumbnail=\"https:\/\/motorworld.de\/wp-content\/uploads\/2025\/10\/G04B_Deko_c_Alex-768x511.jpg\" data-width=\"768\" data-height=\"511\" aria-label=\"Roter Teppich vor einem Bereich mit goldumrahmtem stehenden Spiegel und Fotobox in einem Raum mit rohen, dunkel wirkenden W\u00e4nden und Fenster im industriellen Stil.\" role=\"img\" ><\/div>\n\t\t\t\t\t\t\t\t\t\t\t<div class=\"elementor-gallery-item__overlay\"><\/div>\n\t\t\t\t\t\t\t\t\t\t\t\t\t\t<\/a>\n\t\t\t\t\t\t\t<a class=\"e-gallery-item elementor-gallery-item elementor-animated-content\" href=\"https:\/\/motorworld.de\/wp-content\/uploads\/2025\/10\/G04b_Messe_c_LisaMaier-5.jpg\" data-elementor-open-lightbox=\"yes\" data-elementor-lightbox-slideshow=\"fb79675\" data-e-action-hash=\"#elementor-action%3Aaction%3Dlightbox%26settings%3DeyJpZCI6MTM4MzU2LCJ1cmwiOiJodHRwczpcL1wvbW90b3J3b3JsZC5kZVwvd3AtY29udGVudFwvdXBsb2Fkc1wvMjAyNVwvMTBcL0cwNGJfTWVzc2VfY19MaXNhTWFpZXItNS5qcGciLCJzbGlkZXNob3ciOiJmYjc5Njc1In0%3D\">\n\t\t\t\t\t<div class=\"e-gallery-image elementor-gallery-item__image\" data-thumbnail=\"https:\/\/motorworld.de\/wp-content\/uploads\/2025\/10\/G04b_Messe_c_LisaMaier-5-768x512.jpg\" data-width=\"768\" data-height=\"512\" aria-label=\"Innenraum einer Industriehalle mit mehreren Ausstellungsst\u00e4nden und Menschen, die sich unterhalten und bewegen, Fokus auf einen Stand mit Werbetafeln f\u00fcr Motordichtungen und technische Produkte.\" role=\"img\" ><\/div>\n\t\t\t\t\t\t\t\t\t\t\t<div class=\"elementor-gallery-item__overlay\"><\/div>\n\t\t\t\t\t\t\t\t\t\t\t\t\t\t<\/a>\n\t\t\t\t\t\t\t<a class=\"e-gallery-item elementor-gallery-item elementor-animated-content\" href=\"https:\/\/motorworld.de\/wp-content\/uploads\/2025\/10\/G04b_Messe_c_LisaMaier-7.jpg\" data-elementor-open-lightbox=\"yes\" data-elementor-lightbox-slideshow=\"fb79675\" data-e-action-hash=\"#elementor-action%3Aaction%3Dlightbox%26settings%3DeyJpZCI6MTM4MzU3LCJ1cmwiOiJodHRwczpcL1wvbW90b3J3b3JsZC5kZVwvd3AtY29udGVudFwvdXBsb2Fkc1wvMjAyNVwvMTBcL0cwNGJfTWVzc2VfY19MaXNhTWFpZXItNy5qcGciLCJzbGlkZXNob3ciOiJmYjc5Njc1In0%3D\">\n\t\t\t\t\t<div class=\"e-gallery-image elementor-gallery-item__image\" data-thumbnail=\"https:\/\/motorworld.de\/wp-content\/uploads\/2025\/10\/G04b_Messe_c_LisaMaier-7-768x512.jpg\" data-width=\"768\" data-height=\"512\" aria-label=\"Innenaufnahme einer Industriehalle mit Messest\u00e4nden und mehreren Personen, eine Person zieht eine kleine Transportkarre, die W\u00e4nde sind alt und teils br\u00fcchig, der Boden ist glatt und gl\u00e4nzend, an den St\u00e4nden sind Werbebanner und Informationsmaterial zu sehen.\" role=\"img\" ><\/div>\n\t\t\t\t\t\t\t\t\t\t\t<div class=\"elementor-gallery-item__overlay\"><\/div>\n\t\t\t\t\t\t\t\t\t\t\t\t\t\t<\/a>\n\t\t\t\t\t<\/div>\n\t\t\t\t\t<\/div>\n\t\t\t\t<\/div>\n\t\t\t\t<\/div>\n\t\t\t\t\t<\/div>\n\t\t\t\t<\/div>\n\t\t\t\t<\/div>\n\t\t","protected":false},"excerpt":{"rendered":"<p>Alte Lackiererei MOTORWORLD Village Metzingen The Alte Lackiererei has an impressive floor space of 275 m\u00b2, which offers flexible usage options for a wide variety of events. With a capacity [&hellip;]<\/p>\n","protected":false},"author":1,"featured_media":0,"parent":89149,"menu_order":0,"comment_status":"closed","ping_status":"closed","template":"","meta":{"_acf_changed":false,"footnotes":""},"categories":[],"class_list":["post-136538","page","type-page","status-publish","hentry"],"acf":[],"_links":{"self":[{"href":"https:\/\/motorworld.de\/en\/wp-json\/wp\/v2\/pages\/136538","targetHints":{"allow":["GET"]}}],"collection":[{"href":"https:\/\/motorworld.de\/en\/wp-json\/wp\/v2\/pages"}],"about":[{"href":"https:\/\/motorworld.de\/en\/wp-json\/wp\/v2\/types\/page"}],"author":[{"embeddable":true,"href":"https:\/\/motorworld.de\/en\/wp-json\/wp\/v2\/users\/1"}],"replies":[{"embeddable":true,"href":"https:\/\/motorworld.de\/en\/wp-json\/wp\/v2\/comments?post=136538"}],"version-history":[{"count":0,"href":"https:\/\/motorworld.de\/en\/wp-json\/wp\/v2\/pages\/136538\/revisions"}],"up":[{"embeddable":true,"href":"https:\/\/motorworld.de\/en\/wp-json\/wp\/v2\/pages\/89149"}],"wp:attachment":[{"href":"https:\/\/motorworld.de\/en\/wp-json\/wp\/v2\/media?parent=136538"}],"wp:term":[{"taxonomy":"category","embeddable":true,"href":"https:\/\/motorworld.de\/en\/wp-json\/wp\/v2\/categories?post=136538"}],"curies":[{"name":"wp","href":"https:\/\/api.w.org\/{rel}","templated":true}]}}