{"id":121159,"date":"2024-03-20T22:00:54","date_gmt":"2024-03-20T21:00:54","guid":{"rendered":"https:\/\/motorworld.de\/metzingen\/eventlocations\/artur-unger-lounge\/"},"modified":"2025-10-25T14:31:54","modified_gmt":"2025-10-25T12:31:54","slug":"artur-unger-lounge","status":"publish","type":"page","link":"https:\/\/motorworld.de\/en\/metzingen\/eventlocations\/artur-unger-lounge\/","title":{"rendered":"Artur Unger Lounge"},"content":{"rendered":"\t\t<div data-elementor-type=\"wp-page\" data-elementor-id=\"121159\" class=\"elementor elementor-121159 elementor-107477\" data-elementor-post-type=\"page\">\n\t\t\t\t<div class=\"elementor-element elementor-element-fd6d11b e-flex e-con-boxed e-con e-parent\" data-id=\"fd6d11b\" data-element_type=\"container\" data-e-type=\"container\" data-settings=\"{&quot;background_background&quot;:&quot;classic&quot;}\">\n\t\t\t\t\t<div class=\"e-con-inner\">\n\t\t\t\t<div class=\"elementor-element elementor-element-428b2d7 elementor-widget elementor-widget-wp-widget-bcn_widget\" data-id=\"428b2d7\" data-element_type=\"widget\" data-e-type=\"widget\" data-widget_type=\"wp-widget-bcn_widget.default\">\n\t\t\t\t<div class=\"elementor-widget-container\">\n\t\t\t\t\t<div class=\"breadcrumbs\" vocab=\"https:\/\/schema.org\/\" typeof=\"BreadcrumbList\"><span property=\"itemListElement\" typeof=\"ListItem\"><a property=\"item\" typeof=\"WebPage\" title=\"Go to Motorworld Eventlocations.\" href=\"https:\/\/motorworld.de\/\" class=\"home\" aria-current=\"page\"><span property=\"name\">Home<\/span><\/a><meta property=\"position\" content=\"1\"><\/span><\/div>\t\t\t\t<\/div>\n\t\t\t\t<\/div>\n\t\t\t\t\t<\/div>\n\t\t\t\t<\/div>\n\t\t<div class=\"elementor-element elementor-element-fae1713 e-flex e-con-boxed e-con e-parent\" data-id=\"fae1713\" data-element_type=\"container\" data-e-type=\"container\" data-settings=\"{&quot;background_background&quot;:&quot;classic&quot;}\">\n\t\t\t\t\t<div class=\"e-con-inner\">\n\t\t<div class=\"elementor-element elementor-element-507bfb1 e-con-full e-flex e-con e-child\" data-id=\"507bfb1\" data-element_type=\"container\" data-e-type=\"container\">\n\t\t\t\t<div class=\"elementor-element elementor-element-07f3755 elementor-widget elementor-widget-image\" data-id=\"07f3755\" data-element_type=\"widget\" data-e-type=\"widget\" data-widget_type=\"image.default\">\n\t\t\t\t<div class=\"elementor-widget-container\">\n\t\t\t\t\t\t\t\t\t\t\t\t\t\t\t<img fetchpriority=\"high\" decoding=\"async\" width=\"2500\" height=\"1406\" src=\"https:\/\/motorworld.de\/wp-content\/uploads\/2025\/09\/G09_Leer_cOzan-4.jpg\" class=\"attachment-full size-full wp-image-136549\" alt=\"Interior view of a distillery with large windows, copper kettles on the wall, high ceilings and hanging bottles in circular holders, plus wooden barrels and bar stools in front of a wall labeled &quot;Distillery&quot;\" srcset=\"https:\/\/motorworld.de\/wp-content\/uploads\/2025\/09\/G09_Leer_cOzan-4.jpg 2500w, https:\/\/motorworld.de\/wp-content\/uploads\/2025\/09\/G09_Leer_cOzan-4-300x169.jpg 300w, https:\/\/motorworld.de\/wp-content\/uploads\/2025\/09\/G09_Leer_cOzan-4-1024x576.jpg 1024w, https:\/\/motorworld.de\/wp-content\/uploads\/2025\/09\/G09_Leer_cOzan-4-768x432.jpg 768w, https:\/\/motorworld.de\/wp-content\/uploads\/2025\/09\/G09_Leer_cOzan-4-1536x864.jpg 1536w, https:\/\/motorworld.de\/wp-content\/uploads\/2025\/09\/G09_Leer_cOzan-4-2048x1152.jpg 2048w\" sizes=\"(max-width: 2500px) 100vw, 2500px\" \/>\t\t\t\t\t\t\t\t\t\t\t\t\t\t\t<\/div>\n\t\t\t\t<\/div>\n\t\t<div class=\"elementor-element elementor-element-b73d45c e-con-full e-flex e-con e-child\" data-id=\"b73d45c\" data-element_type=\"container\" data-e-type=\"container\">\n\t\t<div class=\"elementor-element elementor-element-9f0c3e5 e-con-full e-flex e-con e-child\" data-id=\"9f0c3e5\" data-element_type=\"container\" data-e-type=\"container\">\n\t\t\t\t<div class=\"elementor-element elementor-element-493036c elementor-widget elementor-widget-heading\" data-id=\"493036c\" data-element_type=\"widget\" data-e-type=\"widget\" data-widget_type=\"heading.default\">\n\t\t\t\t<div class=\"elementor-widget-container\">\n\t\t\t\t\t<h2 class=\"elementor-heading-title elementor-size-default\"><span style=\"font-weight:700\">Artur Unger Lounge<\/span> <br>MOTORWORLD Village Metzingen<\/h2>\t\t\t\t<\/div>\n\t\t\t\t<\/div>\n\t\t\t\t<div class=\"elementor-element elementor-element-bb35ced elementor-widget elementor-widget-text-editor\" data-id=\"bb35ced\" data-element_type=\"widget\" data-e-type=\"widget\" data-widget_type=\"text-editor.default\">\n\t\t\t\t<div class=\"elementor-widget-container\">\n\t\t\t\t\t\t\t\t\t<p><strong>The Artur Unger Lounge on the grounds of Motorworld Village Metzingen is an inviting location with plenty of space for special moments. Dedicated to a friend of the owner Andreas D\u00fcnkel, it radiates a personal atmosphere.  <\/strong><\/p><p>The generous room size of 145 m\u00b2 and a maximum capacity of 150 people make it ideal for informal parties or, for example, themed whiskey tastings. Designed with loving attention to detail, the lounge offers the perfect setting to spend unforgettable hours in a relaxed atmosphere. <\/p>\t\t\t\t\t\t\t\t<\/div>\n\t\t\t\t<\/div>\n\t\t<div class=\"elementor-element elementor-element-121241c e-flex e-con-boxed e-con e-child\" data-id=\"121241c\" data-element_type=\"container\" data-e-type=\"container\">\n\t\t\t\t\t<div class=\"e-con-inner\">\n\t\t\t\t<div class=\"elementor-element elementor-element-06d3dd5 elementor-align-left elementor-widget elementor-widget-button\" data-id=\"06d3dd5\" data-element_type=\"widget\" data-e-type=\"widget\" data-widget_type=\"button.default\">\n\t\t\t\t<div class=\"elementor-widget-container\">\n\t\t\t\t\t\t\t\t\t<div class=\"elementor-button-wrapper\">\n\t\t\t\t\t<a class=\"elementor-button elementor-button-link elementor-size-sm\" href=\"https:\/\/kontakt.motorworld.de\/?location=metzingen\">\n\t\t\t\t\t\t<span class=\"elementor-button-content-wrapper\">\n\t\t\t\t\t\t\t\t\t<span class=\"elementor-button-text\">Your Enquiry<\/span>\n\t\t\t\t\t<\/span>\n\t\t\t\t\t<\/a>\n\t\t\t\t<\/div>\n\t\t\t\t\t\t\t\t<\/div>\n\t\t\t\t<\/div>\n\t\t\t\t\t<\/div>\n\t\t\t\t<\/div>\n\t\t\t\t<\/div>\n\t\t<div class=\"elementor-element elementor-element-7a2494d e-con-full e-flex e-con e-child\" data-id=\"7a2494d\" data-element_type=\"container\" data-e-type=\"container\">\n\t\t\t\t<div class=\"elementor-element elementor-element-585f984 elementor-widget elementor-widget-image\" data-id=\"585f984\" data-element_type=\"widget\" data-e-type=\"widget\" data-widget_type=\"image.default\">\n\t\t\t\t<div class=\"elementor-widget-container\">\n\t\t\t\t\t\t\t\t\t\t\t\t\t\t\t\t<a href=\"https:\/\/motorworld.de\/en\/metzingen\/\">\n\t\t\t\t\t\t\t<img decoding=\"async\" width=\"526\" height=\"112\" src=\"https:\/\/motorworld.de\/wp-content\/uploads\/2023\/02\/motorworld-village-metzingen.svg\" class=\"attachment-large size-large wp-image-88099\" alt=\"\" \/>\t\t\t\t\t\t\t\t<\/a>\n\t\t\t\t\t\t\t\t\t\t\t\t\t\t\t<\/div>\n\t\t\t\t<\/div>\n\t\t\t\t<div class=\"elementor-element elementor-element-5faaacf elementor-align-start elementor-icon-list--layout-traditional elementor-list-item-link-full_width elementor-widget elementor-widget-icon-list\" data-id=\"5faaacf\" data-element_type=\"widget\" data-e-type=\"widget\" data-widget_type=\"icon-list.default\">\n\t\t\t\t<div class=\"elementor-widget-container\">\n\t\t\t\t\t\t\t<ul class=\"elementor-icon-list-items\">\n\t\t\t\t\t\t\t<li class=\"elementor-icon-list-item\">\n\t\t\t\t\t\t\t\t\t\t\t<a href=\"tel:+49%207123%209683918\">\n\n\t\t\t\t\t\t\t\t\t\t\t<span class=\"elementor-icon-list-text\">Phone +49 7123 9683918<\/span>\n\t\t\t\t\t\t\t\t\t\t\t<\/a>\n\t\t\t\t\t\t\t\t\t<\/li>\n\t\t\t\t\t\t\t\t<li class=\"elementor-icon-list-item\">\n\t\t\t\t\t\t\t\t\t\t\t<a href=\"mailto:events-metzingen@motorworld.de\">\n\n\t\t\t\t\t\t\t\t\t\t\t<span class=\"elementor-icon-list-text\">events-metzingen@motorworld.de<\/span>\n\t\t\t\t\t\t\t\t\t\t\t<\/a>\n\t\t\t\t\t\t\t\t\t<\/li>\n\t\t\t\t\t\t\t\t<li class=\"elementor-icon-list-item\">\n\t\t\t\t\t\t\t\t\t\t\t<a href=\"https:\/\/maps.app.goo.gl\/sXYfuiivaR6VLHvD6\" target=\"_blank\" rel=\"noopener\">\n\n\t\t\t\t\t\t\t\t\t\t\t<span class=\"elementor-icon-list-text\">Location Google Maps \u203a<\/span>\n\t\t\t\t\t\t\t\t\t\t\t<\/a>\n\t\t\t\t\t\t\t\t\t<\/li>\n\t\t\t\t\t\t<\/ul>\n\t\t\t\t\t\t<\/div>\n\t\t\t\t<\/div>\n\t\t\t\t<\/div>\n\t\t\t\t<\/div>\n\t\t\t\t<\/div>\n\t\t\t\t\t<\/div>\n\t\t\t\t<\/div>\n\t\t<div class=\"elementor-element elementor-element-2fd4a72 e-flex e-con-boxed e-con e-parent\" data-id=\"2fd4a72\" data-element_type=\"container\" data-e-type=\"container\">\n\t\t\t\t\t<div class=\"e-con-inner\">\n\t\t<div class=\"elementor-element elementor-element-c4910e1 e-con-full e-flex e-con e-child\" data-id=\"c4910e1\" data-element_type=\"container\" data-e-type=\"container\">\n\t\t\t\t<div class=\"elementor-element elementor-element-9d3ccee elementor-widget elementor-widget-shortcode\" data-id=\"9d3ccee\" data-element_type=\"widget\" data-e-type=\"widget\" data-widget_type=\"shortcode.default\">\n\t\t\t\t<div class=\"elementor-widget-container\">\n\t\t\t\t\t\t\t<div class=\"elementor-shortcode\">\n<table id=\"tablepress-77\" class=\"tablepress tablepress-id-77\">\n<thead>\n<tr class=\"row-1\">\n\t<th class=\"column-1\"><strong>Location<\/strong><\/th><th class=\"column-2\"><strong>Gr\u00f6\u00dfe<\/strong><\/th><th class=\"column-3\"><strong>Pers. max.<\/strong><\/th><th class=\"column-4\"><strong>Reihe<\/strong><\/th><th class=\"column-5\"><strong>Bankett A<\/strong><\/th><th class=\"column-6\"><strong>Bankett B<\/strong><\/th><th class=\"column-7\"><strong>Parlament<\/strong><\/th><th class=\"column-8\"><strong>Technikbuch<\/strong><\/th><th class=\"column-9\"><img decoding=\"async\" src=\"https:\/\/motorworld.de\/wp-content\/uploads\/2023\/02\/360grad-button5.png\" alt=\"\" width=\"40\"   \/><\/th>\n<\/tr>\n<\/thead>\n<tbody class=\"row-striping row-hover\">\n<tr class=\"row-2\">\n\t<td class=\"column-1\"><strong>Artur Unger Lounge<\/strong><br \/>\r\nGeb\u00e4ude 9<\/td><td class=\"column-2\">158 m\u00b2<\/td><td class=\"column-3\"><a style=\"color: var( --e-global-color-accent );\" href=\"\/wp-content\/uploads\/2023\/09\/Metzingen_Geb.-9_Arthur_Unger_Feier.pdf\" target=\"_blank\" rel=\"noopener\">199<img decoding=\"async\" style=\"width:20px; height:auto; padding:2px 0 2px 0px\" src=\"\/wp-content\/uploads\/2022\/09\/arrow-icon-2.svg\" \/><\/a><\/td><td class=\"column-4\"><a style=\"color: var( --e-global-color-accent );\" href=\"\/wp-content\/uploads\/2023\/09\/Metzingen_Geb.-9_Arthur_Unger_Reihe.pdf\" target=\"_blank\" rel=\"noopener\">56<img decoding=\"async\" style=\"width:20px; height:auto; padding:2px 0 2px 0px\" src=\"\/wp-content\/uploads\/2022\/09\/arrow-icon-2.svg\" \/><\/a><\/td><td class=\"column-5\"><a style=\"color: var( --e-global-color-accent );\" href=\"\/wp-content\/uploads\/2023\/09\/Metzingen_Geb.-9_Arthur_Unger_Bankett_A.pdf\" target=\"_blank\" rel=\"noopener\">44<img decoding=\"async\" style=\"width:20px; height:auto; padding:2px 0 2px 0px\" src=\"\/wp-content\/uploads\/2022\/09\/arrow-icon-2.svg\" \/><\/a><\/td><td class=\"column-6\"><a style=\"color: var( --e-global-color-accent );\" href=\"\/wp-content\/uploads\/2024\/11\/MW_G9_Bankett_rund.pdf\" target=\"_blank\" rel=\"noopener\">40<img decoding=\"async\" style=\"width:20px; height:auto; padding:2px 0 2px 0px\" src=\"\/wp-content\/uploads\/2022\/09\/arrow-icon-2.svg\" \/><\/a><\/td><td class=\"column-7\"><a style=\"color: var( --e-global-color-accent );\" href=\"\/wp-content\/uploads\/2024\/11\/MWM_G9_parlamentarischMittelgang.pdf\" target=\"_blank\" rel=\"noopener\">24<img decoding=\"async\" style=\"width:20px; height:auto; padding:2px 0 2px 0px\" src=\"\/wp-content\/uploads\/2022\/09\/arrow-icon-2.svg\" \/><\/a><\/td><td class=\"column-8\"><a href=\"\/wp-content\/uploads\/2024\/11\/Technikhandbuch_Gebaeude-9_Artur-Unger-Lounge.pdf\" target=\"_blank\" rel=\"noopener noreferrer\" style=\"white-space: nowrap;\">Technikbuch \u203a<\/a><\/td><td class=\"column-9\"><a href=\"https:\/\/my.mpskin.com\/tour\/mctwm8rf7q?play=1&amp;sr=,-1.03&amp;ss=134\" target=\"_blank\" rel=\"noopener noreferrer\" style=\"white-space: nowrap;\"><img decoding=\"async\" src=\"https:\/\/motorworld.de\/wp-content\/uploads\/2023\/02\/360grad-button5.png\" alt=\"360\u00b0 Icon\" width=\"40\"   \/><\/a><\/td>\n<\/tr>\n<\/tbody>\n<\/table>\n<!-- #tablepress-77 from cache --><\/div>\n\t\t\t\t\t\t<\/div>\n\t\t\t\t<\/div>\n\t\t\t\t<\/div>\n\t\t\t\t\t<\/div>\n\t\t\t\t<\/div>\n\t\t<div class=\"elementor-element elementor-element-c9095e6 e-flex e-con-boxed e-con e-parent\" data-id=\"c9095e6\" data-element_type=\"container\" data-e-type=\"container\">\n\t\t\t\t\t<div class=\"e-con-inner\">\n\t\t<div class=\"elementor-element elementor-element-a98c4e0 e-con-full e-flex e-con e-child\" data-id=\"a98c4e0\" data-element_type=\"container\" data-e-type=\"container\">\n\t\t\t\t<div class=\"elementor-element elementor-element-de97037 elementor-widget elementor-widget-gallery\" data-id=\"de97037\" data-element_type=\"widget\" data-e-type=\"widget\" data-settings=\"{&quot;columns&quot;:3,&quot;lazyload&quot;:&quot;yes&quot;,&quot;gallery_layout&quot;:&quot;grid&quot;,&quot;columns_tablet&quot;:2,&quot;columns_mobile&quot;:1,&quot;gap&quot;:{&quot;unit&quot;:&quot;px&quot;,&quot;size&quot;:10,&quot;sizes&quot;:[]},&quot;gap_laptop&quot;:{&quot;unit&quot;:&quot;px&quot;,&quot;size&quot;:10,&quot;sizes&quot;:[]},&quot;gap_tablet_extra&quot;:{&quot;unit&quot;:&quot;px&quot;,&quot;size&quot;:10,&quot;sizes&quot;:[]},&quot;gap_tablet&quot;:{&quot;unit&quot;:&quot;px&quot;,&quot;size&quot;:10,&quot;sizes&quot;:[]},&quot;gap_mobile&quot;:{&quot;unit&quot;:&quot;px&quot;,&quot;size&quot;:10,&quot;sizes&quot;:[]},&quot;link_to&quot;:&quot;file&quot;,&quot;aspect_ratio&quot;:&quot;3:2&quot;,&quot;overlay_background&quot;:&quot;yes&quot;,&quot;content_hover_animation&quot;:&quot;fade-in&quot;}\" data-widget_type=\"gallery.default\">\n\t\t\t\t<div class=\"elementor-widget-container\">\n\t\t\t\t\t\t\t<div class=\"elementor-gallery__container\">\n\t\t\t\t\t\t\t<a class=\"e-gallery-item elementor-gallery-item elementor-animated-content\" href=\"https:\/\/motorworld.de\/wp-content\/uploads\/2025\/09\/G09_Reihenbestuhlung_cMonster-rotated.jpg\" data-elementor-open-lightbox=\"yes\" data-elementor-lightbox-slideshow=\"de97037\" data-e-action-hash=\"#elementor-action%3Aaction%3Dlightbox%26settings%3DeyJpZCI6MTM2NTQ0LCJ1cmwiOiJodHRwczpcL1wvbW90b3J3b3JsZC5kZVwvd3AtY29udGVudFwvdXBsb2Fkc1wvMjAyNVwvMDlcL0cwOV9SZWloZW5iZXN0dWhsdW5nX2NNb25zdGVyLXJvdGF0ZWQuanBnIiwic2xpZGVzaG93IjoiZGU5NzAzNyJ9\">\n\t\t\t\t\t<div class=\"e-gallery-image elementor-gallery-item__image\" data-thumbnail=\"https:\/\/motorworld.de\/wp-content\/uploads\/2025\/09\/G09_Reihenbestuhlung_cMonster-768x1024.jpg\" data-width=\"768\" data-height=\"1024\" aria-label=\"Industrial design seminar room with rows of brown leather armchairs, two flipcharts and a large screen in front of a concrete wall with large windows and modern hanging lamps made from glass bottles.\" role=\"img\" ><\/div>\n\t\t\t\t\t\t\t\t\t\t\t<div class=\"elementor-gallery-item__overlay\"><\/div>\n\t\t\t\t\t\t\t\t\t\t\t\t\t\t<\/a>\n\t\t\t\t\t\t\t<a class=\"e-gallery-item elementor-gallery-item elementor-animated-content\" href=\"https:\/\/motorworld.de\/wp-content\/uploads\/2025\/09\/G09_Leer_cOzan-7.jpg\" data-elementor-open-lightbox=\"yes\" data-elementor-lightbox-slideshow=\"de97037\" data-e-action-hash=\"#elementor-action%3Aaction%3Dlightbox%26settings%3DeyJpZCI6MTM2NTQ4LCJ1cmwiOiJodHRwczpcL1wvbW90b3J3b3JsZC5kZVwvd3AtY29udGVudFwvdXBsb2Fkc1wvMjAyNVwvMDlcL0cwOV9MZWVyX2NPemFuLTcuanBnIiwic2xpZGVzaG93IjoiZGU5NzAzNyJ9\">\n\t\t\t\t\t<div class=\"e-gallery-image elementor-gallery-item__image\" data-thumbnail=\"https:\/\/motorworld.de\/wp-content\/uploads\/2025\/09\/G09_Leer_cOzan-7-768x432.jpg\" data-width=\"768\" data-height=\"432\" aria-label=\"Industrial wall with copper pipes and a display board explaining the distillation process in German, with a large round chandelier made of bottles in the foreground of a modern industrial building.\" role=\"img\" ><\/div>\n\t\t\t\t\t\t\t\t\t\t\t<div class=\"elementor-gallery-item__overlay\"><\/div>\n\t\t\t\t\t\t\t\t\t\t\t\t\t\t<\/a>\n\t\t\t\t\t\t\t<a class=\"e-gallery-item elementor-gallery-item elementor-animated-content\" href=\"https:\/\/motorworld.de\/wp-content\/uploads\/2025\/09\/G09_Leer_cOzan-15.jpg\" data-elementor-open-lightbox=\"yes\" data-elementor-lightbox-slideshow=\"de97037\" data-e-action-hash=\"#elementor-action%3Aaction%3Dlightbox%26settings%3DeyJpZCI6MTM2NTUxLCJ1cmwiOiJodHRwczpcL1wvbW90b3J3b3JsZC5kZVwvd3AtY29udGVudFwvdXBsb2Fkc1wvMjAyNVwvMDlcL0cwOV9MZWVyX2NPemFuLTE1LmpwZyIsInNsaWRlc2hvdyI6ImRlOTcwMzcifQ%3D%3D\">\n\t\t\t\t\t<div class=\"e-gallery-image elementor-gallery-item__image\" data-thumbnail=\"https:\/\/motorworld.de\/wp-content\/uploads\/2025\/09\/G09_Leer_cOzan-15-768x432.jpg\" data-width=\"768\" data-height=\"432\" aria-label=\"Interior of a caf\u00e9 or bar with several brown leather armchairs and bar stools, large windows, bright daylight and a wall with decorative wooden panels and a quote.\" role=\"img\" ><\/div>\n\t\t\t\t\t\t\t\t\t\t\t<div class=\"elementor-gallery-item__overlay\"><\/div>\n\t\t\t\t\t\t\t\t\t\t\t\t\t\t<\/a>\n\t\t\t\t\t\t\t<a class=\"e-gallery-item elementor-gallery-item elementor-animated-content\" href=\"https:\/\/motorworld.de\/wp-content\/uploads\/2025\/09\/G09_Leer_cOzan-3.jpg\" data-elementor-open-lightbox=\"yes\" data-elementor-lightbox-slideshow=\"de97037\" data-e-action-hash=\"#elementor-action%3Aaction%3Dlightbox%26settings%3DeyJpZCI6MTM2NTUwLCJ1cmwiOiJodHRwczpcL1wvbW90b3J3b3JsZC5kZVwvd3AtY29udGVudFwvdXBsb2Fkc1wvMjAyNVwvMDlcL0cwOV9MZWVyX2NPemFuLTMuanBnIiwic2xpZGVzaG93IjoiZGU5NzAzNyJ9\">\n\t\t\t\t\t<div class=\"e-gallery-image elementor-gallery-item__image\" data-thumbnail=\"https:\/\/motorworld.de\/wp-content\/uploads\/2025\/09\/G09_Leer_cOzan-3-768x432.jpg\" data-width=\"768\" data-height=\"432\" aria-label=\"Interior view of a distillery with large copper stills, copper pipes on the wall and a blackboard with a schematic representation of the distillation process in German.\" role=\"img\" ><\/div>\n\t\t\t\t\t\t\t\t\t\t\t<div class=\"elementor-gallery-item__overlay\"><\/div>\n\t\t\t\t\t\t\t\t\t\t\t\t\t\t<\/a>\n\t\t\t\t\t\t\t<a class=\"e-gallery-item elementor-gallery-item elementor-animated-content\" href=\"https:\/\/motorworld.de\/wp-content\/uploads\/2025\/09\/G09_Leer_cOzan-8.jpg\" data-elementor-open-lightbox=\"yes\" data-elementor-lightbox-slideshow=\"de97037\" data-e-action-hash=\"#elementor-action%3Aaction%3Dlightbox%26settings%3DeyJpZCI6MTM2NTQ3LCJ1cmwiOiJodHRwczpcL1wvbW90b3J3b3JsZC5kZVwvd3AtY29udGVudFwvdXBsb2Fkc1wvMjAyNVwvMDlcL0cwOV9MZWVyX2NPemFuLTguanBnIiwic2xpZGVzaG93IjoiZGU5NzAzNyJ9\">\n\t\t\t\t\t<div class=\"e-gallery-image elementor-gallery-item__image\" data-thumbnail=\"https:\/\/motorworld.de\/wp-content\/uploads\/2025\/09\/G09_Leer_cOzan-8-768x432.jpg\" data-width=\"768\" data-height=\"432\" aria-label=\"Bright industrial hall with gallery and metal railing, upstairs seating area with armchairs and windows, below bar with wooden barrel and hanging wine bottle, wall decorations and industrial lamps\" role=\"img\" ><\/div>\n\t\t\t\t\t\t\t\t\t\t\t<div class=\"elementor-gallery-item__overlay\"><\/div>\n\t\t\t\t\t\t\t\t\t\t\t\t\t\t<\/a>\n\t\t\t\t\t\t\t<a class=\"e-gallery-item elementor-gallery-item elementor-animated-content\" href=\"https:\/\/motorworld.de\/wp-content\/uploads\/2025\/09\/G09_Toiletten_cOzan-8.jpg\" data-elementor-open-lightbox=\"yes\" data-elementor-lightbox-slideshow=\"de97037\" data-e-action-hash=\"#elementor-action%3Aaction%3Dlightbox%26settings%3DeyJpZCI6MTM2NTQ1LCJ1cmwiOiJodHRwczpcL1wvbW90b3J3b3JsZC5kZVwvd3AtY29udGVudFwvdXBsb2Fkc1wvMjAyNVwvMDlcL0cwOV9Ub2lsZXR0ZW5fY096YW4tOC5qcGciLCJzbGlkZXNob3ciOiJkZTk3MDM3In0%3D\">\n\t\t\t\t\t<div class=\"e-gallery-image elementor-gallery-item__image\" data-thumbnail=\"https:\/\/motorworld.de\/wp-content\/uploads\/2025\/09\/G09_Toiletten_cOzan-8-768x432.jpg\" data-width=\"768\" data-height=\"432\" aria-label=\"Modern bathroom with two round red washbasins, matching red lampshades and round mirrors, red shower cubicle area in the background and black and white wall design with wooden ceiling.\" role=\"img\" ><\/div>\n\t\t\t\t\t\t\t\t\t\t\t<div class=\"elementor-gallery-item__overlay\"><\/div>\n\t\t\t\t\t\t\t\t\t\t\t\t\t\t<\/a>\n\t\t\t\t\t\t\t<a class=\"e-gallery-item elementor-gallery-item elementor-animated-content\" href=\"https:\/\/motorworld.de\/wp-content\/uploads\/2025\/10\/G09_Tafeltischbestuhlung_c_MelinaBuck-4.jpg\" data-elementor-open-lightbox=\"yes\" data-elementor-lightbox-slideshow=\"de97037\" data-e-action-hash=\"#elementor-action%3Aaction%3Dlightbox%26settings%3DeyJpZCI6MTM4MjY0LCJ1cmwiOiJodHRwczpcL1wvbW90b3J3b3JsZC5kZVwvd3AtY29udGVudFwvdXBsb2Fkc1wvMjAyNVwvMTBcL0cwOV9UYWZlbHRpc2NoYmVzdHVobHVuZ19jX01lbGluYUJ1Y2stNC5qcGciLCJzbGlkZXNob3ciOiJkZTk3MDM3In0%3D\">\n\t\t\t\t\t<div class=\"e-gallery-image elementor-gallery-item__image\" data-thumbnail=\"https:\/\/motorworld.de\/wp-content\/uploads\/2025\/10\/G09_Tafeltischbestuhlung_c_MelinaBuck-4-768x576.jpg\" data-width=\"768\" data-height=\"576\" aria-label=\"Long, festively laid table with blue tablecloths, candles and colorful flower arrangements in a rustic distillery with barrels and industrial elements on the wall and a gallery in the background.\" role=\"img\" ><\/div>\n\t\t\t\t\t\t\t\t\t\t\t<div class=\"elementor-gallery-item__overlay\"><\/div>\n\t\t\t\t\t\t\t\t\t\t\t\t\t\t<\/a>\n\t\t\t\t\t\t\t<a class=\"e-gallery-item elementor-gallery-item elementor-animated-content\" href=\"https:\/\/motorworld.de\/wp-content\/uploads\/2025\/10\/G09_Tafeltischbestuhlung_c_MelinaBuck-1.jpg\" data-elementor-open-lightbox=\"yes\" data-elementor-lightbox-slideshow=\"de97037\" data-e-action-hash=\"#elementor-action%3Aaction%3Dlightbox%26settings%3DeyJpZCI6MTM4MjY1LCJ1cmwiOiJodHRwczpcL1wvbW90b3J3b3JsZC5kZVwvd3AtY29udGVudFwvdXBsb2Fkc1wvMjAyNVwvMTBcL0cwOV9UYWZlbHRpc2NoYmVzdHVobHVuZ19jX01lbGluYUJ1Y2stMS5qcGciLCJzbGlkZXNob3ciOiJkZTk3MDM3In0%3D\">\n\t\t\t\t\t<div class=\"e-gallery-image elementor-gallery-item__image\" data-thumbnail=\"https:\/\/motorworld.de\/wp-content\/uploads\/2025\/10\/G09_Tafeltischbestuhlung_c_MelinaBuck-1-768x576.jpg\" data-width=\"768\" data-height=\"576\" aria-label=\"Table with blue cloth and purple runner, on it colorful flower arrangements in vases and candles, in the background wall with large barrels and the inscription &quot;DISTILLERY&quot;.\" role=\"img\" ><\/div>\n\t\t\t\t\t\t\t\t\t\t\t<div class=\"elementor-gallery-item__overlay\"><\/div>\n\t\t\t\t\t\t\t\t\t\t\t\t\t\t<\/a>\n\t\t\t\t\t\t\t<a class=\"e-gallery-item elementor-gallery-item elementor-animated-content\" href=\"https:\/\/motorworld.de\/wp-content\/uploads\/2025\/10\/G09_Tafeltischbestuhlung_c_MelinaBuck-8.jpg\" data-elementor-open-lightbox=\"yes\" data-elementor-lightbox-slideshow=\"de97037\" data-e-action-hash=\"#elementor-action%3Aaction%3Dlightbox%26settings%3DeyJpZCI6MTM4MjQ4LCJ1cmwiOiJodHRwczpcL1wvbW90b3J3b3JsZC5kZVwvd3AtY29udGVudFwvdXBsb2Fkc1wvMjAyNVwvMTBcL0cwOV9UYWZlbHRpc2NoYmVzdHVobHVuZ19jX01lbGluYUJ1Y2stOC5qcGciLCJzbGlkZXNob3ciOiJkZTk3MDM3In0%3D\">\n\t\t\t\t\t<div class=\"e-gallery-image elementor-gallery-item__image\" data-thumbnail=\"https:\/\/motorworld.de\/wp-content\/uploads\/2025\/10\/G09_Tafeltischbestuhlung_c_MelinaBuck-8-768x576.jpg\" data-width=\"768\" data-height=\"576\" aria-label=\"Langer gedeckter Tisch mit blauem Tischtuch und bunter Blumendekoration in einem industriell eingerichteten Raum mit Betonw\u00e4nden, gro\u00dfen Fenstern, schwarzen St\u00fchlen und hohen Barhockern neben Holzf\u00e4ssern an der Wand.\" role=\"img\" ><\/div>\n\t\t\t\t\t\t\t\t\t\t\t<div class=\"elementor-gallery-item__overlay\"><\/div>\n\t\t\t\t\t\t\t\t\t\t\t\t\t\t<\/a>\n\t\t\t\t\t<\/div>\n\t\t\t\t\t<\/div>\n\t\t\t\t<\/div>\n\t\t\t\t<\/div>\n\t\t\t\t\t<\/div>\n\t\t\t\t<\/div>\n\t\t\t\t<\/div>\n\t\t","protected":false},"excerpt":{"rendered":"<p>Artur Unger Lounge MOTORWORLD Village Metzingen The Artur Unger Lounge on the grounds of Motorworld Village Metzingen is an inviting location with plenty of space for special moments. Dedicated to [&hellip;]<\/p>\n","protected":false},"author":1,"featured_media":0,"parent":89149,"menu_order":0,"comment_status":"closed","ping_status":"closed","template":"","meta":{"_acf_changed":false,"footnotes":""},"categories":[1],"class_list":["post-121159","page","type-page","status-publish","hentry","category-unkategorisiert"],"acf":[],"_links":{"self":[{"href":"https:\/\/motorworld.de\/en\/wp-json\/wp\/v2\/pages\/121159","targetHints":{"allow":["GET"]}}],"collection":[{"href":"https:\/\/motorworld.de\/en\/wp-json\/wp\/v2\/pages"}],"about":[{"href":"https:\/\/motorworld.de\/en\/wp-json\/wp\/v2\/types\/page"}],"author":[{"embeddable":true,"href":"https:\/\/motorworld.de\/en\/wp-json\/wp\/v2\/users\/1"}],"replies":[{"embeddable":true,"href":"https:\/\/motorworld.de\/en\/wp-json\/wp\/v2\/comments?post=121159"}],"version-history":[{"count":0,"href":"https:\/\/motorworld.de\/en\/wp-json\/wp\/v2\/pages\/121159\/revisions"}],"up":[{"embeddable":true,"href":"https:\/\/motorworld.de\/en\/wp-json\/wp\/v2\/pages\/89149"}],"wp:attachment":[{"href":"https:\/\/motorworld.de\/en\/wp-json\/wp\/v2\/media?parent=121159"}],"wp:term":[{"taxonomy":"category","embeddable":true,"href":"https:\/\/motorworld.de\/en\/wp-json\/wp\/v2\/categories?post=121159"}],"curies":[{"name":"wp","href":"https:\/\/api.w.org\/{rel}","templated":true}]}}