{"id":121152,"date":"2024-03-20T21:59:08","date_gmt":"2024-03-20T20:59:08","guid":{"rendered":"https:\/\/motorworld.de\/metzingen\/eventlocations\/green-box\/"},"modified":"2025-10-28T10:11:57","modified_gmt":"2025-10-28T09:11:57","slug":"green-box","status":"publish","type":"page","link":"https:\/\/motorworld.de\/en\/metzingen\/eventlocations\/green-box\/","title":{"rendered":"Green Box"},"content":{"rendered":"\t\t<div data-elementor-type=\"wp-page\" data-elementor-id=\"121152\" class=\"elementor elementor-121152 elementor-107473\" data-elementor-post-type=\"page\">\n\t\t\t\t<div class=\"elementor-element elementor-element-58dba93 e-flex e-con-boxed e-con e-parent\" data-id=\"58dba93\" data-element_type=\"container\" data-e-type=\"container\" data-settings=\"{&quot;background_background&quot;:&quot;classic&quot;}\">\n\t\t\t\t\t<div class=\"e-con-inner\">\n\t\t\t\t<div class=\"elementor-element elementor-element-9152014 elementor-widget elementor-widget-wp-widget-bcn_widget\" data-id=\"9152014\" data-element_type=\"widget\" data-e-type=\"widget\" data-widget_type=\"wp-widget-bcn_widget.default\">\n\t\t\t\t<div class=\"elementor-widget-container\">\n\t\t\t\t\t<div class=\"breadcrumbs\" vocab=\"https:\/\/schema.org\/\" typeof=\"BreadcrumbList\"><span property=\"itemListElement\" typeof=\"ListItem\"><a property=\"item\" typeof=\"WebPage\" title=\"Go to Motorworld Eventlocations.\" href=\"https:\/\/motorworld.de\/\" class=\"home\" aria-current=\"page\"><span property=\"name\">Home<\/span><\/a><meta property=\"position\" content=\"1\"><\/span><\/div>\t\t\t\t<\/div>\n\t\t\t\t<\/div>\n\t\t\t\t\t<\/div>\n\t\t\t\t<\/div>\n\t\t<div class=\"elementor-element elementor-element-500f265 e-flex e-con-boxed e-con e-parent\" data-id=\"500f265\" data-element_type=\"container\" data-e-type=\"container\" data-settings=\"{&quot;background_background&quot;:&quot;classic&quot;}\">\n\t\t\t\t\t<div class=\"e-con-inner\">\n\t\t<div class=\"elementor-element elementor-element-e90f7aa e-con-full e-flex e-con e-child\" data-id=\"e90f7aa\" data-element_type=\"container\" data-e-type=\"container\">\n\t\t\t\t<div class=\"elementor-element elementor-element-dca626c elementor-widget elementor-widget-image\" data-id=\"dca626c\" data-element_type=\"widget\" data-e-type=\"widget\" data-widget_type=\"image.default\">\n\t\t\t\t<div class=\"elementor-widget-container\">\n\t\t\t\t\t\t\t\t\t\t\t\t\t\t\t<img fetchpriority=\"high\" decoding=\"async\" width=\"2400\" height=\"1600\" src=\"https:\/\/motorworld.de\/wp-content\/uploads\/2024\/11\/G08_Metzingen_Container_Oktober-24_____-10-jpg.webp\" class=\"attachment-full size-full wp-image-117823\" alt=\"Light-flooded event location with high windows, industrial charm and hanging plants for events\" \/>\t\t\t\t\t\t\t\t\t\t\t\t\t\t\t<\/div>\n\t\t\t\t<\/div>\n\t\t<div class=\"elementor-element elementor-element-547fc8c e-con-full e-flex e-con e-child\" data-id=\"547fc8c\" data-element_type=\"container\" data-e-type=\"container\">\n\t\t<div class=\"elementor-element elementor-element-7e8567e e-con-full e-flex e-con e-child\" data-id=\"7e8567e\" data-element_type=\"container\" data-e-type=\"container\">\n\t\t\t\t<div class=\"elementor-element elementor-element-2649061 elementor-widget elementor-widget-heading\" data-id=\"2649061\" data-element_type=\"widget\" data-e-type=\"widget\" data-widget_type=\"heading.default\">\n\t\t\t\t<div class=\"elementor-widget-container\">\n\t\t\t\t\t<h2 class=\"elementor-heading-title elementor-size-default\"><span style=\"font-weight:700\">Green Box<\/span> <br>MOTORWORLD Village Metzingen<\/h2>\t\t\t\t<\/div>\n\t\t\t\t<\/div>\n\t\t\t\t<div class=\"elementor-element elementor-element-5dac3a0 elementor-widget elementor-widget-text-editor\" data-id=\"5dac3a0\" data-element_type=\"widget\" data-e-type=\"widget\" data-widget_type=\"text-editor.default\">\n\t\t\t\t<div class=\"elementor-widget-container\">\n\t\t\t\t\t\t\t\t\t<p><strong>The Green Box at Motorworld Village Metzingen is a unique event venue with an industrial aesthetic. With an area of 213 m\u00b2, it offers space for meetings and celebrations in the style of a lost place.  <\/strong><\/p><p>There is also a 39 m\u00b2 gallery. The two shipping containers integrated into the room give the Green Box an unconventional touch. Perfect for business meetings or private events, the Green Box with its unique ambience creates an inspiring environment for creative ideas and special events. Use this extraordinary location for memorable meetings and celebrations.   <\/p>\t\t\t\t\t\t\t\t<\/div>\n\t\t\t\t<\/div>\n\t\t<div class=\"elementor-element elementor-element-0bf1f0e e-flex e-con-boxed e-con e-child\" data-id=\"0bf1f0e\" data-element_type=\"container\" data-e-type=\"container\">\n\t\t\t\t\t<div class=\"e-con-inner\">\n\t\t\t\t<div class=\"elementor-element elementor-element-24f868e elementor-align-left elementor-widget elementor-widget-button\" data-id=\"24f868e\" data-element_type=\"widget\" data-e-type=\"widget\" data-widget_type=\"button.default\">\n\t\t\t\t<div class=\"elementor-widget-container\">\n\t\t\t\t\t\t\t\t\t<div class=\"elementor-button-wrapper\">\n\t\t\t\t\t<a class=\"elementor-button elementor-button-link elementor-size-sm\" href=\"https:\/\/kontakt.motorworld.de\/\">\n\t\t\t\t\t\t<span class=\"elementor-button-content-wrapper\">\n\t\t\t\t\t\t\t\t\t<span class=\"elementor-button-text\">Your Enquiry<\/span>\n\t\t\t\t\t<\/span>\n\t\t\t\t\t<\/a>\n\t\t\t\t<\/div>\n\t\t\t\t\t\t\t\t<\/div>\n\t\t\t\t<\/div>\n\t\t\t\t\t<\/div>\n\t\t\t\t<\/div>\n\t\t\t\t<\/div>\n\t\t<div class=\"elementor-element elementor-element-6c90d88 e-con-full e-flex e-con e-child\" data-id=\"6c90d88\" data-element_type=\"container\" data-e-type=\"container\">\n\t\t\t\t<div class=\"elementor-element elementor-element-5266423 elementor-widget elementor-widget-image\" data-id=\"5266423\" data-element_type=\"widget\" data-e-type=\"widget\" data-widget_type=\"image.default\">\n\t\t\t\t<div class=\"elementor-widget-container\">\n\t\t\t\t\t\t\t\t\t\t\t\t\t\t\t\t<a href=\"https:\/\/motorworld.de\/en\/metzingen\/\">\n\t\t\t\t\t\t\t<img decoding=\"async\" width=\"526\" height=\"112\" src=\"https:\/\/motorworld.de\/wp-content\/uploads\/2023\/02\/motorworld-village-metzingen.svg\" class=\"attachment-large size-large wp-image-88099\" alt=\"\" \/>\t\t\t\t\t\t\t\t<\/a>\n\t\t\t\t\t\t\t\t\t\t\t\t\t\t\t<\/div>\n\t\t\t\t<\/div>\n\t\t\t\t<div class=\"elementor-element elementor-element-d6133bd elementor-align-start elementor-icon-list--layout-traditional elementor-list-item-link-full_width elementor-widget elementor-widget-icon-list\" data-id=\"d6133bd\" data-element_type=\"widget\" data-e-type=\"widget\" data-widget_type=\"icon-list.default\">\n\t\t\t\t<div class=\"elementor-widget-container\">\n\t\t\t\t\t\t\t<ul class=\"elementor-icon-list-items\">\n\t\t\t\t\t\t\t<li class=\"elementor-icon-list-item\">\n\t\t\t\t\t\t\t\t\t\t\t<a href=\"tel:+49%207123%209683918\">\n\n\t\t\t\t\t\t\t\t\t\t\t<span class=\"elementor-icon-list-text\">Phone +49 7123 9683918<\/span>\n\t\t\t\t\t\t\t\t\t\t\t<\/a>\n\t\t\t\t\t\t\t\t\t<\/li>\n\t\t\t\t\t\t\t\t<li class=\"elementor-icon-list-item\">\n\t\t\t\t\t\t\t\t\t\t\t<a href=\"mailto:events-metzingen@motorworld.de\">\n\n\t\t\t\t\t\t\t\t\t\t\t<span class=\"elementor-icon-list-text\">events-metzingen@motorworld.de<\/span>\n\t\t\t\t\t\t\t\t\t\t\t<\/a>\n\t\t\t\t\t\t\t\t\t<\/li>\n\t\t\t\t\t\t\t\t<li class=\"elementor-icon-list-item\">\n\t\t\t\t\t\t\t\t\t\t\t<a href=\"https:\/\/maps.app.goo.gl\/sXYfuiivaR6VLHvD6\" target=\"_blank\" rel=\"noopener\">\n\n\t\t\t\t\t\t\t\t\t\t\t<span class=\"elementor-icon-list-text\">Location Google Maps \u203a<\/span>\n\t\t\t\t\t\t\t\t\t\t\t<\/a>\n\t\t\t\t\t\t\t\t\t<\/li>\n\t\t\t\t\t\t<\/ul>\n\t\t\t\t\t\t<\/div>\n\t\t\t\t<\/div>\n\t\t\t\t<\/div>\n\t\t\t\t<\/div>\n\t\t\t\t<\/div>\n\t\t\t\t\t<\/div>\n\t\t\t\t<\/div>\n\t\t<div class=\"elementor-element elementor-element-e550273 e-flex e-con-boxed e-con e-parent\" data-id=\"e550273\" data-element_type=\"container\" data-e-type=\"container\">\n\t\t\t\t\t<div class=\"e-con-inner\">\n\t\t<div class=\"elementor-element elementor-element-a96311c e-con-full e-flex e-con e-child\" data-id=\"a96311c\" data-element_type=\"container\" data-e-type=\"container\">\n\t\t\t\t<div class=\"elementor-element elementor-element-4261f21 elementor-widget elementor-widget-shortcode\" data-id=\"4261f21\" data-element_type=\"widget\" data-e-type=\"widget\" data-widget_type=\"shortcode.default\">\n\t\t\t\t<div class=\"elementor-widget-container\">\n\t\t\t\t\t\t\t<div class=\"elementor-shortcode\">\n<table id=\"tablepress-75\" class=\"tablepress tablepress-id-75\">\n<thead>\n<tr class=\"row-1\">\n\t<th class=\"column-1\"><strong>Location<\/strong><\/th><th class=\"column-2\"><strong>Gr\u00f6\u00dfe<\/strong><\/th><th class=\"column-3\"><strong>Pers. max.<\/strong><\/th><th class=\"column-4\"><strong>Reihe<\/strong><\/th><th class=\"column-5\"><strong>Bankett A<\/strong><\/th><th class=\"column-6\"><strong>Bankett B<\/strong><\/th><th class=\"column-7\"><strong>Parlament<\/strong><\/th><th class=\"column-8\"><strong>Technikbuch<\/strong><\/th><th class=\"column-9\"><img decoding=\"async\" src=\"https:\/\/motorworld.de\/wp-content\/uploads\/2023\/02\/360grad-button5.png\" alt=\"\" width=\"40\"   \/><\/th>\n<\/tr>\n<\/thead>\n<tbody class=\"row-striping row-hover\">\n<tr class=\"row-2\">\n\t<td class=\"column-1\"><strong>Green Box<\/strong><br \/>\r\nGeb\u00e4ude 8<\/td><td class=\"column-2\">254 m\u00b2<\/td><td class=\"column-3\">150<\/td><td class=\"column-4\"><a style=\"color: var( --e-global-color-accent ); white-space:nowrap\" href=\"\/wp-content\/uploads\/2024\/11\/MW_G8_Reihenbestuhlung.pdf\" target=\"_blank\" rel=\"noopener\">168<img decoding=\"async\" style=\"width:20px; height:auto; padding:2px 0 2px 0px\" src=\"\/wp-content\/uploads\/2022\/09\/arrow-icon-2.svg\" \/><\/a><\/td><td class=\"column-5\"><a style=\"color: var( --e-global-color-accent ); white-space:nowrap\" href=\"\/wp-content\/uploads\/2024\/11\/MW_G8_Bankett_eckig.pdf\" target=\"_blank\" rel=\"noopener\">158<img decoding=\"async\" style=\"width:20px; height:auto; padding:2px 0 2px 0px\" src=\"\/wp-content\/uploads\/2022\/09\/arrow-icon-2.svg\" \/><\/a><\/td><td class=\"column-6\"><a style=\"color: var( --e-global-color-accent ); white-space:nowrap\" href=\"\/wp-content\/uploads\/2024\/11\/MW_G8_Bankett_rund.pdf\" target=\"_blank\" rel=\"noopener\">112<img decoding=\"async\" style=\"width:20px; height:auto; padding:2px 0 2px 0px\" src=\"\/wp-content\/uploads\/2022\/09\/arrow-icon-2.svg\" \/><\/a><\/td><td class=\"column-7\"><a style=\"color: var( --e-global-color-accent ); white-space:nowrap\" href=\"\/wp-content\/uploads\/2024\/11\/MWM_G8_parlamentarischMittelgang.pdf\" target=\"_blank\" rel=\"noopener\">60<img decoding=\"async\" style=\"width:20px; height:auto; padding:2px 0 2px 0px\" src=\"\/wp-content\/uploads\/2022\/09\/arrow-icon-2.svg\" \/><\/a><\/td><td class=\"column-8\"><a href=\"\/wp-content\/uploads\/2025\/07\/Technikhandbuch_Gebaeude-8_Green-Box_280725_vj.pdf\" target=\"_blank\" rel=\"noopener noreferrer\" style=\"white-space: nowrap;\">Technikbuch \u203a<\/a><\/td><td class=\"column-9\"><a href=\"https:\/\/my.mpskin.com\/tour\/mctwm8rf7q?play=1&amp;sr=3.01,1.27&amp;ss=297\" target=\"_blank\" rel=\"noopener noreferrer\" style=\"white-space: nowrap;\"><img decoding=\"async\" src=\"https:\/\/motorworld.de\/wp-content\/uploads\/2023\/02\/360grad-button5.png\" alt=\"360\u00b0 Icon\" width=\"40\"   \/><\/a><\/td>\n<\/tr>\n<\/tbody>\n<\/table>\n<!-- #tablepress-75 from cache --><\/div>\n\t\t\t\t\t\t<\/div>\n\t\t\t\t<\/div>\n\t\t\t\t<\/div>\n\t\t\t\t\t<\/div>\n\t\t\t\t<\/div>\n\t\t<div class=\"elementor-element elementor-element-4a2971b e-flex e-con-boxed e-con e-parent\" data-id=\"4a2971b\" data-element_type=\"container\" data-e-type=\"container\">\n\t\t\t\t\t<div class=\"e-con-inner\">\n\t\t<div class=\"elementor-element elementor-element-3e1e384 e-con-full e-flex e-con e-child\" data-id=\"3e1e384\" data-element_type=\"container\" data-e-type=\"container\">\n\t\t\t\t<div class=\"elementor-element elementor-element-adec6db elementor-widget elementor-widget-gallery\" data-id=\"adec6db\" data-element_type=\"widget\" data-e-type=\"widget\" data-settings=\"{&quot;columns&quot;:3,&quot;lazyload&quot;:&quot;yes&quot;,&quot;gallery_layout&quot;:&quot;grid&quot;,&quot;columns_tablet&quot;:2,&quot;columns_mobile&quot;:1,&quot;gap&quot;:{&quot;unit&quot;:&quot;px&quot;,&quot;size&quot;:10,&quot;sizes&quot;:[]},&quot;gap_laptop&quot;:{&quot;unit&quot;:&quot;px&quot;,&quot;size&quot;:10,&quot;sizes&quot;:[]},&quot;gap_tablet_extra&quot;:{&quot;unit&quot;:&quot;px&quot;,&quot;size&quot;:10,&quot;sizes&quot;:[]},&quot;gap_tablet&quot;:{&quot;unit&quot;:&quot;px&quot;,&quot;size&quot;:10,&quot;sizes&quot;:[]},&quot;gap_mobile&quot;:{&quot;unit&quot;:&quot;px&quot;,&quot;size&quot;:10,&quot;sizes&quot;:[]},&quot;link_to&quot;:&quot;file&quot;,&quot;aspect_ratio&quot;:&quot;3:2&quot;,&quot;overlay_background&quot;:&quot;yes&quot;,&quot;content_hover_animation&quot;:&quot;fade-in&quot;}\" data-widget_type=\"gallery.default\">\n\t\t\t\t<div class=\"elementor-widget-container\">\n\t\t\t\t\t\t\t<div class=\"elementor-gallery__container\">\n\t\t\t\t\t\t\t<a class=\"e-gallery-item elementor-gallery-item elementor-animated-content\" href=\"https:\/\/motorworld.de\/wp-content\/uploads\/2025\/05\/green-box-metzingen-3.jpg\" data-elementor-open-lightbox=\"yes\" data-elementor-lightbox-slideshow=\"adec6db\" data-e-action-hash=\"#elementor-action%3Aaction%3Dlightbox%26settings%3DeyJpZCI6MTI3NzQ0LCJ1cmwiOiJodHRwczpcL1wvbW90b3J3b3JsZC5kZVwvd3AtY29udGVudFwvdXBsb2Fkc1wvMjAyNVwvMDVcL2dyZWVuLWJveC1tZXR6aW5nZW4tMy5qcGciLCJzbGlkZXNob3ciOiJhZGVjNmRiIn0%3D\">\n\t\t\t\t\t<div class=\"e-gallery-image elementor-gallery-item__image\" data-thumbnail=\"https:\/\/motorworld.de\/wp-content\/uploads\/2025\/05\/green-box-metzingen-3-768x432.jpg\" data-width=\"768\" data-height=\"432\" aria-label=\"Large, bright event location with high windows, white tables and black seating for a festive event\" role=\"img\" ><\/div>\n\t\t\t\t\t\t\t\t\t\t\t<div class=\"elementor-gallery-item__overlay\"><\/div>\n\t\t\t\t\t\t\t\t\t\t\t\t\t\t<\/a>\n\t\t\t\t\t\t\t<a class=\"e-gallery-item elementor-gallery-item elementor-animated-content\" href=\"https:\/\/motorworld.de\/wp-content\/uploads\/2024\/03\/7_Kueche-jpg.webp\" data-elementor-open-lightbox=\"yes\" data-elementor-lightbox-slideshow=\"adec6db\" data-e-action-hash=\"#elementor-action%3Aaction%3Dlightbox%26settings%3DeyJpZCI6MTA3NjcxLCJ1cmwiOiJodHRwczpcL1wvbW90b3J3b3JsZC5kZVwvd3AtY29udGVudFwvdXBsb2Fkc1wvMjAyNFwvMDNcLzdfS3VlY2hlLWpwZy53ZWJwIiwic2xpZGVzaG93IjoiYWRlYzZkYiJ9\">\n\t\t\t\t\t<div class=\"e-gallery-image elementor-gallery-item__image\" data-thumbnail=\"https:\/\/motorworld.de\/wp-content\/uploads\/2024\/03\/7_Kueche-768x512.webp\" data-width=\"768\" data-height=\"512\" aria-label=\"Modern event location with orange staircase and minimalist kitchen in industrial hall\" role=\"img\" ><\/div>\n\t\t\t\t\t\t\t\t\t\t\t<div class=\"elementor-gallery-item__overlay\"><\/div>\n\t\t\t\t\t\t\t\t\t\t\t\t\t\t<\/a>\n\t\t\t\t\t\t\t<a class=\"e-gallery-item elementor-gallery-item elementor-animated-content\" href=\"https:\/\/motorworld.de\/wp-content\/uploads\/2025\/09\/G08_Rundtischbestuhlung_photoshop_cMonster-2.jpg\" data-elementor-open-lightbox=\"yes\" data-elementor-lightbox-slideshow=\"adec6db\" data-e-action-hash=\"#elementor-action%3Aaction%3Dlightbox%26settings%3DeyJpZCI6MTM1NjU4LCJ1cmwiOiJodHRwczpcL1wvbW90b3J3b3JsZC5kZVwvd3AtY29udGVudFwvdXBsb2Fkc1wvMjAyNVwvMDlcL0cwOF9SdW5kdGlzY2hiZXN0dWhsdW5nX3Bob3Rvc2hvcF9jTW9uc3Rlci0yLmpwZyIsInNsaWRlc2hvdyI6ImFkZWM2ZGIifQ%3D%3D\">\n\t\t\t\t\t<div class=\"e-gallery-image elementor-gallery-item__image\" data-thumbnail=\"https:\/\/motorworld.de\/wp-content\/uploads\/2025\/09\/G08_Rundtischbestuhlung_photoshop_cMonster-2-768x1024.jpg\" data-width=\"768\" data-height=\"1024\" aria-label=\"Large function room with high windows and industrial charm, furnished with several round tables with black tablecloths and black chairs, as well as stacked Jenga towers on the tables; hanging green and red leaf shapes from the ceiling and a drum group and a motorcycle in the background.\" role=\"img\" ><\/div>\n\t\t\t\t\t\t\t\t\t\t\t<div class=\"elementor-gallery-item__overlay\"><\/div>\n\t\t\t\t\t\t\t\t\t\t\t\t\t\t<\/a>\n\t\t\t\t\t\t\t<a class=\"e-gallery-item elementor-gallery-item elementor-animated-content\" href=\"https:\/\/motorworld.de\/wp-content\/uploads\/2024\/11\/G08_Metzingen_Container_Oktober-24_____-10-jpg.webp\" data-elementor-open-lightbox=\"yes\" data-elementor-lightbox-slideshow=\"adec6db\" data-e-action-hash=\"#elementor-action%3Aaction%3Dlightbox%26settings%3DeyJpZCI6MTE3ODIzLCJ1cmwiOiJodHRwczpcL1wvbW90b3J3b3JsZC5kZVwvd3AtY29udGVudFwvdXBsb2Fkc1wvMjAyNFwvMTFcL0cwOF9NZXR6aW5nZW5fQ29udGFpbmVyX09rdG9iZXItMjRfX19fXy0xMC1qcGcud2VicCIsInNsaWRlc2hvdyI6ImFkZWM2ZGIifQ%3D%3D\">\n\t\t\t\t\t<div class=\"e-gallery-image elementor-gallery-item__image\" data-thumbnail=\"https:\/\/motorworld.de\/wp-content\/uploads\/2024\/11\/G08_Metzingen_Container_Oktober-24_____-10-768x512.webp\" data-width=\"768\" data-height=\"512\" aria-label=\"Light-flooded event location with high windows, industrial charm and hanging plants for events\" role=\"img\" ><\/div>\n\t\t\t\t\t\t\t\t\t\t\t<div class=\"elementor-gallery-item__overlay\"><\/div>\n\t\t\t\t\t\t\t\t\t\t\t\t\t\t<\/a>\n\t\t\t\t\t\t\t<a class=\"e-gallery-item elementor-gallery-item elementor-animated-content\" href=\"https:\/\/motorworld.de\/wp-content\/uploads\/2024\/03\/19_Empore-jpg.webp\" data-elementor-open-lightbox=\"yes\" data-elementor-lightbox-slideshow=\"adec6db\" data-e-action-hash=\"#elementor-action%3Aaction%3Dlightbox%26settings%3DeyJpZCI6MTA3NjgwLCJ1cmwiOiJodHRwczpcL1wvbW90b3J3b3JsZC5kZVwvd3AtY29udGVudFwvdXBsb2Fkc1wvMjAyNFwvMDNcLzE5X0VtcG9yZS1qcGcud2VicCIsInNsaWRlc2hvdyI6ImFkZWM2ZGIifQ%3D%3D\">\n\t\t\t\t\t<div class=\"e-gallery-image elementor-gallery-item__image\" data-thumbnail=\"https:\/\/motorworld.de\/wp-content\/uploads\/2024\/03\/19_Empore-768x512.webp\" data-width=\"768\" data-height=\"512\" aria-label=\"Industrial hall as a modern event location with plenty of daylight, glass walls and an urban ambience\" role=\"img\" ><\/div>\n\t\t\t\t\t\t\t\t\t\t\t<div class=\"elementor-gallery-item__overlay\"><\/div>\n\t\t\t\t\t\t\t\t\t\t\t\t\t\t<\/a>\n\t\t\t\t\t\t\t<a class=\"e-gallery-item elementor-gallery-item elementor-animated-content\" href=\"https:\/\/motorworld.de\/wp-content\/uploads\/2025\/09\/G08_Tafeltischbestuhlung_cAichelinTagung-9.jpg\" data-elementor-open-lightbox=\"yes\" data-elementor-lightbox-slideshow=\"adec6db\" data-e-action-hash=\"#elementor-action%3Aaction%3Dlightbox%26settings%3DeyJpZCI6MTM1NjU5LCJ1cmwiOiJodHRwczpcL1wvbW90b3J3b3JsZC5kZVwvd3AtY29udGVudFwvdXBsb2Fkc1wvMjAyNVwvMDlcL0cwOF9UYWZlbHRpc2NoYmVzdHVobHVuZ19jQWljaGVsaW5UYWd1bmctOS5qcGciLCJzbGlkZXNob3ciOiJhZGVjNmRiIn0%3D\">\n\t\t\t\t\t<div class=\"e-gallery-image elementor-gallery-item__image\" data-thumbnail=\"https:\/\/motorworld.de\/wp-content\/uploads\/2025\/09\/G08_Tafeltischbestuhlung_cAichelinTagung-9-768x432.jpg\" data-width=\"768\" data-height=\"432\" aria-label=\"Large industrial room with high windows, in which there are three long, festively laid tables with white tablecloths and black chairs, a steel staircase leads to a gallery, above which green and red decorative leaf shapes hang from the ceiling.\" role=\"img\" ><\/div>\n\t\t\t\t\t\t\t\t\t\t\t<div class=\"elementor-gallery-item__overlay\"><\/div>\n\t\t\t\t\t\t\t\t\t\t\t\t\t\t<\/a>\n\t\t\t\t\t\t\t<a class=\"e-gallery-item elementor-gallery-item elementor-animated-content\" href=\"https:\/\/motorworld.de\/wp-content\/uploads\/2024\/03\/24_Empore--jpg.webp\" data-elementor-open-lightbox=\"yes\" data-elementor-lightbox-slideshow=\"adec6db\" data-e-action-hash=\"#elementor-action%3Aaction%3Dlightbox%26settings%3DeyJpZCI6MTA3Njg2LCJ1cmwiOiJodHRwczpcL1wvbW90b3J3b3JsZC5kZVwvd3AtY29udGVudFwvdXBsb2Fkc1wvMjAyNFwvMDNcLzI0X0VtcG9yZS0tanBnLndlYnAiLCJzbGlkZXNob3ciOiJhZGVjNmRiIn0%3D\">\n\t\t\t\t\t<div class=\"e-gallery-image elementor-gallery-item__image\" data-thumbnail=\"https:\/\/motorworld.de\/wp-content\/uploads\/2024\/03\/24_Empore--768x768.webp\" data-width=\"768\" data-height=\"768\" aria-label=\"Industrial event location with glass gallery, large windows and hanging plants for modern events\" role=\"img\" ><\/div>\n\t\t\t\t\t\t\t\t\t\t\t<div class=\"elementor-gallery-item__overlay\"><\/div>\n\t\t\t\t\t\t\t\t\t\t\t\t\t\t<\/a>\n\t\t\t\t\t\t\t<a class=\"e-gallery-item elementor-gallery-item elementor-animated-content\" href=\"https:\/\/motorworld.de\/wp-content\/uploads\/2025\/09\/G08_Tafeltischbestuhlung_cAichelinTagung-6.jpg\" data-elementor-open-lightbox=\"yes\" data-elementor-lightbox-slideshow=\"adec6db\" data-e-action-hash=\"#elementor-action%3Aaction%3Dlightbox%26settings%3DeyJpZCI6MTM1NjYwLCJ1cmwiOiJodHRwczpcL1wvbW90b3J3b3JsZC5kZVwvd3AtY29udGVudFwvdXBsb2Fkc1wvMjAyNVwvMDlcL0cwOF9UYWZlbHRpc2NoYmVzdHVobHVuZ19jQWljaGVsaW5UYWd1bmctNi5qcGciLCJzbGlkZXNob3ciOiJhZGVjNmRiIn0%3D\">\n\t\t\t\t\t<div class=\"e-gallery-image elementor-gallery-item__image\" data-thumbnail=\"https:\/\/motorworld.de\/wp-content\/uploads\/2025\/09\/G08_Tafeltischbestuhlung_cAichelinTagung-6-768x576.jpg\" data-width=\"768\" data-height=\"576\" aria-label=\"View from above into a large, industrially designed room with high windows, two long festively laid tables with black chairs and hanging large decorative leaf shapes in green and orange as well as green climbing plants.\" role=\"img\" ><\/div>\n\t\t\t\t\t\t\t\t\t\t\t<div class=\"elementor-gallery-item__overlay\"><\/div>\n\t\t\t\t\t\t\t\t\t\t\t\t\t\t<\/a>\n\t\t\t\t\t\t\t<a class=\"e-gallery-item elementor-gallery-item elementor-animated-content\" href=\"https:\/\/motorworld.de\/wp-content\/uploads\/2025\/09\/geb-08-metzingen-1.jpg\" data-elementor-open-lightbox=\"yes\" data-elementor-lightbox-slideshow=\"adec6db\" data-e-action-hash=\"#elementor-action%3Aaction%3Dlightbox%26settings%3DeyJpZCI6MTM1NzcxLCJ1cmwiOiJodHRwczpcL1wvbW90b3J3b3JsZC5kZVwvd3AtY29udGVudFwvdXBsb2Fkc1wvMjAyNVwvMDlcL2dlYi0wOC1tZXR6aW5nZW4tMS5qcGciLCJzbGlkZXNob3ciOiJhZGVjNmRiIn0%3D\">\n\t\t\t\t\t<div class=\"e-gallery-image elementor-gallery-item__image\" data-thumbnail=\"https:\/\/motorworld.de\/wp-content\/uploads\/2025\/09\/geb-08-metzingen-1-768x576.jpg\" data-width=\"768\" data-height=\"576\" aria-label=\"Industriell gestalteter, leerer Seminarraum mit mehreren rechteckigen wei\u00dfen Tischen, schwarzen St\u00fchlen und kleinen Pflanzen darauf, gro\u00dfe Fenster und eine schwarze Stahltreppe in der Raummitte, graue W\u00e4nde mit sichtbarem Beton und Leitungen.\" role=\"img\" ><\/div>\n\t\t\t\t\t\t\t\t\t\t\t<div class=\"elementor-gallery-item__overlay\"><\/div>\n\t\t\t\t\t\t\t\t\t\t\t\t\t\t<\/a>\n\t\t\t\t\t\t\t<a class=\"e-gallery-item elementor-gallery-item elementor-animated-content\" href=\"https:\/\/motorworld.de\/wp-content\/uploads\/2025\/10\/G08_Messe_c_LisaMaier-3.jpg\" data-elementor-open-lightbox=\"yes\" data-elementor-lightbox-slideshow=\"adec6db\" data-e-action-hash=\"#elementor-action%3Aaction%3Dlightbox%26settings%3DeyJpZCI6MTM4MzM1LCJ1cmwiOiJodHRwczpcL1wvbW90b3J3b3JsZC5kZVwvd3AtY29udGVudFwvdXBsb2Fkc1wvMjAyNVwvMTBcL0cwOF9NZXNzZV9jX0xpc2FNYWllci0zLmpwZyIsInNsaWRlc2hvdyI6ImFkZWM2ZGIifQ%3D%3D\">\n\t\t\t\t\t<div class=\"e-gallery-image elementor-gallery-item__image\" data-thumbnail=\"https:\/\/motorworld.de\/wp-content\/uploads\/2025\/10\/G08_Messe_c_LisaMaier-3-768x513.jpg\" data-width=\"768\" data-height=\"513\" aria-label=\"Innenraum einer Halle mit hohen Fenstern und h\u00e4ngenden Pflanzen, in der mehrere Menschen in Gruppen stehen und sich unterhalten, mit Ausstellungsst\u00e4nden und einem Popcorn-Automat in der Mitte des Raums.\" role=\"img\" ><\/div>\n\t\t\t\t\t\t\t\t\t\t\t<div class=\"elementor-gallery-item__overlay\"><\/div>\n\t\t\t\t\t\t\t\t\t\t\t\t\t\t<\/a>\n\t\t\t\t\t\t\t<a class=\"e-gallery-item elementor-gallery-item elementor-animated-content\" href=\"https:\/\/motorworld.de\/wp-content\/uploads\/2025\/10\/G08_Messe_c_LisaMaier-7.jpg\" data-elementor-open-lightbox=\"yes\" data-elementor-lightbox-slideshow=\"adec6db\" data-e-action-hash=\"#elementor-action%3Aaction%3Dlightbox%26settings%3DeyJpZCI6MTM4MzM2LCJ1cmwiOiJodHRwczpcL1wvbW90b3J3b3JsZC5kZVwvd3AtY29udGVudFwvdXBsb2Fkc1wvMjAyNVwvMTBcL0cwOF9NZXNzZV9jX0xpc2FNYWllci03LmpwZyIsInNsaWRlc2hvdyI6ImFkZWM2ZGIifQ%3D%3D\">\n\t\t\t\t\t<div class=\"e-gallery-image elementor-gallery-item__image\" data-thumbnail=\"https:\/\/motorworld.de\/wp-content\/uploads\/2025\/10\/G08_Messe_c_LisaMaier-7-768x512.jpg\" data-width=\"768\" data-height=\"512\" aria-label=\"M\u00e4nner stehen in einer Halle an einem Messestand mit schwarzer und gr\u00fcner Wand, auf der Emotive und weitere Logos zu sehen sind, einige M\u00e4nner tragen Rucks\u00e4cke oder Tragetaschen und einer zeigt nach vorne.\" role=\"img\" ><\/div>\n\t\t\t\t\t\t\t\t\t\t\t<div class=\"elementor-gallery-item__overlay\"><\/div>\n\t\t\t\t\t\t\t\t\t\t\t\t\t\t<\/a>\n\t\t\t\t\t<\/div>\n\t\t\t\t\t<\/div>\n\t\t\t\t<\/div>\n\t\t\t\t<\/div>\n\t\t\t\t\t<\/div>\n\t\t\t\t<\/div>\n\t\t\t\t<\/div>\n\t\t","protected":false},"excerpt":{"rendered":"<p>Green Box MOTORWORLD Village Metzingen The Green Box at Motorworld Village Metzingen is a unique event venue with an industrial aesthetic. With an area of 213 m\u00b2, it offers space [&hellip;]<\/p>\n","protected":false},"author":1,"featured_media":0,"parent":89149,"menu_order":0,"comment_status":"closed","ping_status":"closed","template":"","meta":{"_acf_changed":false,"footnotes":""},"categories":[1],"class_list":["post-121152","page","type-page","status-publish","hentry","category-unkategorisiert"],"acf":[],"_links":{"self":[{"href":"https:\/\/motorworld.de\/en\/wp-json\/wp\/v2\/pages\/121152","targetHints":{"allow":["GET"]}}],"collection":[{"href":"https:\/\/motorworld.de\/en\/wp-json\/wp\/v2\/pages"}],"about":[{"href":"https:\/\/motorworld.de\/en\/wp-json\/wp\/v2\/types\/page"}],"author":[{"embeddable":true,"href":"https:\/\/motorworld.de\/en\/wp-json\/wp\/v2\/users\/1"}],"replies":[{"embeddable":true,"href":"https:\/\/motorworld.de\/en\/wp-json\/wp\/v2\/comments?post=121152"}],"version-history":[{"count":0,"href":"https:\/\/motorworld.de\/en\/wp-json\/wp\/v2\/pages\/121152\/revisions"}],"up":[{"embeddable":true,"href":"https:\/\/motorworld.de\/en\/wp-json\/wp\/v2\/pages\/89149"}],"wp:attachment":[{"href":"https:\/\/motorworld.de\/en\/wp-json\/wp\/v2\/media?parent=121152"}],"wp:term":[{"taxonomy":"category","embeddable":true,"href":"https:\/\/motorworld.de\/en\/wp-json\/wp\/v2\/categories?post=121152"}],"curies":[{"name":"wp","href":"https:\/\/api.w.org\/{rel}","templated":true}]}}